{"id":1169,"date":"2018-10-09T15:39:31","date_gmt":"2018-10-09T19:39:31","guid":{"rendered":"http:\/\/nueva.cchen.cl\/?page_id=1169"},"modified":"2021-09-24T09:34:30","modified_gmt":"2021-09-24T13:34:30","slug":"circulares-2018","status":"publish","type":"page","link":"https:\/\/www.cchen.cl\/?page_id=1169","title":{"rendered":"Resoluciones 2018"},"content":{"rendered":"<h3>Resoluciones 2018<\/h3>\n<h4><strong>Norma de Seguridad NS-04.0, Requerimientos para la Autorizaci\u00f3n de Operaci\u00f3n de Instalaciones de Teleterapia con Aceleradores de Part\u00edculas<\/strong><\/h4>\n<ul>\n<li><a href=\"..\/..\/pdf\/resoluciones_dsnr\/2018\/Resolucion-Exenta-(DISNR)-N-018-18NS4.pdf\" target=\"_blank\" rel=\"noopener noreferrer\">Resoluci\u00f3n Exenta (DISNR) N\u00b0 018-18 (<span class=\"small\">731.77 kB<\/span>)<\/a><\/li>\n<li><a href=\"..\/..\/pdf\/resoluciones_dsnr\/2018\/NS-040-Aceleradores.pdf\" target=\"_blank\" rel=\"noopener noreferrer\">Norma de Seguridad NS-04.0, Requerimientos para la Autorizaci\u00f3n de Operaci\u00f3n de Instalaciones de Teleterapia con Aceleradores de Part\u00edculas (<span class=\"small\">2.08 MB<\/span>)<\/a><\/li>\n<\/ul>\n<hr \/>\n<h4>Norma de Seguridad NS-03.0, Contenido del Informe de Funcionamiento y Seguridad Radiol\u00f3gica<\/h4>\n<ul>\n<li><a href=\"..\/..\/pdf\/resoluciones_dsnr\/2018\/Resolucion-Exenta-(DISNR)-N-018-18NS3.pdf\" target=\"_blank\" rel=\"noopener noreferrer\">Resoluci\u00f3n Exenta (DISNR) N\u00b0 018-18 (<span class=\"small\">731.77 kB<\/span>)<\/a><\/li>\n<li><a href=\"..\/..\/pdf\/resoluciones_dsnr\/2018\/NS-030-Contenido-IFSR.pdf\" target=\"_blank\" rel=\"noopener noreferrer\">Norma de Seguridad NS-03.0, Contenido del Informe de Funcionamiento y Seguridad Radiol\u00f3gica (<span class=\"small\">2.56 MB<\/span>)<\/a><\/li>\n<\/ul>\n<hr \/>\n<h4>Norma de Seguridad NS-02.0, Criterios B\u00e1sicos de Protecci\u00f3n Radiol\u00f3gica<\/h4>\n<ul>\n<li><a href=\"http:\/\/nueva.cchen.cl\/pdf\/resoluciones_dsnr\/2018\/Resolucion-Exenta(DISNR)-N018-18-NS2.pdf\" target=\"_blank\" rel=\"noopener noreferrer\">Resoluci\u00f3n Exenta (DISNR) N\u00b0 018-18 (<span class=\"small\">731.77 kB<\/span>)<\/a><\/li>\n<li><a href=\"..\/..\/pdf\/resoluciones_dsnr\/2018\/NS-020-Criterios-Basicos-de-Proteccion-Radiologica.pdf\">Norma de Seguridad NS-02.0, Criterios B\u00e1sicos de Protecci\u00f3n Radiol\u00f3gica (<span class=\"small\">1.84 MB<\/span>)<\/a><\/li>\n<\/ul>\n","protected":false},"excerpt":{"rendered":"<p>Resoluciones 2018 Norma de Seguridad NS-04.0, Requerimientos para la Autorizaci\u00f3n de Operaci\u00f3n de Instalaciones de Teleterapia con Aceleradores de Part\u00edculas Resoluci\u00f3n Exenta (DISNR) N\u00b0 018-18 (731.77 kB) Norma de Seguridad NS-04.0, Requerimientos para la Autorizaci\u00f3n de Operaci\u00f3n de Instalaciones de Teleterapia con Aceleradores de Part\u00edculas (2.08 MB) Norma de Seguridad NS-03.0, Contenido del Informe de&#8230; <a class=\"read-more\" href=\"https:\/\/www.cchen.cl\/?page_id=1169\">Leer m\u00e1s >><\/a><\/p>\n","protected":false},"author":3,"featured_media":0,"parent":1154,"menu_order":0,"comment_status":"closed","ping_status":"closed","template":"seguridad-interior.php","meta":{"footnotes":"","_links_to":"","_links_to_target":""},"class_list":["post-1169","page","type-page","status-publish","hentry"],"_links":{"self":[{"href":"https:\/\/www.cchen.cl\/index.php?rest_route=\/wp\/v2\/pages\/1169","targetHints":{"allow":["GET"]}}],"collection":[{"href":"https:\/\/www.cchen.cl\/index.php?rest_route=\/wp\/v2\/pages"}],"about":[{"href":"https:\/\/www.cchen.cl\/index.php?rest_route=\/wp\/v2\/types\/page"}],"author":[{"embeddable":true,"href":"https:\/\/www.cchen.cl\/index.php?rest_route=\/wp\/v2\/users\/3"}],"replies":[{"embeddable":true,"href":"https:\/\/www.cchen.cl\/index.php?rest_route=%2Fwp%2Fv2%2Fcomments&post=1169"}],"version-history":[{"count":18,"href":"https:\/\/www.cchen.cl\/index.php?rest_route=\/wp\/v2\/pages\/1169\/revisions"}],"predecessor-version":[{"id":5842,"href":"https:\/\/www.cchen.cl\/index.php?rest_route=\/wp\/v2\/pages\/1169\/revisions\/5842"}],"up":[{"embeddable":true,"href":"https:\/\/www.cchen.cl\/index.php?rest_route=\/wp\/v2\/pages\/1154"}],"wp:attachment":[{"href":"https:\/\/www.cchen.cl\/index.php?rest_route=%2Fwp%2Fv2%2Fmedia&parent=1169"}],"curies":[{"name":"wp","href":"https:\/\/api.w.org\/{rel}","templated":true}]}}