{"id":140,"date":"2018-08-13T13:08:03","date_gmt":"2018-08-13T17:08:03","guid":{"rendered":"http:\/\/nueva.cchen.cl\/?page_id=140"},"modified":"2022-08-31T12:21:12","modified_gmt":"2022-08-31T16:21:12","slug":"actas-de-acuerdo","status":"publish","type":"page","link":"https:\/\/www.cchen.cl\/?page_id=140","title":{"rendered":"Acuerdos de Consejo 2021"},"content":{"rendered":"<table class=\"table\">\r\n<tbody>\r\n<tr>\r\n<td id=\"texto\" colspan=\"2\" align=\"justify\" valign=\"top\">\r\n\r\n<p><a href=\"https:\/\/www.cchen.cl\/pdf\/acuerdos_consejo\/Acuerdo_2404.pdf\" target=\"_blank\" rel=\"noopener\">Acuerdo 2404 <span style=\"font-weight: 400;\">Comisiones de servicio de funcionarios de la <abbr class='c2c-text-hover' title='Comisi\u00f3n Chilena de Energ\u00eda Nuclear.'>CCHEN<\/abbr><\/span><\/a><\/p>\r\n\r\n<p><a href=\"https:\/\/www.cchen.cl\/pdf\/acuerdos_consejo\/Acuerdo_2403.pdf\" target=\"_blank\" rel=\"noopener\">Acuerdo 2403 <span style=\"font-weight: 400;\">Bonificaci\u00f3n compensatoria para el personal de la <abbr class='c2c-text-hover' title='Comisi\u00f3n Chilena de Energ\u00eda Nuclear.'>CCHEN<\/abbr><\/span><\/a><\/p>\r\n\r\n<p><a href=\"https:\/\/www.cchen.cl\/pdf\/acuerdos_consejo\/Acuerdo_2402.pdf\" target=\"_blank\" rel=\"noopener\">Acuerdo 2402 <span style=\"font-weight: 400;\">Asignaci\u00f3n de modernizaci\u00f3n y nivelaci\u00f3n para el personal de la <abbr class='c2c-text-hover' title='Comisi\u00f3n Chilena de Energ\u00eda Nuclear.'>CCHEN<\/abbr><\/span><\/a><\/p>\r\n\r\n<p><a href=\"https:\/\/www.cchen.cl\/pdf\/acuerdos_consejo\/Acuerdo_2401.pdf\" target=\"_blank\" rel=\"noopener\">Acuerdo 2401 <span style=\"font-weight: 400;\">Aprueba org\u00e1nica institucional<\/span><\/a><\/p>\r\n\r\n\r\n<p><a href=\"http:\/\/www.cchen.cl\/wp-content\/uploads\/2021\/10\/2400-Autoriza-para-Comercializar-Litio-Bajo-las-Condiciones-que-se-Expresan.pdf\" target=\"_blank\" rel=\"noopener\">Acuerdo 2400 <span style=\"font-weight: 400;\">Autoriza para comercializar litio bajo las condiciones que se expresan\u00a0\u00a0<\/span><\/a><\/p>\r\n<p><a href=\"https:\/\/www.cchen.cl\/pdf\/acuerdos_consejo\/Acuerdo_2399.pdf\" target=\"_blank\" rel=\"noopener\">Acuerdo 2399 Aprueba nueva estructura DIAN y DICOR-END<\/a>\u00a0<\/p>\r\n<p><a href=\"https:\/\/www.cchen.cl\/pdf\/acuerdos_consejo\/Acuerdo_2398.pdf\" target=\"_blank\" rel=\"noopener\">Acuerdo 2398 Autoriza a Director Ejecutivo nombrar arbitro<\/a>\u00a0<\/p>\r\n<p><a href=\"https:\/\/www.cchen.cl\/pdf\/acuerdos_consejo\/Acuerdo_2397.pdf\" target=\"_blank\" rel=\"noopener\">Acuerdo 2397 Tarifario <abbr class='c2c-text-hover' title='Comisi\u00f3n Chilena de Energ\u00eda Nuclear.'>CCHEN<\/abbr> 2021<\/a>\u00a0<\/p>\r\n<p><a href=\"https:\/\/www.cchen.cl\/pdf\/acuerdos_consejo\/Acuerdo_2396.pdf\" target=\"_blank\" rel=\"noopener\">Acuerdo 2396 Delegaci\u00f3n de facultades al Director Ejecutivo <abbr class='c2c-text-hover' title='Comisi\u00f3n Chilena de Energ\u00eda Nuclear.'>CCHEN<\/abbr><\/a>\u00a0<\/p>\r\n<\/td>\r\n<\/tr>\r\n<\/tbody>\r\n<\/table>\r\n\r\n\r\n<p><\/p>\r\n","protected":false},"excerpt":{"rendered":"<p>Acuerdo 2404 Comisiones de servicio de funcionarios de la <abbr class='c2c-text-hover' title='Comisi\u00f3n Chilena de Energ\u00eda Nuclear.'>CCHEN<\/abbr> Acuerdo 2403 Bonificaci\u00f3n compensatoria para el personal de la <abbr class='c2c-text-hover' title='Comisi\u00f3n Chilena de Energ\u00eda Nuclear.'>CCHEN<\/abbr> Acuerdo 2402 Asignaci\u00f3n de modernizaci\u00f3n y nivelaci\u00f3n para el personal de la <abbr class='c2c-text-hover' title='Comisi\u00f3n Chilena de Energ\u00eda Nuclear.'>CCHEN<\/abbr> Acuerdo 2401 Aprueba org\u00e1nica institucional Acuerdo 2400 Autoriza para comercializar litio bajo las condiciones que se expresan\u00a0\u00a0 Acuerdo 2399 Aprueba nueva estructura&#8230; <a class=\"read-more\" href=\"https:\/\/www.cchen.cl\/?page_id=140\">Leer m\u00e1s >><\/a><\/p>\n","protected":false},"author":3,"featured_media":0,"parent":131,"menu_order":0,"comment_status":"closed","ping_status":"closed","template":"institucion-interior.php","meta":{"footnotes":"","_links_to":"","_links_to_target":""},"class_list":["post-140","page","type-page","status-publish","hentry"],"_links":{"self":[{"href":"https:\/\/www.cchen.cl\/index.php?rest_route=\/wp\/v2\/pages\/140","targetHints":{"allow":["GET"]}}],"collection":[{"href":"https:\/\/www.cchen.cl\/index.php?rest_route=\/wp\/v2\/pages"}],"about":[{"href":"https:\/\/www.cchen.cl\/index.php?rest_route=\/wp\/v2\/types\/page"}],"author":[{"embeddable":true,"href":"https:\/\/www.cchen.cl\/index.php?rest_route=\/wp\/v2\/users\/3"}],"replies":[{"embeddable":true,"href":"https:\/\/www.cchen.cl\/index.php?rest_route=%2Fwp%2Fv2%2Fcomments&post=140"}],"version-history":[{"count":19,"href":"https:\/\/www.cchen.cl\/index.php?rest_route=\/wp\/v2\/pages\/140\/revisions"}],"predecessor-version":[{"id":6933,"href":"https:\/\/www.cchen.cl\/index.php?rest_route=\/wp\/v2\/pages\/140\/revisions\/6933"}],"up":[{"embeddable":true,"href":"https:\/\/www.cchen.cl\/index.php?rest_route=\/wp\/v2\/pages\/131"}],"wp:attachment":[{"href":"https:\/\/www.cchen.cl\/index.php?rest_route=%2Fwp%2Fv2%2Fmedia&parent=140"}],"curies":[{"name":"wp","href":"https:\/\/api.w.org\/{rel}","templated":true}]}}