{"id":1499,"date":"2018-10-16T09:53:39","date_gmt":"2018-10-16T13:53:39","guid":{"rendered":"http:\/\/nueva.cchen.cl\/?page_id=1499"},"modified":"2018-10-31T12:54:11","modified_gmt":"2018-10-31T16:54:11","slug":"uranio-como-combustible-nuclear","status":"publish","type":"page","link":"https:\/\/www.cchen.cl\/?page_id=1499","title":{"rendered":"Uranio, como combustible nuclear"},"content":{"rendered":"<h3><b>El uranio: el combustible de los reactores nucleares de fisi\u00f3n<br \/>\n<\/b><\/h3>\n<p>El uranio 235 es el elemento m\u00e1s utilizado como combustible en los reactores nucleares. Sus n\u00facleos at\u00f3micos se pueden fisionar con neutrones de baja energ\u00eda.<\/p>\n<p>El uranio fue descubierto en 1789 por M. H. Klaproth que lo llam\u00f3 as\u00ed en honor del planeta Urano, que acababa de ser descubierto en 1781.<\/p>\n<p>El uranio \u00a0posee 92 protones y 92 electrones. Su n\u00facleo puede contener entre 142 y 146 neutrones, sus is\u00f3topos m\u00e1s abundantes son el uranio 238 que posee 146 neutrones y el uranio 235 con 143 neutrones.<\/p>\n<p>El uranio es levemente radiactivo y\u00a0 tiene el mayor peso at\u00f3mico de entre todos los elementos que se encuentran en la naturaleza. <b><br \/>\n<\/b><\/p>\n<p><img loading=\"lazy\" decoding=\"async\" class=\"alignnone  wp-image-2043 aligncenter\" src=\"https:\/\/www.cchen.cl\/wp-content\/uploads\/2018\/10\/uranio.jpg\" alt=\"\" width=\"286\" height=\"286\" srcset=\"https:\/\/www.cchen.cl\/wp-content\/uploads\/2018\/10\/uranio.jpg 400w, https:\/\/www.cchen.cl\/wp-content\/uploads\/2018\/10\/uranio-150x150.jpg 150w, https:\/\/www.cchen.cl\/wp-content\/uploads\/2018\/10\/uranio-300x300.jpg 300w\" sizes=\"auto, (max-width: 286px) 100vw, 286px\" \/><\/p>\n<p style=\"text-align: left;\"><strong>Porcentaje de abundancia de los is\u00f3topos del uranio<\/strong><\/p>\n<table class=\"table table-light table-hover aligncenter\">\n<thead>\n<tr>\n<th>Is\u00f3topo<\/th>\n<th>%<\/th>\n<th>A <small>N\u00famero m\u00e1sico<\/small><\/th>\n<\/tr>\n<\/thead>\n<tbody>\n<tr>\n<td>234 U<\/td>\n<td>0.0057<\/td>\n<td>234<\/td>\n<\/tr>\n<tr>\n<td>235 U<\/td>\n<td>0.72<\/td>\n<td>235<\/td>\n<\/tr>\n<tr>\n<td>238 U<\/td>\n<td>99.27<\/td>\n<td>238<\/td>\n<\/tr>\n<\/tbody>\n<\/table>\n","protected":false},"excerpt":{"rendered":"<p>El uranio: el combustible de los reactores nucleares de fisi\u00f3n El uranio 235 es el elemento m\u00e1s utilizado como combustible en los reactores nucleares. Sus n\u00facleos at\u00f3micos se pueden fisionar con neutrones de baja energ\u00eda. El uranio fue descubierto en 1789 por M. H. Klaproth que lo llam\u00f3 as\u00ed en honor del planeta Urano, que&#8230; <a class=\"read-more\" href=\"https:\/\/www.cchen.cl\/?page_id=1499\">Leer m\u00e1s >><\/a><\/p>\n","protected":false},"author":3,"featured_media":0,"parent":267,"menu_order":0,"comment_status":"closed","ping_status":"closed","template":"educacion-interior.php","meta":{"footnotes":"","_links_to":"","_links_to_target":""},"class_list":["post-1499","page","type-page","status-publish","hentry"],"_links":{"self":[{"href":"https:\/\/www.cchen.cl\/index.php?rest_route=\/wp\/v2\/pages\/1499","targetHints":{"allow":["GET"]}}],"collection":[{"href":"https:\/\/www.cchen.cl\/index.php?rest_route=\/wp\/v2\/pages"}],"about":[{"href":"https:\/\/www.cchen.cl\/index.php?rest_route=\/wp\/v2\/types\/page"}],"author":[{"embeddable":true,"href":"https:\/\/www.cchen.cl\/index.php?rest_route=\/wp\/v2\/users\/3"}],"replies":[{"embeddable":true,"href":"https:\/\/www.cchen.cl\/index.php?rest_route=%2Fwp%2Fv2%2Fcomments&post=1499"}],"version-history":[{"count":7,"href":"https:\/\/www.cchen.cl\/index.php?rest_route=\/wp\/v2\/pages\/1499\/revisions"}],"predecessor-version":[{"id":2044,"href":"https:\/\/www.cchen.cl\/index.php?rest_route=\/wp\/v2\/pages\/1499\/revisions\/2044"}],"up":[{"embeddable":true,"href":"https:\/\/www.cchen.cl\/index.php?rest_route=\/wp\/v2\/pages\/267"}],"wp:attachment":[{"href":"https:\/\/www.cchen.cl\/index.php?rest_route=%2Fwp%2Fv2%2Fmedia&parent=1499"}],"curies":[{"name":"wp","href":"https:\/\/api.w.org\/{rel}","templated":true}]}}