{"id":1509,"date":"2018-10-16T09:56:08","date_gmt":"2018-10-16T13:56:08","guid":{"rendered":"http:\/\/nueva.cchen.cl\/?page_id=1509"},"modified":"2020-07-07T14:51:39","modified_gmt":"2020-07-07T18:51:39","slug":"cuidado-con-los-mitos","status":"publish","type":"page","link":"https:\/\/www.cchen.cl\/?page_id=1509","title":{"rendered":"\u00a1Cuidado con los mitos!"},"content":{"rendered":"<h4>\u00bfUn reactor nuclear puede explotar como una bomba nuclear?<\/h4>\n<h3>FALSO<\/h3>\n<p>Es f\u00edsicamente imposible que un reactor nuclear pueda explotar como una bomba nuclear, pues se trata de aparatos, cuya ingenier\u00eda y dise\u00f1o, son absolutamente incompatibles el uno del otro. La concentraci\u00f3n de uranio en el reactor es demasiado baja para ser explosivo. Adem\u00e1s, durante su operaci\u00f3n, cuando la temperatura dentro del reactor alcanza un cierto nivel, el proceso de fisi\u00f3n se suprime naturalmente, por lo que la potencia no puede dispararse bajo ninguna circunstancia.<\/p>\n<h4><b>La energ\u00eda nuclear es sucia y su operaci\u00f3n da\u00f1a el medioambiente<\/b><\/h4>\n<h3><b>FALSO<\/b><\/h3>\n<p>La energ\u00eda nuclear es una de las fuentes m\u00e1s limpias de energ\u00eda, ya que los reactores nucleares no emiten gases de efecto invernadero durante su operaci\u00f3n, principales causantes del calentamiento global.<\/p>\n<p>Si se considera todo su ciclo de vida, los reactores nucleares son comparables en emisiones a la energ\u00eda e\u00f3lica o geot\u00e9rmica, y m\u00e1s bajas incluso que la solar, hidr\u00e1ulica y biomasa.<\/p>\n<p>La energ\u00eda nuclear produce significativamente menos contaminaci\u00f3n atmosf\u00e9rica que el consumo de combustibles f\u00f3siles para generaci\u00f3n de electricidad.<\/p>\n<h4><b>Los alimentos tratados con energ\u00eda ionizante quedan contaminados con radiaci\u00f3n y son nocivos para la salud humana<\/b><\/h4>\n<h3><b>FALSO<\/b><\/h3>\n<p>Aunque los alimentos tratados con energ\u00eda ionizante sean expuestos a una fuente radiactiva, no son radiactivos en s\u00ed mismos. Se ha demostrado en diversos estudios que son seguros para el consumo humano. Ajustadas las dosis, no existe evidencia de efectos da\u00f1inos en el cuerpo humano.<\/p>\n<p>El empleo de esta tecnolog\u00eda en los alimentos permite eliminar organismos que provocan enfermedades como Salmonella y Escherichia coli, destruir o inactivar aquellos que producen la descomposici\u00f3n, destruir insectos en las frutas, retrasando su maduraci\u00f3n y aumentando su duraci\u00f3n.<\/p>\n<h4><b>Los ex\u00e1menes m\u00e9dicos con radiaciones ionizantes afectan la salud de las personas<\/b><\/h4>\n<h3><b>FALSO<\/b><\/h3>\n<p>Ning\u00fan examen con radiaciones ionizantes es peligroso para la salud de las personas, puesto que las cantidades de radiaci\u00f3n que se utilizan son muy bajas, tanto en medicina nuclear como en radiograf\u00edas o scanner.<\/p>\n<p>Pese al temor que pueda generar someterse a este tipo de estudios, expertos coinciden en que la radiaci\u00f3n ionizante, cuando es empleada de forma precisa y controlada, es segura y eficaz para el diagn\u00f3stico y tratamiento de un amplio abanico de patolog\u00edas.<\/p>\n<p>&nbsp;<\/p>\n","protected":false},"excerpt":{"rendered":"<p>\u00bfUn reactor nuclear puede explotar como una bomba nuclear? FALSO Es f\u00edsicamente imposible que un reactor nuclear pueda explotar como una bomba nuclear, pues se trata de aparatos, cuya ingenier\u00eda y dise\u00f1o, son absolutamente incompatibles el uno del otro. La concentraci\u00f3n de uranio en el reactor es demasiado baja para ser explosivo. Adem\u00e1s, durante su&#8230; <a class=\"read-more\" href=\"https:\/\/www.cchen.cl\/?page_id=1509\">Leer m\u00e1s >><\/a><\/p>\n","protected":false},"author":3,"featured_media":0,"parent":267,"menu_order":0,"comment_status":"closed","ping_status":"closed","template":"educacion-interior.php","meta":{"footnotes":"","_links_to":"","_links_to_target":""},"class_list":["post-1509","page","type-page","status-publish","hentry"],"_links":{"self":[{"href":"https:\/\/www.cchen.cl\/index.php?rest_route=\/wp\/v2\/pages\/1509","targetHints":{"allow":["GET"]}}],"collection":[{"href":"https:\/\/www.cchen.cl\/index.php?rest_route=\/wp\/v2\/pages"}],"about":[{"href":"https:\/\/www.cchen.cl\/index.php?rest_route=\/wp\/v2\/types\/page"}],"author":[{"embeddable":true,"href":"https:\/\/www.cchen.cl\/index.php?rest_route=\/wp\/v2\/users\/3"}],"replies":[{"embeddable":true,"href":"https:\/\/www.cchen.cl\/index.php?rest_route=%2Fwp%2Fv2%2Fcomments&post=1509"}],"version-history":[{"count":7,"href":"https:\/\/www.cchen.cl\/index.php?rest_route=\/wp\/v2\/pages\/1509\/revisions"}],"predecessor-version":[{"id":2083,"href":"https:\/\/www.cchen.cl\/index.php?rest_route=\/wp\/v2\/pages\/1509\/revisions\/2083"}],"up":[{"embeddable":true,"href":"https:\/\/www.cchen.cl\/index.php?rest_route=\/wp\/v2\/pages\/267"}],"wp:attachment":[{"href":"https:\/\/www.cchen.cl\/index.php?rest_route=%2Fwp%2Fv2%2Fmedia&parent=1509"}],"curies":[{"name":"wp","href":"https:\/\/api.w.org\/{rel}","templated":true}]}}