{"id":153,"date":"2018-08-13T13:17:11","date_gmt":"2018-08-13T17:17:11","guid":{"rendered":"http:\/\/nueva.cchen.cl\/?page_id=153"},"modified":"2019-03-29T10:51:22","modified_gmt":"2019-03-29T14:51:22","slug":"instalaciones","status":"publish","type":"page","link":"https:\/\/www.cchen.cl\/?page_id=153","title":{"rendered":"Nuestras Instalaciones"},"content":{"rendered":"<p>La infraestructura institucional de la <abbr class='c2c-text-hover' title='Comisi\u00f3n Chilena de Energ\u00eda Nuclear.'>CCHEN<\/abbr> se despliega en tres sedes. El Centro de Estudios Nucleares La Reina (sede central), el Centro de Estudios Nucleares (CEN) Lo Aguirre y la Sede Amun\u00e1tegui, ubicada a pocas cuadras de La Moneda.<\/p>\n<p>Contamos con capacidades \u00fanicas en el pa\u00eds, puestas al servicio del sector p\u00fablico y privado, como asimismo al sistema acad\u00e9mico y al de la investigaci\u00f3n cient\u00edfica y tecnol\u00f3gica, a trav\u00e9s de diferentes mecanismos de trabajo conjunto e integrado.<\/p>\n<table>\n<tr>\n<td><figure id=\"attachment_726\" aria-describedby=\"caption-attachment-726\" style=\"width: 250px\" class=\"wp-caption alignright\"><a href=\"https:\/\/www.cchen.cl\/?page_id=156\"> <img decoding=\"async\" class=\"wp-image-726 size-full\" src=\"https:\/\/www.cchen.cl\/wp-content\/uploads\/2019\/03\/la_reinaINSTALACIONES.jpg\" alt=\"CEN La Reina\" \/><figcaption id=\"caption-attachment-726\" class=\"wp-caption-text\">Centro de Estudios Nucleares La Reina<\/figcaption><\/figure><\/a><\/td>\n<td><figure id=\"attachment_726\" aria-describedby=\"caption-attachment-726\" style=\"width: 250px\" class=\"wp-caption alignright\"><a href=\"https:\/\/www.cchen.cl\/?page_id=163\"> <img decoding=\"async\" class=\"wp-image-726 size-full\" src=\"https:\/\/www.cchen.cl\/wp-content\/uploads\/2019\/03\/lo_aguirreINSTALACIONES.jpg\" alt=\"CEN Lo Aguirre\" \/><figcaption id=\"caption-attachment-726\" class=\"wp-caption-text\">Centro de Estudios Nucleares Lo Aguirre<\/figcaption><\/figure><\/a><\/td>\n<td><figure id=\"attachment_726\" aria-describedby=\"caption-attachment-726\" style=\"width: 250px\" class=\"wp-caption alignright\"><a href=\"https:\/\/www.cchen.cl\/?page_id=3099\"> <img decoding=\"async\" class=\"wp-image-726 size-full\" src=\"https:\/\/www.cchen.cl\/wp-content\/uploads\/2019\/03\/amunategui.jpg\" alt=\"Sede Amun\u00e1tegui\" \/><figcaption id=\"caption-attachment-726\" class=\"wp-caption-text\">Sede Amun\u00e1tegui<\/figcaption><\/figure><\/a><\/td>\n<\/tr>\n<\/table>\n","protected":false},"excerpt":{"rendered":"<p>La infraestructura institucional de la <abbr class='c2c-text-hover' title='Comisi\u00f3n Chilena de Energ\u00eda Nuclear.'>CCHEN<\/abbr> se despliega en tres sedes. El Centro de Estudios Nucleares La Reina (sede central), el Centro de Estudios Nucleares (CEN) Lo Aguirre y la Sede Amun\u00e1tegui, ubicada a pocas cuadras de La Moneda. Contamos con capacidades \u00fanicas en el pa\u00eds, puestas al servicio del sector p\u00fablico y privado, como&#8230; <a class=\"read-more\" href=\"https:\/\/www.cchen.cl\/?page_id=153\">Leer m\u00e1s >><\/a><\/p>\n","protected":false},"author":3,"featured_media":0,"parent":2,"menu_order":0,"comment_status":"closed","ping_status":"closed","template":"institucion-interior.php","meta":{"footnotes":"","_links_to":"","_links_to_target":""},"class_list":["post-153","page","type-page","status-publish","hentry"],"_links":{"self":[{"href":"https:\/\/www.cchen.cl\/index.php?rest_route=\/wp\/v2\/pages\/153","targetHints":{"allow":["GET"]}}],"collection":[{"href":"https:\/\/www.cchen.cl\/index.php?rest_route=\/wp\/v2\/pages"}],"about":[{"href":"https:\/\/www.cchen.cl\/index.php?rest_route=\/wp\/v2\/types\/page"}],"author":[{"embeddable":true,"href":"https:\/\/www.cchen.cl\/index.php?rest_route=\/wp\/v2\/users\/3"}],"replies":[{"embeddable":true,"href":"https:\/\/www.cchen.cl\/index.php?rest_route=%2Fwp%2Fv2%2Fcomments&post=153"}],"version-history":[{"count":11,"href":"https:\/\/www.cchen.cl\/index.php?rest_route=\/wp\/v2\/pages\/153\/revisions"}],"predecessor-version":[{"id":4057,"href":"https:\/\/www.cchen.cl\/index.php?rest_route=\/wp\/v2\/pages\/153\/revisions\/4057"}],"up":[{"embeddable":true,"href":"https:\/\/www.cchen.cl\/index.php?rest_route=\/wp\/v2\/pages\/2"}],"wp:attachment":[{"href":"https:\/\/www.cchen.cl\/index.php?rest_route=%2Fwp%2Fv2%2Fmedia&parent=153"}],"curies":[{"name":"wp","href":"https:\/\/api.w.org\/{rel}","templated":true}]}}