{"id":156,"date":"2018-08-13T13:19:32","date_gmt":"2018-08-13T17:19:32","guid":{"rendered":"http:\/\/nueva.cchen.cl\/?page_id=156"},"modified":"2023-03-17T09:41:39","modified_gmt":"2023-03-17T13:41:39","slug":"centro-de-estudios-nucleares-la-reina","status":"publish","type":"page","link":"https:\/\/www.cchen.cl\/?page_id=156","title":{"rendered":"Centro de Estudios Nucleares (CEN) La Reina"},"content":{"rendered":"<p><img decoding=\"async\" class=\"wp-image-726 size-full\" src=\"https:\/\/www.cchen.cl\/wp-content\/uploads\/2019\/03\/Panoramica2-1024x329-e1551726769390.png\" alt=\"Centro de Estudios Nucleares La Reina, Sede Central\" \/>Centro de Estudios Nucleares La Reina, Sede Central<\/p>\n<ul>\n<li><span style=\"font-weight: 400;\">Reactor Nuclear Experimental Chileno, <abbr class='c2c-text-hover' title='Reactor Experimental Chileno N\u00ba1, ubicado en el Centro de Estudios Nucleares La Reina.'>RECH-1<\/abbr><\/span><\/li>\n<li><span style=\"font-weight: 400;\">Ciclotr\u00f3n (acelerador de part\u00edculas)<\/span><\/li>\n<li><span style=\"font-weight: 400;\">Laboratorios de investigaci\u00f3n en plasma, f\u00edsica nuclear y microbiolog\u00eda<\/span><\/li>\n<li><span style=\"font-weight: 400;\">Planta de radiois\u00f3topos y radiof\u00e1rmacos<\/span><\/li>\n<li><span style=\"font-weight: 400;\">Laboratorio para Medici\u00f3n de Radiaciones Ionizantes<\/span><\/li>\n<li><span style=\"font-weight: 400;\">Banco de tejidos esterilizados (Convenio MINSAL)<\/span><\/li>\n<li><span style=\"font-weight: 400;\">Equipos para esterilizaci\u00f3n de insumos m\u00e9dicos con radiaci\u00f3n ionizante<\/span><\/li>\n<li>Laboratorio de Liofilizados<\/li>\n<li>Laboratorio de Control de Calidad<\/li>\n<li>Laboratorio de Radio-Medicina<\/li>\n<li>Laboratorio de Dosimetr\u00eda Interna, externa y Citogen\u00e9tica<\/li>\n<li>Instalaci\u00f3n de desechos radioactivos<\/li>\n<li>Laboratorio de An\u00e1lisis Radiol\u00f3gicos de agua potable por NCh409\/1, frotis, test de hermeticidad, caracterizaci\u00f3n radiol\u00f3gica de muestras y an\u00e1lisis de Sr-90<\/li>\n<\/ul>\n<p><strong>Direcci\u00f3n:<\/strong><br \/>\nAvda. Nueva Bilbao N\u00ba 12.501, Las Condes, Regi\u00f3n Metropolitana<br \/>\nTel\u00e9fono: +56 2 2 3646 100<\/p>\n<p><strong>Horario de atenci\u00f3n:<\/strong><br \/>\nLunes a jueves: 09:00 a 16:30 hrs.<br \/>\nViernes: 09:00 a 15:30 hrs.<\/p>\n<p><iframe src=\"https:\/\/www.google.com\/maps\/embed?pb=!1m18!1m12!1m3!1d3329.795148984745!2d-70.52761298498119!3d-33.42858468078018!2m3!1f0!2f0!3f0!3m2!1i1024!2i768!4f13.1!3m3!1m2!1s0x9662cdd59c1c40a7%3A0x97b16a23aa1b1982!2sNueva%20Bilbao%2012501%2C%207600713%20Las%20Condes%2C%20Regi%C3%B3n%20Metropolitana!5e0!3m2!1ses-419!2scl!4v1679060474443!5m2!1ses-419!2scl\" width=\"600\" height=\"450\" style=\"border:0;\" allowfullscreen=\"\" loading=\"lazy\" referrerpolicy=\"no-referrer-when-downgrade\"><\/iframe><\/p>\n","protected":false},"excerpt":{"rendered":"<p>Centro de Estudios Nucleares La Reina, Sede Central Reactor Nuclear Experimental Chileno, <abbr class='c2c-text-hover' title='Reactor Experimental Chileno N\u00ba1, ubicado en el Centro de Estudios Nucleares La Reina.'>RECH-1<\/abbr> Ciclotr\u00f3n (acelerador de part\u00edculas) Laboratorios de investigaci\u00f3n en plasma, f\u00edsica nuclear y microbiolog\u00eda Planta de radiois\u00f3topos y radiof\u00e1rmacos Laboratorio para Medici\u00f3n de Radiaciones Ionizantes Banco de tejidos esterilizados (Convenio MINSAL) Equipos para esterilizaci\u00f3n de insumos m\u00e9dicos con radiaci\u00f3n ionizante Laboratorio de Liofilizados&#8230; <a class=\"read-more\" href=\"https:\/\/www.cchen.cl\/?page_id=156\">Leer m\u00e1s >><\/a><\/p>\n","protected":false},"author":3,"featured_media":0,"parent":153,"menu_order":0,"comment_status":"closed","ping_status":"closed","template":"institucion-interior.php","meta":{"footnotes":"","_links_to":"","_links_to_target":""},"class_list":["post-156","page","type-page","status-publish","hentry"],"_links":{"self":[{"href":"https:\/\/www.cchen.cl\/index.php?rest_route=\/wp\/v2\/pages\/156","targetHints":{"allow":["GET"]}}],"collection":[{"href":"https:\/\/www.cchen.cl\/index.php?rest_route=\/wp\/v2\/pages"}],"about":[{"href":"https:\/\/www.cchen.cl\/index.php?rest_route=\/wp\/v2\/types\/page"}],"author":[{"embeddable":true,"href":"https:\/\/www.cchen.cl\/index.php?rest_route=\/wp\/v2\/users\/3"}],"replies":[{"embeddable":true,"href":"https:\/\/www.cchen.cl\/index.php?rest_route=%2Fwp%2Fv2%2Fcomments&post=156"}],"version-history":[{"count":28,"href":"https:\/\/www.cchen.cl\/index.php?rest_route=\/wp\/v2\/pages\/156\/revisions"}],"predecessor-version":[{"id":7188,"href":"https:\/\/www.cchen.cl\/index.php?rest_route=\/wp\/v2\/pages\/156\/revisions\/7188"}],"up":[{"embeddable":true,"href":"https:\/\/www.cchen.cl\/index.php?rest_route=\/wp\/v2\/pages\/153"}],"wp:attachment":[{"href":"https:\/\/www.cchen.cl\/index.php?rest_route=%2Fwp%2Fv2%2Fmedia&parent=156"}],"curies":[{"name":"wp","href":"https:\/\/api.w.org\/{rel}","templated":true}]}}