{"id":1572,"date":"2018-10-16T15:29:30","date_gmt":"2018-10-16T19:29:30","guid":{"rendered":"http:\/\/nueva.cchen.cl\/?page_id=1572"},"modified":"2020-07-07T14:53:45","modified_gmt":"2020-07-07T18:53:45","slug":"que-pasa-desechos-radiactivos","status":"publish","type":"page","link":"https:\/\/www.cchen.cl\/?page_id=1572","title":{"rendered":"\u00bfQu\u00e9 pasa con los desechos radiactivos?"},"content":{"rendered":"<h3>\u00bfQu\u00e9 pasa con los desechos radiactivos?<\/h3>\n<p>En Chile se generan algunos desechos radiactivos en sus centros nucleares, as\u00ed tambi\u00e9n en hospitales, universidades, cl\u00ednicas e industria. Se trata de desechos radiactivos de media y baja actividad. Tales desechos se almacenan en tambores\u00a0 y se les vierte concreto.<b><br \/>\n<\/b><\/p>\n<figure id=\"attachment_2071\" aria-describedby=\"caption-attachment-2071\" style=\"width: 550px\" class=\"wp-caption aligncenter\"><img loading=\"lazy\" decoding=\"async\" class=\"size-full wp-image-2071\" src=\"https:\/\/www.cchen.cl\/wp-content\/uploads\/2018\/10\/seguridad.jpg\" alt=\"\" width=\"550\" height=\"275\" srcset=\"https:\/\/www.cchen.cl\/wp-content\/uploads\/2018\/10\/seguridad.jpg 550w, https:\/\/www.cchen.cl\/wp-content\/uploads\/2018\/10\/seguridad-300x150.jpg 300w\" sizes=\"auto, (max-width: 550px) 100vw, 550px\" \/><figcaption id=\"caption-attachment-2071\" class=\"wp-caption-text\">Tratamiento de desechos radiactivos en el CEN Lo Aguirre<\/figcaption><\/figure>\n","protected":false},"excerpt":{"rendered":"<p>\u00bfQu\u00e9 pasa con los desechos radiactivos? En Chile se generan algunos desechos radiactivos en sus centros nucleares, as\u00ed tambi\u00e9n en hospitales, universidades, cl\u00ednicas e industria. Se trata de desechos radiactivos de media y baja actividad. Tales desechos se almacenan en tambores\u00a0 y se les vierte concreto.<\/p>\n","protected":false},"author":3,"featured_media":0,"parent":267,"menu_order":0,"comment_status":"closed","ping_status":"closed","template":"educacion-interior.php","meta":{"footnotes":"","_links_to":"","_links_to_target":""},"class_list":["post-1572","page","type-page","status-publish","hentry"],"_links":{"self":[{"href":"https:\/\/www.cchen.cl\/index.php?rest_route=\/wp\/v2\/pages\/1572","targetHints":{"allow":["GET"]}}],"collection":[{"href":"https:\/\/www.cchen.cl\/index.php?rest_route=\/wp\/v2\/pages"}],"about":[{"href":"https:\/\/www.cchen.cl\/index.php?rest_route=\/wp\/v2\/types\/page"}],"author":[{"embeddable":true,"href":"https:\/\/www.cchen.cl\/index.php?rest_route=\/wp\/v2\/users\/3"}],"replies":[{"embeddable":true,"href":"https:\/\/www.cchen.cl\/index.php?rest_route=%2Fwp%2Fv2%2Fcomments&post=1572"}],"version-history":[{"count":6,"href":"https:\/\/www.cchen.cl\/index.php?rest_route=\/wp\/v2\/pages\/1572\/revisions"}],"predecessor-version":[{"id":2073,"href":"https:\/\/www.cchen.cl\/index.php?rest_route=\/wp\/v2\/pages\/1572\/revisions\/2073"}],"up":[{"embeddable":true,"href":"https:\/\/www.cchen.cl\/index.php?rest_route=\/wp\/v2\/pages\/267"}],"wp:attachment":[{"href":"https:\/\/www.cchen.cl\/index.php?rest_route=%2Fwp%2Fv2%2Fmedia&parent=1572"}],"curies":[{"name":"wp","href":"https:\/\/api.w.org\/{rel}","templated":true}]}}