{"id":1578,"date":"2018-10-16T15:45:32","date_gmt":"2018-10-16T19:45:32","guid":{"rendered":"http:\/\/nueva.cchen.cl\/?page_id=1578"},"modified":"2020-07-07T14:52:08","modified_gmt":"2020-07-07T18:52:08","slug":"ojo-has-visto-este-simbolo%e2%80%a8","status":"publish","type":"page","link":"https:\/\/www.cchen.cl\/?page_id=1578","title":{"rendered":"\u00a1Ojo! \u00bfHas visto este s\u00edmbolo?\u2028"},"content":{"rendered":"<h3 style=\"text-align: left;\">\u00a1Ojo! \u00bfHas visto este s\u00edmbolo?<\/h3>\n<p>&nbsp;<\/p>\n<p><img loading=\"lazy\" decoding=\"async\" class=\"alignnone size-full wp-image-2075 aligncenter\" src=\"https:\/\/www.cchen.cl\/wp-content\/uploads\/2018\/10\/Imagen21.jpg\" alt=\"\" width=\"550\" height=\"366\" srcset=\"https:\/\/www.cchen.cl\/wp-content\/uploads\/2018\/10\/Imagen21.jpg 550w, https:\/\/www.cchen.cl\/wp-content\/uploads\/2018\/10\/Imagen21-300x200.jpg 300w\" sizes=\"auto, (max-width: 550px) 100vw, 550px\" \/><\/p>\n<p>Este s\u00edmbolo indica presencia de radiaciones ionizantes. Si el s\u00edmbolo est\u00e1 en cualquier tipo de envase, no se debe abrir, manipular, fundir o destruir el envase. Tampoco se debe extraer nada de su interior.<\/p>\n<p>&nbsp;<\/p>\n<p><img loading=\"lazy\" decoding=\"async\" class=\"wp-image-2076 aligncenter\" src=\"https:\/\/www.cchen.cl\/wp-content\/uploads\/2018\/10\/Imagen23.png\" alt=\"\" width=\"353\" height=\"177\" srcset=\"https:\/\/www.cchen.cl\/wp-content\/uploads\/2018\/10\/Imagen23.png 600w, https:\/\/www.cchen.cl\/wp-content\/uploads\/2018\/10\/Imagen23-300x151.png 300w\" sizes=\"auto, (max-width: 353px) 100vw, 353px\" \/><\/p>\n<p>Este s\u00edmbolo en una puerta indica que en su interior se trabaja con radiaciones ionizantes. No se debe ingresar sin una autorizaci\u00f3n.<\/p>\n<p><img loading=\"lazy\" decoding=\"async\" class=\"alignnone size-full wp-image-2077 aligncenter\" src=\"https:\/\/www.cchen.cl\/wp-content\/uploads\/2018\/10\/Imagen24.jpg\" alt=\"\" width=\"365\" height=\"225\" srcset=\"https:\/\/www.cchen.cl\/wp-content\/uploads\/2018\/10\/Imagen24.jpg 365w, https:\/\/www.cchen.cl\/wp-content\/uploads\/2018\/10\/Imagen24-300x185.jpg 300w\" sizes=\"auto, (max-width: 365px) 100vw, 365px\" \/><\/p>\n<p>Este s\u00edmbolo en un equipo o instrumento, indica que se producen radiaciones ionizantes. No se debe tocar, no lo haga funcionar, no lo desarme ni lo da\u00f1e.<\/p>\n<p>&nbsp;<\/p>\n<p><img loading=\"lazy\" decoding=\"async\" class=\"alignnone size-full wp-image-2078 aligncenter\" src=\"https:\/\/www.cchen.cl\/wp-content\/uploads\/2018\/10\/Imagen25.png\" alt=\"\" width=\"303\" height=\"202\" srcset=\"https:\/\/www.cchen.cl\/wp-content\/uploads\/2018\/10\/Imagen25.png 303w, https:\/\/www.cchen.cl\/wp-content\/uploads\/2018\/10\/Imagen25-300x200.png 300w\" sizes=\"auto, (max-width: 303px) 100vw, 303px\" \/><\/p>\n<p>Este s\u00edmbolo en cajas, ca\u00f1er\u00edas o estanques indica que se conduce o almacena material radiactivo. No se deben abrir dichas cajas, tampoco v\u00e1lvulas ni llaves, no se debe apoyar objetos\u00a0 ni utilizar el\u00a0 contenido.<\/p>\n<p><img loading=\"lazy\" decoding=\"async\" class=\"alignnone size-full wp-image-2079 aligncenter\" src=\"https:\/\/www.cchen.cl\/wp-content\/uploads\/2018\/10\/Imagen26.jpg\" alt=\"\" width=\"309\" height=\"206\" srcset=\"https:\/\/www.cchen.cl\/wp-content\/uploads\/2018\/10\/Imagen26.jpg 309w, https:\/\/www.cchen.cl\/wp-content\/uploads\/2018\/10\/Imagen26-300x200.jpg 300w\" sizes=\"auto, (max-width: 309px) 100vw, 309px\" \/><\/p>\n<p>Si el s\u00edmbolo est\u00e1 en un veh\u00edculo de transporte , indica que lleva material radiactivo. No se debe\u00a0 introducir ni extraer material del mismo.<\/p>\n","protected":false},"excerpt":{"rendered":"<p>\u00a1Ojo! \u00bfHas visto este s\u00edmbolo? &nbsp; Este s\u00edmbolo indica presencia de radiaciones ionizantes. Si el s\u00edmbolo est\u00e1 en cualquier tipo de envase, no se debe abrir, manipular, fundir o destruir el envase. Tampoco se debe extraer nada de su interior. &nbsp; Este s\u00edmbolo en una puerta indica que en su interior se trabaja con radiaciones&#8230; <a class=\"read-more\" href=\"https:\/\/www.cchen.cl\/?page_id=1578\">Leer m\u00e1s >><\/a><\/p>\n","protected":false},"author":3,"featured_media":0,"parent":267,"menu_order":0,"comment_status":"closed","ping_status":"closed","template":"educacion-interior.php","meta":{"footnotes":"","_links_to":"","_links_to_target":""},"class_list":["post-1578","page","type-page","status-publish","hentry"],"_links":{"self":[{"href":"https:\/\/www.cchen.cl\/index.php?rest_route=\/wp\/v2\/pages\/1578","targetHints":{"allow":["GET"]}}],"collection":[{"href":"https:\/\/www.cchen.cl\/index.php?rest_route=\/wp\/v2\/pages"}],"about":[{"href":"https:\/\/www.cchen.cl\/index.php?rest_route=\/wp\/v2\/types\/page"}],"author":[{"embeddable":true,"href":"https:\/\/www.cchen.cl\/index.php?rest_route=\/wp\/v2\/users\/3"}],"replies":[{"embeddable":true,"href":"https:\/\/www.cchen.cl\/index.php?rest_route=%2Fwp%2Fv2%2Fcomments&post=1578"}],"version-history":[{"count":5,"href":"https:\/\/www.cchen.cl\/index.php?rest_route=\/wp\/v2\/pages\/1578\/revisions"}],"predecessor-version":[{"id":2081,"href":"https:\/\/www.cchen.cl\/index.php?rest_route=\/wp\/v2\/pages\/1578\/revisions\/2081"}],"up":[{"embeddable":true,"href":"https:\/\/www.cchen.cl\/index.php?rest_route=\/wp\/v2\/pages\/267"}],"wp:attachment":[{"href":"https:\/\/www.cchen.cl\/index.php?rest_route=%2Fwp%2Fv2%2Fmedia&parent=1578"}],"curies":[{"name":"wp","href":"https:\/\/api.w.org\/{rel}","templated":true}]}}