{"id":1587,"date":"2018-10-17T07:53:05","date_gmt":"2018-10-17T11:53:05","guid":{"rendered":"http:\/\/nueva.cchen.cl\/?page_id=1587"},"modified":"2019-03-15T10:52:38","modified_gmt":"2019-03-15T14:52:38","slug":"volucion-de-la-tecnologia-nuclear-y-lecciones-aprendidas","status":"publish","type":"page","link":"https:\/\/www.cchen.cl\/?page_id=1587","title":{"rendered":"Evoluci\u00f3n de la Tecnolog\u00eda Nuclear"},"content":{"rendered":"<figure id=\"attachment_2418\" aria-describedby=\"caption-attachment-2418\" style=\"width: 350px\" class=\"wp-caption alignright\"><img decoding=\"async\" class=\"size-full wp-image-2418\" src=\"https:\/\/www.cchen.cl\/wp-content\/uploads\/2018\/12\/investigacion-e1552661441303.png\" alt=\"Esquema b\u00e1sico de un reactor nuclear para producir electricidad\" width=\"350\"\/><figcaption id=\"caption-attachment-2418\" class=\"wp-caption-text\">Esquema b\u00e1sico de un reactor nuclear para producir electricidad<\/figcaption><\/figure>\n<p>Los reactores nucleares de potencia convencionales utilizan el calor generado en el proceso de fisi\u00f3n nuclear para calentar agua y producir vapor a alta presi\u00f3n que, como en otras tecnolog\u00edas de generaci\u00f3n el\u00e9ctrica, es utilizado para mover un generador que produce electricidad.<\/p>\n","protected":false},"excerpt":{"rendered":"<p>Los reactores nucleares de potencia convencionales utilizan el calor generado en el proceso de fisi\u00f3n nuclear para calentar agua y producir vapor a alta presi\u00f3n que, como en otras tecnolog\u00edas de generaci\u00f3n el\u00e9ctrica, es utilizado para mover un generador que produce electricidad.<\/p>\n","protected":false},"author":3,"featured_media":0,"parent":30,"menu_order":0,"comment_status":"closed","ping_status":"closed","template":"nucleoelectricidad-interior.php","meta":{"footnotes":"","_links_to":"","_links_to_target":""},"class_list":["post-1587","page","type-page","status-publish","hentry"],"_links":{"self":[{"href":"https:\/\/www.cchen.cl\/index.php?rest_route=\/wp\/v2\/pages\/1587","targetHints":{"allow":["GET"]}}],"collection":[{"href":"https:\/\/www.cchen.cl\/index.php?rest_route=\/wp\/v2\/pages"}],"about":[{"href":"https:\/\/www.cchen.cl\/index.php?rest_route=\/wp\/v2\/types\/page"}],"author":[{"embeddable":true,"href":"https:\/\/www.cchen.cl\/index.php?rest_route=\/wp\/v2\/users\/3"}],"replies":[{"embeddable":true,"href":"https:\/\/www.cchen.cl\/index.php?rest_route=%2Fwp%2Fv2%2Fcomments&post=1587"}],"version-history":[{"count":11,"href":"https:\/\/www.cchen.cl\/index.php?rest_route=\/wp\/v2\/pages\/1587\/revisions"}],"predecessor-version":[{"id":3884,"href":"https:\/\/www.cchen.cl\/index.php?rest_route=\/wp\/v2\/pages\/1587\/revisions\/3884"}],"up":[{"embeddable":true,"href":"https:\/\/www.cchen.cl\/index.php?rest_route=\/wp\/v2\/pages\/30"}],"wp:attachment":[{"href":"https:\/\/www.cchen.cl\/index.php?rest_route=%2Fwp%2Fv2%2Fmedia&parent=1587"}],"curies":[{"name":"wp","href":"https:\/\/api.w.org\/{rel}","templated":true}]}}