{"id":1590,"date":"2018-10-17T07:54:27","date_gmt":"2018-10-17T11:54:27","guid":{"rendered":"http:\/\/nueva.cchen.cl\/?page_id=1590"},"modified":"2019-03-15T12:16:16","modified_gmt":"2019-03-15T16:16:16","slug":"tecnologias-nucleares-actuales","status":"publish","type":"page","link":"https:\/\/www.cchen.cl\/?page_id=1590","title":{"rendered":"Experiencia en Three Mile Island"},"content":{"rendered":"<figure id=\"attachment_2473\" aria-describedby=\"caption-attachment-2473\" style=\"width: 286px\" class=\"wp-caption alignright\"><img loading=\"lazy\" decoding=\"async\" class=\"size-full wp-image-2473\" src=\"https:\/\/www.cchen.cl\/wp-content\/uploads\/2018\/12\/Captura-de-pantalla-2018-12-11-a-las-14.22.06.png\" alt=\"Liberaci\u00f3n de productos de fisi\u00f3n del n\u00facleo de TMI-2 hacia la contenci\u00f3n, y hacia la atm\u00f3sfera\" width=\"286\" height=\"365\" srcset=\"https:\/\/www.cchen.cl\/wp-content\/uploads\/2018\/12\/Captura-de-pantalla-2018-12-11-a-las-14.22.06.png 286w, https:\/\/www.cchen.cl\/wp-content\/uploads\/2018\/12\/Captura-de-pantalla-2018-12-11-a-las-14.22.06-235x300.png 235w\" sizes=\"auto, (max-width: 286px) 100vw, 286px\" \/><figcaption id=\"caption-attachment-2473\" class=\"wp-caption-text\">Liberaci\u00f3n de productos de fisi\u00f3n del n\u00facleo de TMI-2 hacia la contenci\u00f3n, y hacia la atm\u00f3sfera (fracci\u00f3n del contenido del n\u00facleo)<\/figcaption><\/figure>\n<p>La central nuclear de Three Mile Island (TMI) se ubica en el estado de Pensilvania, en el noreste de los Estados Unidos. Es  una isla en el r\u00edo Susquehanna, cerca de Harrisburg, que  cuenta con dos reactores: TMI-I y TMI-II. Ambas unidades de la planta nuclear de TMI son reactores de agua a presi\u00f3n construidas por Babcox &#038; Wilcox. <\/p>\n<p>El 28 de marzo de 1979, la unidad 2 de la central nuclear de Three Mile Island (TMI-II) experiment\u00f3 un suceso de p\u00e9rdida de refrigerante de peque\u00f1o caudal del sistema primario, conocido como Small Break Loss-Of-Coolant Accident (SBLOCA, por sus siglas en ingles) que progres\u00f3 de tal manera que acab\u00f3 causando la fusi\u00f3n de un 30 a 40% del n\u00facleo del reactor. <\/p>\n<p>A pesar de la gravedad del hecho, las consecuencias para las personas y el medio ambiente  fueron despreciables gracias, en gran parte, al edificio de contenci\u00f3n, que ilustrativamente se muestran en la figura. <\/p>\n<p>Las principales lecciones aprendidas del evento de TMI-2, considerando la causa-ra\u00edz que lo originaron y las medidas m\u00e1s relevantes, son las siguientes:<\/p>\n<ul>\n<li><strong>Seguridad operacional:<\/strong> la Nuclear Regulatory Commission (NRC) y la industria nuclear americana se embarcaron en una serie de proyectos para mejorar la seguridad nuclear y, m\u00e1s en concreto, generar una nueva serie de procedimientos de operaci\u00f3n y dedicarle un especial \u00e9nfasis a los de emergencia. Los nuevos procedimientos de operaci\u00f3n de emergencia deben basarse en un cambio de filosof\u00eda respecto a c\u00f3mo deben actuar los operadores ante sucesos anormales. <br \/>\nPrevio a este proyecto, los operadores deb\u00edan identificar la naturaleza de los sucesos iniciadores y, a partir de ah\u00ed, seleccionar el procedimiento adecuado a cada circunstancia particular. Los sucesos de TMI mostraron que el diagn\u00f3stico de los operadores pod\u00eda no ser siempre correcto y de ah\u00ed que los nuevos procedimientos de emergencia debieran evitar dichos errores de diagnosis y considerar los factores humanos. <br \/>\nSe fue m\u00e1s all\u00e1 y se desarrollaron procedimientos de emergencia basados en s\u00edntomas (function based), seg\u00fan los cuales el operador debe actuar respondiendo a determinados estados espec\u00edficos de la planta, tales como una excesiva generaci\u00f3n de potencia y bajo inventario de refrigerante en el primario, y todo ello sin necesidad de conocer el operador el suceso iniciador de la situaci\u00f3n accidental.<\/li>\n<figure id=\"attachment_2474\" aria-describedby=\"caption-attachment-2474\" style=\"width: 300px\" class=\"wp-caption alignright\"><img decoding=\"async\" class=\"wp-image-2474 size-medium\" src=\"https:\/\/www.cchen.cl\/wp-content\/uploads\/2018\/12\/Captura-de-pantalla-2018-12-11-a-las-14.28.13-e1552663244126.png\" alt=\"Emplazamiento de la Central de Three Mile Island en una isla en el r\u00edo Susquehanna cerca de Harrisburg, estado de Pensilvania (EE.UU.)\" width=\"300\" \/><figcaption id=\"caption-attachment-2474\" class=\"wp-caption-text\">Emplazamiento de la Central de Three Mile Island en una isla en el r\u00edo Susquehanna cerca de Harrisburg, estado de Pensilvania (EE.UU.)<\/figcaption><\/figure>\n<li><strong>Interfaz hombre-m\u00e1quina:<\/strong> se determin\u00f3 la necesidad de mejorar la interfaz hombre-m\u00e1quina, prestando debida atenci\u00f3n a los factores humanos dentro de la cultura de seguridad. Se implementaron mejoras en el dise\u00f1o de la sala de control.<\/li>\n<li><strong>Importancia de la realimentaci\u00f3n de la Experiencia Operacional:<\/strong> se cre\u00f3 la INPO (Institute of Nuclear Power Operations), como herramienta para un efectivo intercambio de informaci\u00f3n entre operadores, dentro de la industria norteamericana. A escala global, se cre\u00f3 el Incident Reporting System (IRS), a trav\u00e9s de la NEA\/OIEA.<\/li>\n<li><strong>Utilizaci\u00f3n de los An\u00e1lisis Probabilistas de la Seguridad:<\/strong> a ra\u00edz del evento, se empezaron a utilizar metodolog\u00edas probabilistas para mejorar la seguridad. Aunque estas ya hab\u00edan aparecido antes del evento (en 1975 la NRC sac\u00f3 a la luz el documento \u201cReactor Safety Study: An Assessment of Accident Risks in US Commercial Nuclear Power Plants\u201d o WASH-1400 (20)) no fue hasta TMI cuando estas metodolog\u00edas probabilistas empezaron a ser utilizadas con fuerza.<\/li>\n<\/ul>\n<p>El evento de TMI-2 marc\u00f3 el inicio de lo que podr\u00eda llamarse la seguridad operacional, ya que, hasta ese momento, la seguridad hab\u00eda sido enfocada principalmente en dise\u00f1o y construcci\u00f3n.<\/p>\n<p>Pese a la importancia que tuvo este evento en la industria nuclear y la p\u00e9rdida de confianza en el sector nuclear que hubo por parte de la sociedad a ra\u00edz del mismo, es importante resaltar que no se produjeron emisiones radiactivas de relevancia al medio ambiente y que, por tanto, no hubo ning\u00fan tipo de impacto relevante, fuera del propio emplazamiento, a consecuencia de este suceso.<\/p>\n<p>Si deseas obtener mayor informaci\u00f3n sobre la experiencia en Three Mile Island, la encontrar\u00e1s en:<\/p>\n<ul>\n<li><a href=\"https:\/\/www.nrc.gov\/reading-rm\/doc-collections\/fact-sheets\/3mile-isle.html\" rel=\"noopener\" target=\"_blank\">Backgrounder on the Three Mile Island Accident<\/a> (versi\u00f3n en ingl\u00e9s)<\/li>\n<p><\/p>\n<li><a href=\"http:\/\/www.world-nuclear.org\/information-library\/safety-and-security\/safety-of-plants\/three-mile-island-accident.aspx\" rel=\"noopener\" target=\"_blank\">Three Mile Island Accident<\/a> (versi\u00f3n en ingl\u00e9s)<\/li>\n<p><\/p>\n<li>Estudio \u201c<a href=\"https:\/\/www.cchen.cl\/pdf\/estudios\/Informe-N%C2%B01-condiciones.pdf\" rel=\"noopener\" target=\"_blank\">Condiciones necesarias para la implementaci\u00f3n segura de un programa nuclear de potencia en Chile<\/a>\u201d<\/li>\n<\/ul>\n","protected":false},"excerpt":{"rendered":"<p>La central nuclear de Three Mile Island (TMI) se ubica en el estado de Pensilvania, en el noreste de los Estados Unidos. Es una isla en el r\u00edo Susquehanna, cerca de Harrisburg, que cuenta con dos reactores: TMI-I y TMI-II. Ambas unidades de la planta nuclear de TMI son reactores de agua a presi\u00f3n construidas&#8230; <a class=\"read-more\" href=\"https:\/\/www.cchen.cl\/?page_id=1590\">Leer m\u00e1s >><\/a><\/p>\n","protected":false},"author":3,"featured_media":0,"parent":1587,"menu_order":0,"comment_status":"closed","ping_status":"closed","template":"nucleoelectricidad-interior.php","meta":{"footnotes":"","_links_to":"","_links_to_target":""},"class_list":["post-1590","page","type-page","status-publish","hentry"],"_links":{"self":[{"href":"https:\/\/www.cchen.cl\/index.php?rest_route=\/wp\/v2\/pages\/1590","targetHints":{"allow":["GET"]}}],"collection":[{"href":"https:\/\/www.cchen.cl\/index.php?rest_route=\/wp\/v2\/pages"}],"about":[{"href":"https:\/\/www.cchen.cl\/index.php?rest_route=\/wp\/v2\/types\/page"}],"author":[{"embeddable":true,"href":"https:\/\/www.cchen.cl\/index.php?rest_route=\/wp\/v2\/users\/3"}],"replies":[{"embeddable":true,"href":"https:\/\/www.cchen.cl\/index.php?rest_route=%2Fwp%2Fv2%2Fcomments&post=1590"}],"version-history":[{"count":15,"href":"https:\/\/www.cchen.cl\/index.php?rest_route=\/wp\/v2\/pages\/1590\/revisions"}],"predecessor-version":[{"id":3896,"href":"https:\/\/www.cchen.cl\/index.php?rest_route=\/wp\/v2\/pages\/1590\/revisions\/3896"}],"up":[{"embeddable":true,"href":"https:\/\/www.cchen.cl\/index.php?rest_route=\/wp\/v2\/pages\/1587"}],"wp:attachment":[{"href":"https:\/\/www.cchen.cl\/index.php?rest_route=%2Fwp%2Fv2%2Fmedia&parent=1590"}],"curies":[{"name":"wp","href":"https:\/\/api.w.org\/{rel}","templated":true}]}}