{"id":1592,"date":"2018-10-17T07:54:55","date_gmt":"2018-10-17T11:54:55","guid":{"rendered":"http:\/\/nueva.cchen.cl\/?page_id=1592"},"modified":"2019-03-15T13:01:46","modified_gmt":"2019-03-15T17:01:46","slug":"accidentes","status":"publish","type":"page","link":"https:\/\/www.cchen.cl\/?page_id=1592","title":{"rendered":"Experiencia en Chernobyl"},"content":{"rendered":"<p>La central nuclear de Chernobyl se encuentra ubicada  a 18 kil\u00f3metros al noroeste de la ciudad de Chernobyl, a 16 km de la frontera entre Ucrania y de Bielorrusia y a 120 km al norte de Kiev. Esta central contaba con cuatro unidades del tipo RBMK-1000 (acr\u00f3nico para Reactor de condensador de alta potencia en ruso), y dos unidades m\u00e1s que se encontraban en construcci\u00f3n al momento del accidente. <\/p>\n<p>Los reactores tipo RBMK-1000 son reactores de agua en ebullici\u00f3n que utilizan uranio ligeramente enriquecido y se moderan con grafito. Una mezcla de nitr\u00f3geno y helio circula entre los bloques de grafito que act\u00faan como moderador para impedir su oxidaci\u00f3n. <\/p>\n<p>El 26 de abril de 1986, la cuarta unidad de la central nuclear de Chernobyl, que pertenec\u00eda a la segunda generaci\u00f3n de reactores RBMK, sufri\u00f3 un devastador accidente de excursi\u00f3n de potencia durante la realizaci\u00f3n de un experimento que ten\u00eda por objetivo demostrar que la potencia residual del rotor de inercia de la turbina se pod\u00eda considerar como una fuente de alimentaci\u00f3n auxiliar para las bombas del Reactor Coolant System (RCS) hasta el arranque de los generadores di\u00e9sel en caso de disparo de turbina. <\/p>\n<figure id=\"attachment_2476\" aria-describedby=\"caption-attachment-2476\" style=\"width: 400px\" class=\"wp-caption alignright\"><img loading=\"lazy\" decoding=\"async\" class=\"size-full wp-image-2476\" src=\"https:\/\/www.cchen.cl\/wp-content\/uploads\/2018\/12\/Captura-de-pantalla-2018-12-11-a-las-14.39.47-e1552669187774.png\" alt=\"Central nuclear de Chernobyl luego de la explosi\u00f3n\" width=\"729\" height=\"450\" \/><figcaption id=\"caption-attachment-2476\" class=\"wp-caption-text\">Central nuclear de Chernobyl luego de la explosi\u00f3n<\/figcaption><\/figure>\n<p>El accidente provoc\u00f3 la liberaci\u00f3n al medio ambiente de grandes cantidades de material radioactivo. El desarrollo del experimento inclu\u00eda la toma de decisiones en contra de la seguridad, como, por ejemplo, la desactivaci\u00f3n del sistema de emergencia de refrigeraci\u00f3n del reactor, o la desactivaci\u00f3n de las se\u00f1ales de bajo nivel y de presi\u00f3n. Problemas durante el transitorio del experimento llevaron a los operarios a tomar m\u00e1s acciones que infring\u00edan la seguridad, como la vulneraci\u00f3n del margen de reactividad en operaci\u00f3n para poder continuar con el experimento.<\/p>\n<p>El c\u00famulo de acciones en contra de los sistemas de seguridad del reactor lo dej\u00f3 en un estado inestable y dif\u00edcilmente gobernable ante cualquier caso de perturbaci\u00f3n positiva de la criticidad, en otras palabras, el reactor entr\u00f3 a un estado incontrolable y de alto riesgo, perdiendo toda posibilidad de detener una eventual reacci\u00f3n en cadena, lo que finalmente termin\u00f3 ocurriendo.<\/p>\n<p>Se produjeron dos explosiones a causa de la excursi\u00f3n de potencia. La primera, una explosi\u00f3n de vapor derivada de la desintegraci\u00f3n del combustible y la rotura masiva de los ensamblajes de combustible caus\u00f3 el desplazamiento del bloque de hormig\u00f3n que rodeaba el reactor. <\/p>\n<p>La segunda, una explosi\u00f3n de hidr\u00f3geno causada por la oxidaci\u00f3n del zircalloy y la entrada de aire provoc\u00f3 un incendio y destroz\u00f3 parte del edificio del reactor, dejando parte del n\u00facleo a la intemperie, pues los reactores RBMK no contaban con edificios de contenci\u00f3n. <\/p>\n<p>Las consecuencias radiol\u00f3gicas del accidente dej\u00f3 alrededor de 30 muertos y 134 personas sufrieron problemas de salud severos por causas radiol\u00f3gicas, aunque ninguno de ellos era miembro de la poblaci\u00f3n general. No obstante, los efectos en la salud de la poblaci\u00f3n se hicieron notar en un aumento sustancial (22 reconocidos) de casos de c\u00e1ncer de tiroides. Unos cinco millones de personas de zonas ligeramente contaminadas recibieron una dosis media de 10 a 20 mSv.<\/p>\n<p>Las principales <strong>lecciones aprendidas<\/strong> del evento de Chernobyl, considerando la causa-ra\u00edz que lo originaron y las medidas m\u00e1s relevantes, son las siguientes:<\/p>\n<ul>\n<li>Deben existir an\u00e1lisis de seguridad profundos y extensos para contemplar todo el espectro de posibilidades, y estos deben contar con revisiones t\u00e9cnicas independientes. La industria nuclear occidental, no obstante, ya hab\u00eda llegado a estas importantes conclusiones en la primera etapa del desarrollo de centrales nucleares.<\/li>\n<li>Los procedimientos de operaci\u00f3n deben reflejar las posibles consecuencias de operar un reactor con las deficiencias de dise\u00f1o del reactor RBMK-1000 de Chernobyl.<\/li>\n<li>El organismo regulador debe ser completamente efectivo e independiente, y priorizar siempre la seguridad frente a la producci\u00f3n.<\/li>\n<li>La cultura de seguridad debe estar siempre presente a nivel general en materia nuclear, tanto a nivel nacional como a nivel local, a nivel legislativo y regulatorio, a nivel de los titulares, incluyendo a supervisores y operadores propiamente. El antiguo r\u00e9gimen presente en la Uni\u00f3n Sovi\u00e9tica carec\u00eda completamente de \u201cCultura de Seguridad\u201d. Los operadores no deben vulnerar los procedimientos de operaci\u00f3n. La introducci\u00f3n de este nuevo concepto (\u201cCultura de Seguridad\u201d), y la importancia que se le dio en ese entonces y hoy en el mantenimiento de un alto nivel de seguridad, es otra de las grandes consecuencias del accidente de Chernobyl.<\/li>\n<li>Una lecci\u00f3n importante fue que se vio que los accidentes en reactores nucleares pueden tener un impacto regional, y no solo local, en el medioambiente y las personas, adem\u00e1s de un impacto global en los planes para la expansi\u00f3n del uso de la energ\u00eda nuclear.<\/li>\n<\/ul>\n<p>De todos los eventos en la historia del uso civil de la energ\u00eda nuclear, el de Chernobyl fue el que tuvo un impacto m\u00e1s importante sobre las personas y el medio ambiente, y en el que se liber\u00f3 la mayor cantidad de productos de fisi\u00f3n.<\/p>\n<p>Para mayor detalle sobre el impacto radiol\u00f3gico de este evento, ver el informe de la United Nations Scientific Commitee on the Effects of Atomic Radiation (UNSCEAR).<\/p>\n<p>Para mayor informaci\u00f3n de experiencia en Chernobyl, visita:<\/p>\n<ul>\n<li><a href=\"https:\/\/www.foronuclear.org\/es\/el-experto-te-cuenta\/120252-chernobil-icomo-fue-el-accidente\" rel=\"noopener\" target=\"_blank\">Chern\u00f3bil, \u00bfc\u00f3mo fue el accidente?<\/a><\/li>\n<p><\/p>\n<li>Estudio \u201c<a href=\"https:\/\/www.cchen.cl\/pdf\/estudios\/Informe-N%C2%B01-condiciones.pdf\" rel=\"noopener\" target=\"_blank\">Condiciones necesarias para la implementaci\u00f3n segura de un programa nuclear de potencia en Chile<\/a>\u201d <\/li>\n<\/ul>\n","protected":false},"excerpt":{"rendered":"<p>La central nuclear de Chernobyl se encuentra ubicada a 18 kil\u00f3metros al noroeste de la ciudad de Chernobyl, a 16 km de la frontera entre Ucrania y de Bielorrusia y a 120 km al norte de Kiev. Esta central contaba con cuatro unidades del tipo RBMK-1000 (acr\u00f3nico para Reactor de condensador de alta potencia en&#8230; <a class=\"read-more\" href=\"https:\/\/www.cchen.cl\/?page_id=1592\">Leer m\u00e1s >><\/a><\/p>\n","protected":false},"author":3,"featured_media":0,"parent":1587,"menu_order":0,"comment_status":"closed","ping_status":"closed","template":"nucleoelectricidad-interior.php","meta":{"footnotes":"","_links_to":"","_links_to_target":""},"class_list":["post-1592","page","type-page","status-publish","hentry"],"_links":{"self":[{"href":"https:\/\/www.cchen.cl\/index.php?rest_route=\/wp\/v2\/pages\/1592","targetHints":{"allow":["GET"]}}],"collection":[{"href":"https:\/\/www.cchen.cl\/index.php?rest_route=\/wp\/v2\/pages"}],"about":[{"href":"https:\/\/www.cchen.cl\/index.php?rest_route=\/wp\/v2\/types\/page"}],"author":[{"embeddable":true,"href":"https:\/\/www.cchen.cl\/index.php?rest_route=\/wp\/v2\/users\/3"}],"replies":[{"embeddable":true,"href":"https:\/\/www.cchen.cl\/index.php?rest_route=%2Fwp%2Fv2%2Fcomments&post=1592"}],"version-history":[{"count":11,"href":"https:\/\/www.cchen.cl\/index.php?rest_route=\/wp\/v2\/pages\/1592\/revisions"}],"predecessor-version":[{"id":3902,"href":"https:\/\/www.cchen.cl\/index.php?rest_route=\/wp\/v2\/pages\/1592\/revisions\/3902"}],"up":[{"embeddable":true,"href":"https:\/\/www.cchen.cl\/index.php?rest_route=\/wp\/v2\/pages\/1587"}],"wp:attachment":[{"href":"https:\/\/www.cchen.cl\/index.php?rest_route=%2Fwp%2Fv2%2Fmedia&parent=1592"}],"curies":[{"name":"wp","href":"https:\/\/api.w.org\/{rel}","templated":true}]}}