{"id":1601,"date":"2018-10-17T08:07:54","date_gmt":"2018-10-17T12:07:54","guid":{"rendered":"http:\/\/nueva.cchen.cl\/?page_id=1601"},"modified":"2019-03-15T13:52:05","modified_gmt":"2019-03-15T17:52:05","slug":"nuevas-tecnologias","status":"publish","type":"page","link":"https:\/\/www.cchen.cl\/?page_id=1601","title":{"rendered":"Nuevas tecnolog\u00edas"},"content":{"rendered":"<p>A lo largo de los a\u00f1os, las lecciones aprendidas y extra\u00eddas de la experiencia operativa y de los sucesos accidentales ocurridos, as\u00ed como el avance en investigaci\u00f3n y desarrollo tecnol\u00f3gico, han permitido incrementar el nivel de seguridad con disposiciones que incluyen no solo barreras f\u00edsicas m\u00e1s seguras (sistemas pasivos, redundancias o separaciones f\u00edsicas) sino tambi\u00e9n medidas organizacionales, conceptos de factores humanos, m\u00e1rgenes de seguridad y procedimientos de operaci\u00f3n. <\/p>\n<p>Todas las organizaciones de la industria nuclear trabajan hoy en d\u00eda al alero de la Cultura de Seguridad, un concepto que surgi\u00f3 con fuerza tras el accidente de Chernobyl y que se basa en la premisa de que la seguridad es la mayor prioridad.<\/p>\n<p>Estas mejoras se incluyen en los nuevos dise\u00f1os de tecnolog\u00eda nuclear, como en los reactores de Generaci\u00f3n III y III+ que ya incluyen sistemas pasivos (no requieren respaldo el\u00e9ctrico para entrar en funcionamiento), as\u00ed como tambi\u00e9n mirando hacia adelante a los reactores de Generaci\u00f3n IV, Reactores Modulares Peque\u00f1os (SMR\u2019s) y a los reactores de Fusi\u00f3n.<\/p>\n","protected":false},"excerpt":{"rendered":"<p>A lo largo de los a\u00f1os, las lecciones aprendidas y extra\u00eddas de la experiencia operativa y de los sucesos accidentales ocurridos, as\u00ed como el avance en investigaci\u00f3n y desarrollo tecnol\u00f3gico, han permitido incrementar el nivel de seguridad con disposiciones que incluyen no solo barreras f\u00edsicas m\u00e1s seguras (sistemas pasivos, redundancias o separaciones f\u00edsicas) sino tambi\u00e9n&#8230; <a class=\"read-more\" href=\"https:\/\/www.cchen.cl\/?page_id=1601\">Leer m\u00e1s >><\/a><\/p>\n","protected":false},"author":3,"featured_media":0,"parent":30,"menu_order":0,"comment_status":"closed","ping_status":"closed","template":"nucleoelectricidad-interior.php","meta":{"footnotes":"","_links_to":"","_links_to_target":""},"class_list":["post-1601","page","type-page","status-publish","hentry"],"_links":{"self":[{"href":"https:\/\/www.cchen.cl\/index.php?rest_route=\/wp\/v2\/pages\/1601","targetHints":{"allow":["GET"]}}],"collection":[{"href":"https:\/\/www.cchen.cl\/index.php?rest_route=\/wp\/v2\/pages"}],"about":[{"href":"https:\/\/www.cchen.cl\/index.php?rest_route=\/wp\/v2\/types\/page"}],"author":[{"embeddable":true,"href":"https:\/\/www.cchen.cl\/index.php?rest_route=\/wp\/v2\/users\/3"}],"replies":[{"embeddable":true,"href":"https:\/\/www.cchen.cl\/index.php?rest_route=%2Fwp%2Fv2%2Fcomments&post=1601"}],"version-history":[{"count":4,"href":"https:\/\/www.cchen.cl\/index.php?rest_route=\/wp\/v2\/pages\/1601\/revisions"}],"predecessor-version":[{"id":3910,"href":"https:\/\/www.cchen.cl\/index.php?rest_route=\/wp\/v2\/pages\/1601\/revisions\/3910"}],"up":[{"embeddable":true,"href":"https:\/\/www.cchen.cl\/index.php?rest_route=\/wp\/v2\/pages\/30"}],"wp:attachment":[{"href":"https:\/\/www.cchen.cl\/index.php?rest_route=%2Fwp%2Fv2%2Fmedia&parent=1601"}],"curies":[{"name":"wp","href":"https:\/\/api.w.org\/{rel}","templated":true}]}}