{"id":161,"date":"2018-08-13T13:23:11","date_gmt":"2018-08-13T17:23:11","guid":{"rendered":"http:\/\/nueva.cchen.cl\/?page_id=161"},"modified":"2018-11-06T10:29:18","modified_gmt":"2018-11-06T14:29:18","slug":"nucolab","status":"publish","type":"page","link":"https:\/\/www.cchen.cl\/?page_id=161","title":{"rendered":"NucoLab"},"content":{"rendered":"<h3><img loading=\"lazy\" decoding=\"async\" class=\"aligncenter size-full wp-image-1420\" src=\"http:\/\/nueva.cchen.cl\/wp-content\/uploads\/2018\/10\/nucolab.jpg\" alt=\"\" width=\"900\" height=\"225\" srcset=\"https:\/\/www.cchen.cl\/wp-content\/uploads\/2018\/10\/nucolab.jpg 900w, https:\/\/www.cchen.cl\/wp-content\/uploads\/2018\/10\/nucolab-300x75.jpg 300w, https:\/\/www.cchen.cl\/wp-content\/uploads\/2018\/10\/nucolab-768x192.jpg 768w\" sizes=\"auto, (max-width: 900px) 100vw, 900px\" \/><\/h3>\n<h3><b>NuColab<br \/>\n<\/b><b>Centro colaborativo para el ecosistema CTI (Ciencia, Tecnolog\u00eda e Innovaci\u00f3n) nacional<\/b><\/h3>\n<p>Espacio colaborativo de innovaci\u00f3n abierta, cuyo prop\u00f3sito es conectar desaf\u00edos nacionales con posibles soluciones a partir del uso de tecnolog\u00edas nucleares y radiol\u00f3gicas.<\/p>\n<p>Prioriza tres \u00e1reas de servicios para recoger los desaf\u00edos: irradiaci\u00f3n de alimento, principalmente orientados a la exportaci\u00f3n; t\u00e9cnicas de an\u00e1lisis isot\u00f3pico, en particular para la gesti\u00f3n de acu\u00edferos; y gesti\u00f3n de desechos radiactivos.<\/p>\n<p>En este espacio colaborativo tambi\u00e9n hay una biblioteca, salas de reuniones, hall de encuentros y wi-fi. Todo ubicado en el CEN La Reina.<\/p>\n<div><strong>Direcci\u00f3n<\/strong><\/div>\n<div class=\"desc\">Avda. Nueva Bilbao N\u00ba 12.501, Las Condes, Regi\u00f3n Metropolitana<\/div>\n<div class=\"desc\">Tel.: (56 2) 2 3646 166-165<\/div>\n<p>&nbsp;<\/p>\n","protected":false},"excerpt":{"rendered":"<p>NuColab Centro colaborativo para el ecosistema CTI (Ciencia, Tecnolog\u00eda e Innovaci\u00f3n) nacional Espacio colaborativo de innovaci\u00f3n abierta, cuyo prop\u00f3sito es conectar desaf\u00edos nacionales con posibles soluciones a partir del uso de tecnolog\u00edas nucleares y radiol\u00f3gicas. Prioriza tres \u00e1reas de servicios para recoger los desaf\u00edos: irradiaci\u00f3n de alimento, principalmente orientados a la exportaci\u00f3n; t\u00e9cnicas de an\u00e1lisis&#8230; <a class=\"read-more\" href=\"https:\/\/www.cchen.cl\/?page_id=161\">Leer m\u00e1s >><\/a><\/p>\n","protected":false},"author":3,"featured_media":0,"parent":153,"menu_order":0,"comment_status":"closed","ping_status":"closed","template":"institucion-interior.php","meta":{"footnotes":"","_links_to":"","_links_to_target":""},"class_list":["post-161","page","type-page","status-publish","hentry"],"_links":{"self":[{"href":"https:\/\/www.cchen.cl\/index.php?rest_route=\/wp\/v2\/pages\/161","targetHints":{"allow":["GET"]}}],"collection":[{"href":"https:\/\/www.cchen.cl\/index.php?rest_route=\/wp\/v2\/pages"}],"about":[{"href":"https:\/\/www.cchen.cl\/index.php?rest_route=\/wp\/v2\/types\/page"}],"author":[{"embeddable":true,"href":"https:\/\/www.cchen.cl\/index.php?rest_route=\/wp\/v2\/users\/3"}],"replies":[{"embeddable":true,"href":"https:\/\/www.cchen.cl\/index.php?rest_route=%2Fwp%2Fv2%2Fcomments&post=161"}],"version-history":[{"count":9,"href":"https:\/\/www.cchen.cl\/index.php?rest_route=\/wp\/v2\/pages\/161\/revisions"}],"predecessor-version":[{"id":2178,"href":"https:\/\/www.cchen.cl\/index.php?rest_route=\/wp\/v2\/pages\/161\/revisions\/2178"}],"up":[{"embeddable":true,"href":"https:\/\/www.cchen.cl\/index.php?rest_route=\/wp\/v2\/pages\/153"}],"wp:attachment":[{"href":"https:\/\/www.cchen.cl\/index.php?rest_route=%2Fwp%2Fv2%2Fmedia&parent=161"}],"curies":[{"name":"wp","href":"https:\/\/api.w.org\/{rel}","templated":true}]}}