{"id":1611,"date":"2018-10-17T08:22:27","date_gmt":"2018-10-17T12:22:27","guid":{"rendered":"http:\/\/nueva.cchen.cl\/?page_id=1611"},"modified":"2019-03-25T10:50:28","modified_gmt":"2019-03-25T14:50:28","slug":"energia-medioambiente-y-cambio-climatico","status":"publish","type":"page","link":"https:\/\/www.cchen.cl\/?page_id=1611","title":{"rendered":"Energ\u00eda y Medioambiente"},"content":{"rendered":"<p>La generaci\u00f3n de energ\u00eda es un pilar del desarrollo econ\u00f3mico y social, por lo tanto, su rol es clave para lograr un desarrollo sustentable.<\/p>\n<p>Todas las fuentes de generaci\u00f3n de energ\u00eda producen impactos tanto positivos como negativos en el medio ambiente, por lo tanto, su adecuada gesti\u00f3n es crucial en un escenario de creciente consumo energ\u00e9tico a nivel mundial.<\/p>\n<p>La energ\u00eda nuclear, durante el proceso normal de producci\u00f3n de electricidad, tiene un bajo impacto ambiental, principalmente asociado a la generaci\u00f3n de residuos radiactivos. Estos se originan  en todas las etapas del ciclo de vida del combustible nuclear y son controlados y manejados bajo altos est\u00e1ndares de seguridad, con el fin de reducir los posibles efectos de la radioactividad.<\/p>\n<p>Uno de los efectos positivos m\u00e1s importantes para el medioambiente es su  baja contribuci\u00f3n de emisiones de Gases Efecto Invernadero (GEI), ya que no emite CO2 durante su operaci\u00f3n, las cuales son comparables a fuentes energ\u00e9ticas renovables como la energ\u00eda solar o e\u00f3lica. Esta ventaja permite que sea una estrategia viable para enfrentar el cambio clim\u00e1tico.<\/p>\n<p>M\u00e1s informaci\u00f3n en: <\/p>\n<ul>\n<li><a href=\"https:\/\/www.cchen.cl\/?page_id=3692\" rel=\"noopener\" target=\"_blank\">\u201cEstudio para la identificaci\u00f3n y evaluaci\u00f3n de posibles efectos e impactos ambientales producidos por la generaci\u00f3n de energ\u00eda nuclear de potencia en Chile\u201d<\/a><\/li>\n<\/ul>\n","protected":false},"excerpt":{"rendered":"<p>La generaci\u00f3n de energ\u00eda es un pilar del desarrollo econ\u00f3mico y social, por lo tanto, su rol es clave para lograr un desarrollo sustentable. Todas las fuentes de generaci\u00f3n de energ\u00eda producen impactos tanto positivos como negativos en el medio ambiente, por lo tanto, su adecuada gesti\u00f3n es crucial en un escenario de creciente consumo&#8230; <a class=\"read-more\" href=\"https:\/\/www.cchen.cl\/?page_id=1611\">Leer m\u00e1s >><\/a><\/p>\n","protected":false},"author":3,"featured_media":0,"parent":30,"menu_order":0,"comment_status":"closed","ping_status":"closed","template":"nucleoelectricidad-interior.php","meta":{"footnotes":"","_links_to":"","_links_to_target":""},"class_list":["post-1611","page","type-page","status-publish","hentry"],"_links":{"self":[{"href":"https:\/\/www.cchen.cl\/index.php?rest_route=\/wp\/v2\/pages\/1611","targetHints":{"allow":["GET"]}}],"collection":[{"href":"https:\/\/www.cchen.cl\/index.php?rest_route=\/wp\/v2\/pages"}],"about":[{"href":"https:\/\/www.cchen.cl\/index.php?rest_route=\/wp\/v2\/types\/page"}],"author":[{"embeddable":true,"href":"https:\/\/www.cchen.cl\/index.php?rest_route=\/wp\/v2\/users\/3"}],"replies":[{"embeddable":true,"href":"https:\/\/www.cchen.cl\/index.php?rest_route=%2Fwp%2Fv2%2Fcomments&post=1611"}],"version-history":[{"count":9,"href":"https:\/\/www.cchen.cl\/index.php?rest_route=\/wp\/v2\/pages\/1611\/revisions"}],"predecessor-version":[{"id":3977,"href":"https:\/\/www.cchen.cl\/index.php?rest_route=\/wp\/v2\/pages\/1611\/revisions\/3977"}],"up":[{"embeddable":true,"href":"https:\/\/www.cchen.cl\/index.php?rest_route=\/wp\/v2\/pages\/30"}],"wp:attachment":[{"href":"https:\/\/www.cchen.cl\/index.php?rest_route=%2Fwp%2Fv2%2Fmedia&parent=1611"}],"curies":[{"name":"wp","href":"https:\/\/api.w.org\/{rel}","templated":true}]}}