{"id":1613,"date":"2018-10-17T08:22:58","date_gmt":"2018-10-17T12:22:58","guid":{"rendered":"http:\/\/nueva.cchen.cl\/?page_id=1613"},"modified":"2023-05-18T10:19:21","modified_gmt":"2023-05-18T14:19:21","slug":"ciclo-de-vida-combustibles-nucleares","status":"publish","type":"page","link":"https:\/\/www.cchen.cl\/?page_id=1613","title":{"rendered":"Ciclo del Combustible Nuclear"},"content":{"rendered":"<p><img decoding=\"async\" class=\"wp-image-726 size-full\" src=\"https:\/\/www.cchen.cl\/wp-content\/uploads\/2019\/03\/figura18_nucleo-e1552673457226.jpg\" alt=\"Ciclo del combustible nuclear (Fuente: IDOM 2018)\" \/>Ciclo del combustible nuclear (Fuente: IDOM 2018)<\/p>\n<p>El ciclo de combustible nuclear es el conjunto de procesos asociados a la producci\u00f3n de energ\u00eda de trav\u00e9s del uso de reacciones nucleares. Este comprende todas las fases del proceso, desde la extracci\u00f3n del mineral de uranio para la fabricaci\u00f3n del combustible nuclear hasta la gesti\u00f3n definitiva de los residuos radiactivos generados por las centrales nucleares (IDOM, 2018).<\/p>\n<p>Se definen dos tipos de ciclo: ciclo abierto y ciclo cerrado. El \u201cciclo cerrado\u201d incluye la miner\u00eda, la producci\u00f3n de concentrados de uranio, el enriquecimiento (si procede), la fabricaci\u00f3n de los elementos combustibles, su empleo en el reactor y la relaci\u00f3n de los elementos combustibles irradiados. En este caso, el combustible irradiado no se reelabora, y es considerado en su totalidad como residuo radiactivo, con lo que no se completa el denominado ciclo del combustible nuclear\u00bb.<\/p>\n<p>Los procesos asociados al ciclo del combustible son dise\u00f1ados para mantener una operaci\u00f3n sustentable, es decir que sea segura para el medioambiente y las personas y que sea econ\u00f3micamente viable. De esta forma es un proceso que est\u00e1 en constante perfeccionamiento de forma de optimizar el uso del combustible nuclear.<\/p>\n","protected":false},"excerpt":{"rendered":"<p>Ciclo del combustible nuclear (Fuente: IDOM 2018) El ciclo de combustible nuclear es el conjunto de procesos asociados a la producci\u00f3n de energ\u00eda de trav\u00e9s del uso de reacciones nucleares. Este comprende todas las fases del proceso, desde la extracci\u00f3n del mineral de uranio para la fabricaci\u00f3n del combustible nuclear hasta la gesti\u00f3n definitiva de&#8230; <a class=\"read-more\" href=\"https:\/\/www.cchen.cl\/?page_id=1613\">Leer m\u00e1s >><\/a><\/p>\n","protected":false},"author":3,"featured_media":0,"parent":1611,"menu_order":0,"comment_status":"closed","ping_status":"closed","template":"nucleoelectricidad-interior.php","meta":{"footnotes":"","_links_to":"","_links_to_target":""},"class_list":["post-1613","page","type-page","status-publish","hentry"],"_links":{"self":[{"href":"https:\/\/www.cchen.cl\/index.php?rest_route=\/wp\/v2\/pages\/1613","targetHints":{"allow":["GET"]}}],"collection":[{"href":"https:\/\/www.cchen.cl\/index.php?rest_route=\/wp\/v2\/pages"}],"about":[{"href":"https:\/\/www.cchen.cl\/index.php?rest_route=\/wp\/v2\/types\/page"}],"author":[{"embeddable":true,"href":"https:\/\/www.cchen.cl\/index.php?rest_route=\/wp\/v2\/users\/3"}],"replies":[{"embeddable":true,"href":"https:\/\/www.cchen.cl\/index.php?rest_route=%2Fwp%2Fv2%2Fcomments&post=1613"}],"version-history":[{"count":13,"href":"https:\/\/www.cchen.cl\/index.php?rest_route=\/wp\/v2\/pages\/1613\/revisions"}],"predecessor-version":[{"id":7390,"href":"https:\/\/www.cchen.cl\/index.php?rest_route=\/wp\/v2\/pages\/1613\/revisions\/7390"}],"up":[{"embeddable":true,"href":"https:\/\/www.cchen.cl\/index.php?rest_route=\/wp\/v2\/pages\/1611"}],"wp:attachment":[{"href":"https:\/\/www.cchen.cl\/index.php?rest_route=%2Fwp%2Fv2%2Fmedia&parent=1613"}],"curies":[{"name":"wp","href":"https:\/\/api.w.org\/{rel}","templated":true}]}}