{"id":1617,"date":"2018-10-17T08:23:59","date_gmt":"2018-10-17T12:23:59","guid":{"rendered":"http:\/\/nueva.cchen.cl\/?page_id=1617"},"modified":"2018-12-11T14:46:48","modified_gmt":"2018-12-11T18:46:48","slug":"cop21","status":"publish","type":"page","link":"https:\/\/www.cchen.cl\/?page_id=1617","title":{"rendered":"Cop21"},"content":{"rendered":"<p><span style=\"font-weight: 400;\">La Conferencia de las Naciones Unidas sobre Cambio Clim\u00e1tico 2015 (COP21) se realiz\u00f3 en Par\u00eds, del 30 de noviembre de 2015 al 12 de diciembre de 2015, contando con la participaci\u00f3n de 195 naciones. En esta conferencia se alcanz\u00f3 el Acuerdo Paris, cuyo objetivo es hacer frente al cambio clim\u00e1tico, mediante medidas e inversiones que promuevan un desarrollo bajo en emisiones de carbono.<\/span><\/p>\n<p><span style=\"font-weight: 400;\">Las medidas apuntan a evitar el aumento de la temperatura global sobre los 2 grados cent\u00edgrados, buscando incluso no exceder los 1,5 grados cent\u00edgrados sobre los niveles preindustriales.<\/span><\/p>\n<p><span style=\"font-weight: 400;\">Los compromisos de nuestro pa\u00eds para limitar las emisiones de gases efecto invernadero (GEI) son:<\/span><\/p>\n<ul>\n<li><span style=\"font-weight: 400;\">a) Chile se compromete al 2030 a reducir sus emisiones de CO2 por unidad de PIB en un 30%, con respecto al nivel alcanzado en 2007, considerando un crecimiento econ\u00f3mico futuro que le permita implementar las medidas adecuadas para alcanzar este compromiso.<\/span><\/li>\n<li><span style=\"font-weight: 400;\">b) Adicionalmente, y condicionado a la obtenci\u00f3n de aportes monetarios internacionales, el pa\u00eds se compromete al 2030, a aumentar su reducci\u00f3n de emisiones de CO2 por unidad de PIB hasta alcanzar una disminuci\u00f3n entre 35% a 45% con respecto al nivel alcanzado en 2007, considerando, a la vez, un crecimiento econ\u00f3mico futuro que le permita implementar las medidas adecuadas para alcanzar este compromiso.<\/span><\/li>\n<\/ul>\n<p><span style=\"font-weight: 400;\">Adicionalmente, cuenta con objetivos de reducci\u00f3n espec\u00edficos para el sector de uso de la tierra, cambio de uso de la tierra y silvicultura (UTCUTS):<\/span><\/p>\n<ul>\n<li><span style=\"font-weight: 400;\">a) Chile se compromete al manejo sustentable y a la recuperaci\u00f3n de 100.000 hect\u00e1reas de bosque, principalmente nativo, que representar\u00e1 capturas y reducci\u00f3n de Gases de Efecto Invernadero en alrededor de 600.000 toneladas de CO2 equivalente anuales, a partir del 2030. Este compromiso est\u00e1 condicionado a la aprobaci\u00f3n de modificaciones de la Ley sobre Recuperaci\u00f3n de Bosque Nativo y Fomento Forestal.<\/span><\/li>\n<li><span style=\"font-weight: 400;\">b) Chile se compromete a forestar 100.000 hect\u00e1reas, en su mayor\u00eda con especies nativas, que representar\u00e1n capturas de entre 900.000 y 1.200.000 toneladas de CO2 equivalente anuales, a partir del 2030. Este compromiso est\u00e1 condicionado a la pr\u00f3rroga del Decreto Ley 701 y a la aprobaci\u00f3n de una nueva Ley de Fomento Forestal.<\/span><\/li>\n<\/ul>\n<p><span style=\"font-weight: 400;\">Estos objetivos est\u00e1n plasmados en el documento \u201cContribuci\u00f3n nacional tentativa dDe Chile (Indc) para el Acuerdo Clim\u00e1tico Paris 2015\u201d del Gobierno de Chile (2015).<\/span><\/p>\n<p><span style=\"font-weight: 400;\">LINK: <a href=\"http:\/\/portal.mma.gob.cl\/wp-content\/uploads\/2016\/05\/2015-INDC-web.pdf\" target=\"_blank\" rel=\"noopener\">http:\/\/portal.mma.gob.cl\/wp-content\/uploads\/2016\/05\/2015-INDC-web.pdf<\/a><\/span><\/p>\n<p>&nbsp;<\/p>\n","protected":false},"excerpt":{"rendered":"<p>La Conferencia de las Naciones Unidas sobre Cambio Clim\u00e1tico 2015 (COP21) se realiz\u00f3 en Par\u00eds, del 30 de noviembre de 2015 al 12 de diciembre de 2015, contando con la participaci\u00f3n de 195 naciones. En esta conferencia se alcanz\u00f3 el Acuerdo Paris, cuyo objetivo es hacer frente al cambio clim\u00e1tico, mediante medidas e inversiones que&#8230; <a class=\"read-more\" href=\"https:\/\/www.cchen.cl\/?page_id=1617\">Leer m\u00e1s >><\/a><\/p>\n","protected":false},"author":3,"featured_media":0,"parent":1611,"menu_order":0,"comment_status":"closed","ping_status":"closed","template":"nucleoelectricidad-interior.php","meta":{"footnotes":"","_links_to":"","_links_to_target":""},"class_list":["post-1617","page","type-page","status-publish","hentry"],"_links":{"self":[{"href":"https:\/\/www.cchen.cl\/index.php?rest_route=\/wp\/v2\/pages\/1617","targetHints":{"allow":["GET"]}}],"collection":[{"href":"https:\/\/www.cchen.cl\/index.php?rest_route=\/wp\/v2\/pages"}],"about":[{"href":"https:\/\/www.cchen.cl\/index.php?rest_route=\/wp\/v2\/types\/page"}],"author":[{"embeddable":true,"href":"https:\/\/www.cchen.cl\/index.php?rest_route=\/wp\/v2\/users\/3"}],"replies":[{"embeddable":true,"href":"https:\/\/www.cchen.cl\/index.php?rest_route=%2Fwp%2Fv2%2Fcomments&post=1617"}],"version-history":[{"count":6,"href":"https:\/\/www.cchen.cl\/index.php?rest_route=\/wp\/v2\/pages\/1617\/revisions"}],"predecessor-version":[{"id":2502,"href":"https:\/\/www.cchen.cl\/index.php?rest_route=\/wp\/v2\/pages\/1617\/revisions\/2502"}],"up":[{"embeddable":true,"href":"https:\/\/www.cchen.cl\/index.php?rest_route=\/wp\/v2\/pages\/1611"}],"wp:attachment":[{"href":"https:\/\/www.cchen.cl\/index.php?rest_route=%2Fwp%2Fv2%2Fmedia&parent=1617"}],"curies":[{"name":"wp","href":"https:\/\/api.w.org\/{rel}","templated":true}]}}