{"id":1644,"date":"2018-10-17T09:59:23","date_gmt":"2018-10-17T13:59:23","guid":{"rendered":"http:\/\/nueva.cchen.cl\/?page_id=1644"},"modified":"2023-05-17T14:30:54","modified_gmt":"2023-05-17T18:30:54","slug":"cooperacion-internacional","status":"publish","type":"page","link":"https:\/\/www.cchen.cl\/?page_id=1644","title":{"rendered":"Relaciones Internacionales"},"content":{"rendered":"<p>Esta \u00e1rea est\u00e1 a cargo de la Oficina de Cooperaci\u00f3n T\u00e9cnica y Relaciones Internacionales, dependiente de la Divisi\u00f3n Corporativa.<\/p>\n<p>Tiene por objetivo integrar a la Comisi\u00f3n y a las instituciones nacionales al \u00e1mbito de cooperaci\u00f3n t\u00e9cnica internacional en el \u00e1rea nuclear, para incorporar, actualizar y fortalecer sus capacidades cient\u00edfico-tecnol\u00f3gicas para beneficio de la sociedad y mantener los v\u00ednculos con los organismos externos en su \u00e1mbito de desempe\u00f1o, para que el pa\u00eds d\u00e9 cumplimiento a su rol en el marco de la comunidad nuclear.<\/p>\n","protected":false},"excerpt":{"rendered":"<p>Esta \u00e1rea est\u00e1 a cargo de la Oficina de Cooperaci\u00f3n T\u00e9cnica y Relaciones Internacionales, dependiente de la Divisi\u00f3n Corporativa. Tiene por objetivo integrar a la Comisi\u00f3n y a las instituciones nacionales al \u00e1mbito de cooperaci\u00f3n t\u00e9cnica internacional en el \u00e1rea nuclear, para incorporar, actualizar y fortalecer sus capacidades cient\u00edfico-tecnol\u00f3gicas para beneficio de la sociedad y&#8230; <a class=\"read-more\" href=\"https:\/\/www.cchen.cl\/?page_id=1644\">Leer m\u00e1s >><\/a><\/p>\n","protected":false},"author":3,"featured_media":0,"parent":20,"menu_order":0,"comment_status":"closed","ping_status":"closed","template":"institucion-interior.php","meta":{"footnotes":"","_links_to":"","_links_to_target":""},"class_list":["post-1644","page","type-page","status-publish","hentry"],"_links":{"self":[{"href":"https:\/\/www.cchen.cl\/index.php?rest_route=\/wp\/v2\/pages\/1644","targetHints":{"allow":["GET"]}}],"collection":[{"href":"https:\/\/www.cchen.cl\/index.php?rest_route=\/wp\/v2\/pages"}],"about":[{"href":"https:\/\/www.cchen.cl\/index.php?rest_route=\/wp\/v2\/types\/page"}],"author":[{"embeddable":true,"href":"https:\/\/www.cchen.cl\/index.php?rest_route=\/wp\/v2\/users\/3"}],"replies":[{"embeddable":true,"href":"https:\/\/www.cchen.cl\/index.php?rest_route=%2Fwp%2Fv2%2Fcomments&post=1644"}],"version-history":[{"count":10,"href":"https:\/\/www.cchen.cl\/index.php?rest_route=\/wp\/v2\/pages\/1644\/revisions"}],"predecessor-version":[{"id":2890,"href":"https:\/\/www.cchen.cl\/index.php?rest_route=\/wp\/v2\/pages\/1644\/revisions\/2890"}],"up":[{"embeddable":true,"href":"https:\/\/www.cchen.cl\/index.php?rest_route=\/wp\/v2\/pages\/20"}],"wp:attachment":[{"href":"https:\/\/www.cchen.cl\/index.php?rest_route=%2Fwp%2Fv2%2Fmedia&parent=1644"}],"curies":[{"name":"wp","href":"https:\/\/api.w.org\/{rel}","templated":true}]}}