{"id":172,"date":"2018-08-13T13:51:08","date_gmt":"2018-08-13T17:51:08","guid":{"rendered":"http:\/\/nueva.cchen.cl\/?page_id=172"},"modified":"2023-04-20T10:01:22","modified_gmt":"2023-04-20T14:01:22","slug":"bienes-publicos","status":"publish","type":"page","link":"https:\/\/www.cchen.cl\/?page_id=172","title":{"rendered":"Bienes P\u00fablicos"},"content":{"rendered":"<p>Un bien p\u00fablico es aquel que se caracteriza por su acceso universal y, por consiguiente, puede ser utilizado por cualquier entidad que as\u00ed lo solicite. Es el Estado quien se encarga de administrar, cumplir y velar que estos existan y est\u00e9n disponibles.<\/p>\n<p>En este sentido, la <abbr class='c2c-text-hover' title='Comisi\u00f3n Chilena de Energ\u00eda Nuclear.'>CCHEN<\/abbr> dispone de capacidades de experiencia y conocimiento, mediante colaboradores especializados que realizan investigaci\u00f3n cient\u00edfica y tecnol\u00f3gica en las \u00e1reas de: (i) <strong>Ciencias Nucleares<\/strong>,\u00a0(ii) <strong>Tecnolog\u00edas Nucleares<\/strong> y (iii) <strong>Materiales Avanzados<\/strong>,\u00a0que dan como resultado la generaci\u00f3n y desarrollo de activos intelectuales y transferibles a la sociedad en forma de tecnolog\u00edas y conocimientos en torno a la energ\u00eda nuclear y a las radiaciones ionizantes.<\/p>\n<p>Adem\u00e1s, la <abbr class='c2c-text-hover' title='Comisi\u00f3n Chilena de Energ\u00eda Nuclear.'>CCHEN<\/abbr> posee infraestructura \u00fanica en el pa\u00eds, con lo que se encuentra habilitada para proveer bienes p\u00fablicos. Estos permiten aportar a bienes y servicios de inter\u00e9s social, a saber:<\/p>\n<ul>\n<li><b>Reactor Nuclear Experimental (<abbr class='c2c-text-hover' title='Reactor Experimental Chileno N\u00ba1, ubicado en el Centro de Estudios Nucleares La Reina.'>RECH-1<\/abbr>)<\/b><span style=\"font-weight: 400;\">:<\/span>\n<ul>\n<li>Medici\u00f3n scattering difuso de neutrones.<\/li>\n<li><span style=\"font-weight: 400;\">Medici\u00f3n por difract\u00f3metro de neutrones.<\/span><\/li>\n<li><span style=\"font-weight: 400;\">Perfilamiento en profundidad por neutrones.<\/span><\/li>\n<li><span style=\"font-weight: 400;\">An\u00e1lisis por espectrometr\u00eda prompt-gamma.<\/span><\/li>\n<li><span style=\"font-weight: 400;\">An\u00e1lisis por activaci\u00f3n neutr\u00f3nica.<\/span><\/li>\n<li><span style=\"font-weight: 400;\">Producci\u00f3n de radiois\u00f3topos precursores de radiof\u00e1rmacos (Iodo-131, Tecnecio-99).<\/span><\/li>\n<\/ul>\n<\/li>\n<\/ul>\n<ul>\n<li style=\"font-weight: 400;\"><strong>Ciclotr\u00f3n,<\/strong> con el que se produce el radiois\u00f3topo Fl\u00faor-18.<\/li>\n<\/ul>\n<ul>\n<li style=\"font-weight: 400;\"><b>Planta de Irradiaci\u00f3n Multiprop\u00f3sito<\/b>:\n<ul>\n<li>Preservaci\u00f3n de alimentos.<\/li>\n<\/ul>\n<ul>\n<li style=\"font-weight: 400;\"><span style=\"font-weight: 400;\">Reducci\u00f3n de la carga biol\u00f3gica de alimentos, insumos quir\u00fargicos y tratamiento de residuos hospitalarios pat\u00f3genos, entre otros.<\/span><\/li>\n<\/ul>\n<\/li>\n<\/ul>\n<ul>\n<li style=\"font-weight: 400;\"><strong>Planta de Elementos Combustibles:<\/strong>\n<ul>\n<li style=\"font-weight: 400;\">Instalaci\u00f3n nuclear licenciada para estudios, dise\u00f1o y fabricaci\u00f3n de elementos combustibles para reactores nucleares de investigaci\u00f3n.<\/li>\n<li style=\"font-weight: 400;\"><span style=\"font-weight: 400;\">Abastece al reactor nuclear <abbr class='c2c-text-hover' title='Reactor Experimental Chileno N\u00ba1, ubicado en el Centro de Estudios Nucleares La Reina.'>RECH-1<\/abbr> de elementos combustibles, siendo la primera instalaci\u00f3n en Latinoam\u00e9rica en fabricar una carga completa de combustible con uranio de bajo enriquecimiento. <\/span><\/li>\n<li style=\"font-weight: 400;\"><span style=\"font-weight: 400;\">Cuenta con instalaciones y equipamiento para fabricaci\u00f3n, inspecci\u00f3n y control de calidad del material combustible y de los elementos estructurales que componen los elementos combustibles. <\/span><\/li>\n<li style=\"font-weight: 400;\"><span style=\"font-weight: 400;\">Investigaci\u00f3n y desarrollo de materiales avanzados, y servicios tecnol\u00f3gicos especializados.<\/span><\/li>\n<\/ul>\n<\/li>\n<\/ul>\n<ul>\n<li style=\"font-weight: 400;\"><b>Laboratorio de Metrolog\u00eda de las Radiaciones Ionizantes<\/b><span style=\"font-weight: 400;\">:<\/span>\n<ul>\n<li style=\"font-weight: 400;\">Establecer, mantener y fabricar patrones secundarios en medidas de radiactividad.<\/li>\n<\/ul>\n<\/li>\n<\/ul>\n<ul>\n<li style=\"font-weight: 400;\"><strong>Red Nacional de Vigilancia Radiol\u00f3gica Ambiental:<\/strong>\n<ul>\n<li style=\"font-weight: 400;\">Sistema de monitoreo 24\/7 que informa las dosis de radiaci\u00f3n presente en el ambiente por causas naturales (radiaci\u00f3n c\u00f3smica del espacio o la que emiten ciertos elementos radiactivos en la Tierra) o por causas relacionadas con la actividad humana (industria).<\/li>\n<li style=\"font-weight: 400;\"><span style=\"font-weight: 400;\">Controla que los niveles de radiaci\u00f3n de fondo est\u00e9n en los par\u00e1metros normales. <\/span><\/li>\n<li style=\"font-weight: 400;\"><span style=\"font-weight: 400;\">Estos datos permiten alimentar a la red <\/span><i><span style=\"font-weight: 400;\">International Radiation Monitoring Information System<\/span><\/i><span style=\"font-weight: 400;\"> (IRMIS), quedando a disposici\u00f3n de los pa\u00edses participantes, que pueden ser notificados tempranamente de cualquier accidente nuclear o emergencia radiol\u00f3gica a nivel de hemisferios.<\/span><\/li>\n<\/ul>\n<\/li>\n<\/ul>\n<ul>\n<li style=\"font-weight: 400;\"><strong>Centro Nacional de Datos del Sistema Internacional de Vigilancia de Ensayos Nucleares:<\/strong>\n<ul>\n<li style=\"font-weight: 400;\">Permite detectar en tiempo real cualquier tipo de anomal\u00eda, principalmente de tipo radiol\u00f3gica, que pudiese estar ocurriendo en cualquier parte del orbe (Tratado de Prohibici\u00f3n Completa de Ensayos Nucleares).<\/li>\n<li style=\"font-weight: 400;\"><span style=\"font-weight: 400;\">Mantenci\u00f3n y acopio de datos provenientes de estaciones de monitoreo ubicadas en Calama, Isla de Pascua, Isla Juan Fern\u00e1ndez y Punta Arenas.<\/span><\/li>\n<\/ul>\n<\/li>\n<\/ul>\n<ul>\n<li style=\"font-weight: 400;\"><strong>Servicios Gesti\u00f3n de Desechos Radiactivos:<\/strong>\n<ul>\n<li style=\"font-weight: 400;\">Asesor\u00eda en gesti\u00f3n de desechos radiactivos para los generadores del pa\u00eds (instalaciones radiactivas y nucleares).<\/li>\n<\/ul>\n<ul>\n<li style=\"font-weight: 400;\"><span style=\"font-weight: 400;\">Tratamiento, acondicionamiento y almacenamiento permanente de los desechos radiactivos en instalaciones operadas y mantenidas en condiciones de seguridad, seg\u00fan requisitos reglamentarios, nacionales e internacionales.<\/span><\/li>\n<\/ul>\n<\/li>\n<\/ul>\n<ul>\n<li style=\"font-weight: 400;\"><b>Instalaciones radiactivas de 1\u00aa categor\u00eda<\/b> protegidas para uso y estudio de la energ\u00eda nuclear. Otorga autorizaciones:\n<ul>\n<li>Operaci\u00f3n y construcci\u00f3n de instalaciones especiales para trabajadores que se desempe\u00f1an en estas instalaciones.<\/li>\n<li><span style=\"font-weight: 400;\">Transporte de material radiactivo.<\/span><\/li>\n<li><span style=\"font-weight: 400;\">Importaci\u00f3n\/exportaci\u00f3n de este tipo de material y de equipos asociados.<\/span><\/li>\n<li><span style=\"font-weight: 400;\">Transferencia para instalaciones radiactivas.<\/span><\/li>\n<li><span style=\"font-weight: 400;\">Cierre definitivo y temporal para dichas instalaciones.<\/span><\/li>\n<\/ul>\n<\/li>\n<\/ul>\n","protected":false},"excerpt":{"rendered":"<p>Un bien p\u00fablico es aquel que se caracteriza por su acceso universal y, por consiguiente, puede ser utilizado por cualquier entidad que as\u00ed lo solicite. Es el Estado quien se encarga de administrar, cumplir y velar que estos existan y est\u00e9n disponibles. En este sentido, la <abbr class='c2c-text-hover' title='Comisi\u00f3n Chilena de Energ\u00eda Nuclear.'>CCHEN<\/abbr> dispone de capacidades de experiencia y conocimiento, mediante&#8230; <a class=\"read-more\" href=\"https:\/\/www.cchen.cl\/?page_id=172\">Leer m\u00e1s >><\/a><\/p>\n","protected":false},"author":3,"featured_media":0,"parent":20,"menu_order":0,"comment_status":"closed","ping_status":"closed","template":"institucion-interior.php","meta":{"footnotes":"","_links_to":"","_links_to_target":""},"class_list":["post-172","page","type-page","status-publish","hentry"],"_links":{"self":[{"href":"https:\/\/www.cchen.cl\/index.php?rest_route=\/wp\/v2\/pages\/172","targetHints":{"allow":["GET"]}}],"collection":[{"href":"https:\/\/www.cchen.cl\/index.php?rest_route=\/wp\/v2\/pages"}],"about":[{"href":"https:\/\/www.cchen.cl\/index.php?rest_route=\/wp\/v2\/types\/page"}],"author":[{"embeddable":true,"href":"https:\/\/www.cchen.cl\/index.php?rest_route=\/wp\/v2\/users\/3"}],"replies":[{"embeddable":true,"href":"https:\/\/www.cchen.cl\/index.php?rest_route=%2Fwp%2Fv2%2Fcomments&post=172"}],"version-history":[{"count":16,"href":"https:\/\/www.cchen.cl\/index.php?rest_route=\/wp\/v2\/pages\/172\/revisions"}],"predecessor-version":[{"id":4845,"href":"https:\/\/www.cchen.cl\/index.php?rest_route=\/wp\/v2\/pages\/172\/revisions\/4845"}],"up":[{"embeddable":true,"href":"https:\/\/www.cchen.cl\/index.php?rest_route=\/wp\/v2\/pages\/20"}],"wp:attachment":[{"href":"https:\/\/www.cchen.cl\/index.php?rest_route=%2Fwp%2Fv2%2Fmedia&parent=172"}],"curies":[{"name":"wp","href":"https:\/\/api.w.org\/{rel}","templated":true}]}}