{"id":181,"date":"2018-08-13T13:55:41","date_gmt":"2018-08-13T17:55:41","guid":{"rendered":"http:\/\/nueva.cchen.cl\/?page_id=181"},"modified":"2018-10-17T08:53:25","modified_gmt":"2018-10-17T12:53:25","slug":"exportacion-de-alimentos-y-soluciones-de-inocuidad","status":"publish","type":"page","link":"https:\/\/www.cchen.cl\/?page_id=181","title":{"rendered":"Exportaci\u00f3n de alimentos y soluciones de inocuidad"},"content":{"rendered":"<p>En lo que respecta a la detecci\u00f3n de radion\u00faclidos de importancia sanitaria,\u00a0la Comisi\u00f3n Chilena de Energ\u00eda Nuclear realiza an\u00e1lisis radiol\u00f3gicos a productos de exportaci\u00f3n, tales como\u00a0mantequilla, leche en polvo, queso, manzanas y\u00a0carne de pavo, por citar algunos.<\/p>\n<p>Con esto, se certifica el \u00f3ptimo estado de los productos para el consumo humano y se facilita el ingreso y el proceso de comercializaci\u00f3n de los mismos en los mercados\u00a0internacionales.<\/p>\n<p>Cabe destacar que la <abbr class='c2c-text-hover' title='Comisi\u00f3n Chilena de Energ\u00eda Nuclear.'>CCHEN<\/abbr>, adem\u00e1s, participa de una base de datos regional\u00a0con valores georreferenciados de radiactividad en alimentos t\u00edpicos de Am\u00e9rica Latina, donde\u00a0hay un importante aporte de datos por parte de Chile.<\/p>\n","protected":false},"excerpt":{"rendered":"<p>En lo que respecta a la detecci\u00f3n de radion\u00faclidos de importancia sanitaria,\u00a0la Comisi\u00f3n Chilena de Energ\u00eda Nuclear realiza an\u00e1lisis radiol\u00f3gicos a productos de exportaci\u00f3n, tales como\u00a0mantequilla, leche en polvo, queso, manzanas y\u00a0carne de pavo, por citar algunos. Con esto, se certifica el \u00f3ptimo estado de los productos para el consumo humano y se facilita el&#8230; <a class=\"read-more\" href=\"https:\/\/www.cchen.cl\/?page_id=181\">Leer m\u00e1s >><\/a><\/p>\n","protected":false},"author":3,"featured_media":0,"parent":172,"menu_order":0,"comment_status":"closed","ping_status":"closed","template":"institucion-interior.php","meta":{"footnotes":"","_links_to":"","_links_to_target":""},"class_list":["post-181","page","type-page","status-publish","hentry"],"_links":{"self":[{"href":"https:\/\/www.cchen.cl\/index.php?rest_route=\/wp\/v2\/pages\/181","targetHints":{"allow":["GET"]}}],"collection":[{"href":"https:\/\/www.cchen.cl\/index.php?rest_route=\/wp\/v2\/pages"}],"about":[{"href":"https:\/\/www.cchen.cl\/index.php?rest_route=\/wp\/v2\/types\/page"}],"author":[{"embeddable":true,"href":"https:\/\/www.cchen.cl\/index.php?rest_route=\/wp\/v2\/users\/3"}],"replies":[{"embeddable":true,"href":"https:\/\/www.cchen.cl\/index.php?rest_route=%2Fwp%2Fv2%2Fcomments&post=181"}],"version-history":[{"count":3,"href":"https:\/\/www.cchen.cl\/index.php?rest_route=\/wp\/v2\/pages\/181\/revisions"}],"predecessor-version":[{"id":1631,"href":"https:\/\/www.cchen.cl\/index.php?rest_route=\/wp\/v2\/pages\/181\/revisions\/1631"}],"up":[{"embeddable":true,"href":"https:\/\/www.cchen.cl\/index.php?rest_route=\/wp\/v2\/pages\/172"}],"wp:attachment":[{"href":"https:\/\/www.cchen.cl\/index.php?rest_route=%2Fwp%2Fv2%2Fmedia&parent=181"}],"curies":[{"name":"wp","href":"https:\/\/api.w.org\/{rel}","templated":true}]}}