{"id":1847,"date":"2018-10-23T17:29:38","date_gmt":"2018-10-23T21:29:38","guid":{"rendered":"http:\/\/nueva.cchen.cl\/?page_id=1847"},"modified":"2023-05-18T10:04:21","modified_gmt":"2023-05-18T14:04:21","slug":"codigo-de-etica","status":"publish","type":"page","link":"https:\/\/www.cchen.cl\/?page_id=1847","title":{"rendered":"C\u00f3digo de \u00c9tica"},"content":{"rendered":"<figure id=\"attachment_230\" aria-describedby=\"caption-attachment-230\" style=\"width: 200px\" class=\"wp-caption alignright\"><a href=\"http:\/\/nueva.cchen.cl\/pdf\/codigo_etica_cchen_2016.pdf\" target=\"_blank\" rel=\"noopener noreferrer\"><img decoding=\"async\" class=\"wp-image-230 size-medium\" src=\"https:\/\/www.cchen.cl\/wp-content\/uploads\/2019\/02\/CODIGO-ETICA.png\" alt=\"C\u00f3digo de \u00c9tica\" width=\"200\" \/><\/a><figcaption id=\"caption-attachment-230\" class=\"wp-caption-text\">C\u00f3digo de \u00c9tica<\/figcaption><\/figure>\n<p>Se trata de una gu\u00eda que orienta y facilita la comprensi\u00f3n de los principios y valores institucionales y, por ende, las conductas esperadas de todos quienes trabajan en la Comisi\u00f3n Chilena de Energ\u00eda Nuclear, buscando siempre una coherencia entre la forma de actuar y dichos principios y valores \u00e9ticos.<\/p>\n<p>Este C\u00f3digo une los est\u00e1ndares \u00e9ticos que caracterizan a nuestra Instituci\u00f3n, los que van de la mano con los preceptos legales definidos para el servicio p\u00fablico. Estos propician una convivencia laboral fundada en valores compartidos, orientando la conducta de sus funcionarios y el buen ejercicio de sus funciones.<\/p>\n<p>Este documento es una herramienta que busca promover un sentido de prop\u00f3sito y valores comunes, para construir y apoyar una comunidad de funcionarios y funcionarias que defiendan y mantengan los ideales \u00e9ticos y la integridad en sus quehaceres diarios.<\/p>\n<p><strong>Correo denuncia<\/strong>: comite.etica@<span class=\"ui-lightness\"><span class=\"cdglossary_term ui-corner-all ui-state-default\">cchen<\/span><\/span>.cl<\/p>\n<p><a href=\"https:\/\/www.cchen.cl\/pdf\/codigo_etica_cchen_2016.pdf\" target=\"_blank\" rel=\"noopener noreferrer\">C\u00f3digo de \u00c9tica de la CChEN (PDF)<\/a><\/p>\n<div><\/div>\n","protected":false},"excerpt":{"rendered":"<p>Se trata de una gu\u00eda que orienta y facilita la comprensi\u00f3n de los principios y valores institucionales y, por ende, las conductas esperadas de todos quienes trabajan en la Comisi\u00f3n Chilena de Energ\u00eda Nuclear, buscando siempre una coherencia entre la forma de actuar y dichos principios y valores \u00e9ticos. Este C\u00f3digo une los est\u00e1ndares \u00e9ticos&#8230; <a class=\"read-more\" href=\"https:\/\/www.cchen.cl\/?page_id=1847\">Leer m\u00e1s >><\/a><\/p>\n","protected":false},"author":3,"featured_media":0,"parent":206,"menu_order":0,"comment_status":"closed","ping_status":"closed","template":"institucion-interior.php","meta":{"footnotes":"","_links_to":"","_links_to_target":""},"class_list":["post-1847","page","type-page","status-publish","hentry"],"_links":{"self":[{"href":"https:\/\/www.cchen.cl\/index.php?rest_route=\/wp\/v2\/pages\/1847","targetHints":{"allow":["GET"]}}],"collection":[{"href":"https:\/\/www.cchen.cl\/index.php?rest_route=\/wp\/v2\/pages"}],"about":[{"href":"https:\/\/www.cchen.cl\/index.php?rest_route=\/wp\/v2\/types\/page"}],"author":[{"embeddable":true,"href":"https:\/\/www.cchen.cl\/index.php?rest_route=\/wp\/v2\/users\/3"}],"replies":[{"embeddable":true,"href":"https:\/\/www.cchen.cl\/index.php?rest_route=%2Fwp%2Fv2%2Fcomments&post=1847"}],"version-history":[{"count":23,"href":"https:\/\/www.cchen.cl\/index.php?rest_route=\/wp\/v2\/pages\/1847\/revisions"}],"predecessor-version":[{"id":7386,"href":"https:\/\/www.cchen.cl\/index.php?rest_route=\/wp\/v2\/pages\/1847\/revisions\/7386"}],"up":[{"embeddable":true,"href":"https:\/\/www.cchen.cl\/index.php?rest_route=\/wp\/v2\/pages\/206"}],"wp:attachment":[{"href":"https:\/\/www.cchen.cl\/index.php?rest_route=%2Fwp%2Fv2%2Fmedia&parent=1847"}],"curies":[{"name":"wp","href":"https:\/\/api.w.org\/{rel}","templated":true}]}}