{"id":189,"date":"2018-08-13T14:03:10","date_gmt":"2018-08-13T18:03:10","guid":{"rendered":"http:\/\/nueva.cchen.cl\/?page_id=189"},"modified":"2019-04-26T15:42:29","modified_gmt":"2019-04-26T19:42:29","slug":"participacion-ciudadana","status":"publish","type":"page","link":"https:\/\/www.cchen.cl\/?page_id=189","title":{"rendered":"Participaci\u00f3n Ciudadana"},"content":{"rendered":"<p>Te invitamos a hacerte parte de la construcci\u00f3n de un recurso cient\u00edfico y tecnol\u00f3gico que contribuya al desarrollo nacional y a los desaf\u00edos de la comunidad internacional.<\/p>\n<p>Para hacer realidad el compromiso de la CChEN con un Estado democr\u00e1tico, que ofrezca espacios para el control y co-creaci\u00f3n de la ciudadan\u00eda respecto a la administraci\u00f3n p\u00fablica, la Instituci\u00f3n considera al menos dos niveles de involucramiento con la comunidad:<\/p>\n<ul>\n<li>Participaci\u00f3n como informaci\u00f3n. Involucra poner a disposici\u00f3n y ofrecer grados de traducci\u00f3n del contenido t\u00e9cnico respecto a tem\u00e1ticas pa\u00eds, adem\u00e1s de facilitar control ciudadano respecto a lo publicado.<\/li>\n<li>Participaci\u00f3n como consulta. En primer t\u00e9rmino significa que las personas puedan ser escuchadas, en una instancia no vinculante. En un nivel m\u00e1s avanzado, involucra colaboraci\u00f3n p\u00fablico-privada, orientada a facilitar la aplicaci\u00f3n de las pol\u00edticas p\u00fablicas, a trav\u00e9s de mecanismos rutinarios de trabajo.<\/li>\n<\/ul>\n<p>Los mecanismos creados involucran un trabajo de <a href=\"https:\/\/www.cchen.cl\/?page_id=587\">Puertas Abiertas<\/a>, adem\u00e1s de las acciones que dispone la Ley 20.500 para asegurar que la Participaci\u00f3n Ciudadana sea parte de las estrategias, planes de trabajo y desempe\u00f1o de la administraci\u00f3n p\u00fablica\u00bb.<\/p>\n","protected":false},"excerpt":{"rendered":"<p>Te invitamos a hacerte parte de la construcci\u00f3n de un recurso cient\u00edfico y tecnol\u00f3gico que contribuya al desarrollo nacional y a los desaf\u00edos de la comunidad internacional. Para hacer realidad el compromiso de la CChEN con un Estado democr\u00e1tico, que ofrezca espacios para el control y co-creaci\u00f3n de la ciudadan\u00eda respecto a la administraci\u00f3n p\u00fablica,&#8230; <a class=\"read-more\" href=\"https:\/\/www.cchen.cl\/?page_id=189\">Leer m\u00e1s >><\/a><\/p>\n","protected":false},"author":3,"featured_media":0,"parent":28,"menu_order":0,"comment_status":"closed","ping_status":"closed","template":"educacion-interior.php","meta":{"footnotes":"","_links_to":"","_links_to_target":""},"class_list":["post-189","page","type-page","status-publish","hentry"],"_links":{"self":[{"href":"https:\/\/www.cchen.cl\/index.php?rest_route=\/wp\/v2\/pages\/189","targetHints":{"allow":["GET"]}}],"collection":[{"href":"https:\/\/www.cchen.cl\/index.php?rest_route=\/wp\/v2\/pages"}],"about":[{"href":"https:\/\/www.cchen.cl\/index.php?rest_route=\/wp\/v2\/types\/page"}],"author":[{"embeddable":true,"href":"https:\/\/www.cchen.cl\/index.php?rest_route=\/wp\/v2\/users\/3"}],"replies":[{"embeddable":true,"href":"https:\/\/www.cchen.cl\/index.php?rest_route=%2Fwp%2Fv2%2Fcomments&post=189"}],"version-history":[{"count":6,"href":"https:\/\/www.cchen.cl\/index.php?rest_route=\/wp\/v2\/pages\/189\/revisions"}],"predecessor-version":[{"id":4332,"href":"https:\/\/www.cchen.cl\/index.php?rest_route=\/wp\/v2\/pages\/189\/revisions\/4332"}],"up":[{"embeddable":true,"href":"https:\/\/www.cchen.cl\/index.php?rest_route=\/wp\/v2\/pages\/28"}],"wp:attachment":[{"href":"https:\/\/www.cchen.cl\/index.php?rest_route=%2Fwp%2Fv2%2Fmedia&parent=189"}],"curies":[{"name":"wp","href":"https:\/\/api.w.org\/{rel}","templated":true}]}}