{"id":1982,"date":"2018-10-30T08:02:58","date_gmt":"2018-10-30T12:02:58","guid":{"rendered":"https:\/\/www.cchen.cl\/?page_id=1982"},"modified":"2020-07-07T14:52:32","modified_gmt":"2020-07-07T18:52:32","slug":"como-se-obtiene-la-energia-nuclear-de-los-atomos","status":"publish","type":"page","link":"https:\/\/www.cchen.cl\/?page_id=1982","title":{"rendered":"\u00bfC\u00f3mo se obtiene la energ\u00eda nuclear de los \u00e1tomos?"},"content":{"rendered":"<p><strong>\u00bfC\u00f3mo se obtiene la energ\u00eda nuclear de los \u00e1tomos?<\/strong><\/p>\n<p>Se puede obtener mediante fisi\u00f3n o fusi\u00f3n nuclear:<\/p>\n<p><b>Fisi\u00f3n nuclear<\/b><\/p>\n<p>En la fisi\u00f3n nuclear el n\u00facleo de un \u00e1tomo pesado (con gran cantidad de protones y neutrones) se divide en dos o m\u00e1s\u00a0 n\u00facleos peque\u00f1os.<\/p>\n<p>La reacci\u00f3n m\u00e1s com\u00fan es cuando un n\u00facleo at\u00f3mico de uranio 235 es bombardeado con neutrones.\u00a0 el n\u00facleo se divide en dos fragmentos\u00a0 y se libera una gran cantidad de energ\u00eda y\u00a0 dos o tres neutrones\u00a0 que vuelven a repetir el proceso (reacci\u00f3n nuclear en cadena).<\/p>\n<p><img loading=\"lazy\" decoding=\"async\" class=\"wp-image-2036 aligncenter\" src=\"https:\/\/www.cchen.cl\/wp-content\/uploads\/2018\/10\/fusi\u00f3n-1024x592.png\" alt=\"\" width=\"620\" height=\"358\" srcset=\"https:\/\/www.cchen.cl\/wp-content\/uploads\/2018\/10\/fusi\u00f3n-1024x592.png 1024w, https:\/\/www.cchen.cl\/wp-content\/uploads\/2018\/10\/fusi\u00f3n-300x174.png 300w, https:\/\/www.cchen.cl\/wp-content\/uploads\/2018\/10\/fusi\u00f3n-768x444.png 768w, https:\/\/www.cchen.cl\/wp-content\/uploads\/2018\/10\/fusi\u00f3n.png 1317w\" sizes=\"auto, (max-width: 620px) 100vw, 620px\" \/><\/p>\n<p><b>Fusi\u00f3n nuclear<\/b><\/p>\n<p>En la fusi\u00f3n nuclear, dos n\u00facleos livianos (con baja cantidad de protones y neutrones) se unen para formar un n\u00facleo m\u00e1s pesado.<\/p>\n<p>Un ejemplo familiar es la energ\u00eda producida por el Sol, donde dos n\u00facleos de hidr\u00f3geno se combinan para producir uno de helio, liberando una importante cantidad de energ\u00eda en el\u00a0 proceso.<\/p>\n<p>En la fusi\u00f3n nuclear, dos n\u00facleos livianos (con baja cantidad de protones y neutrones) se<br \/>\nunen para formar un n\u00facleo m\u00e1s pesado.<\/p>\n<p>Un ejemplo familiar es la energ\u00eda producida por el Sol, donde dos n\u00facleos de hidr\u00f3geno se<br \/>\ncombinan para producir uno de helio, liberando importante cantidad de energ\u00eda en el<br \/>\nproceso.<\/p>\n<p><img loading=\"lazy\" decoding=\"async\" class=\"wp-image-2041 aligncenter\" src=\"https:\/\/www.cchen.cl\/wp-content\/uploads\/2018\/10\/Fusi\u00f3n.jpg\" alt=\"\" width=\"386\" height=\"253\" srcset=\"https:\/\/www.cchen.cl\/wp-content\/uploads\/2018\/10\/Fusi\u00f3n.jpg 600w, https:\/\/www.cchen.cl\/wp-content\/uploads\/2018\/10\/Fusi\u00f3n-300x197.jpg 300w\" sizes=\"auto, (max-width: 386px) 100vw, 386px\" \/><\/p>\n<p>&nbsp;<\/p>\n","protected":false},"excerpt":{"rendered":"<p>\u00bfC\u00f3mo se obtiene la energ\u00eda nuclear de los \u00e1tomos? Se puede obtener mediante fisi\u00f3n o fusi\u00f3n nuclear: Fisi\u00f3n nuclear En la fisi\u00f3n nuclear el n\u00facleo de un \u00e1tomo pesado (con gran cantidad de protones y neutrones) se divide en dos o m\u00e1s\u00a0 n\u00facleos peque\u00f1os. La reacci\u00f3n m\u00e1s com\u00fan es cuando un n\u00facleo at\u00f3mico de uranio&#8230; <a class=\"read-more\" href=\"https:\/\/www.cchen.cl\/?page_id=1982\">Leer m\u00e1s >><\/a><\/p>\n","protected":false},"author":3,"featured_media":0,"parent":267,"menu_order":0,"comment_status":"closed","ping_status":"closed","template":"educacion-interior.php","meta":{"footnotes":"","_links_to":"","_links_to_target":""},"class_list":["post-1982","page","type-page","status-publish","hentry"],"_links":{"self":[{"href":"https:\/\/www.cchen.cl\/index.php?rest_route=\/wp\/v2\/pages\/1982","targetHints":{"allow":["GET"]}}],"collection":[{"href":"https:\/\/www.cchen.cl\/index.php?rest_route=\/wp\/v2\/pages"}],"about":[{"href":"https:\/\/www.cchen.cl\/index.php?rest_route=\/wp\/v2\/types\/page"}],"author":[{"embeddable":true,"href":"https:\/\/www.cchen.cl\/index.php?rest_route=\/wp\/v2\/users\/3"}],"replies":[{"embeddable":true,"href":"https:\/\/www.cchen.cl\/index.php?rest_route=%2Fwp%2Fv2%2Fcomments&post=1982"}],"version-history":[{"count":6,"href":"https:\/\/www.cchen.cl\/index.php?rest_route=\/wp\/v2\/pages\/1982\/revisions"}],"predecessor-version":[{"id":2042,"href":"https:\/\/www.cchen.cl\/index.php?rest_route=\/wp\/v2\/pages\/1982\/revisions\/2042"}],"up":[{"embeddable":true,"href":"https:\/\/www.cchen.cl\/index.php?rest_route=\/wp\/v2\/pages\/267"}],"wp:attachment":[{"href":"https:\/\/www.cchen.cl\/index.php?rest_route=%2Fwp%2Fv2%2Fmedia&parent=1982"}],"curies":[{"name":"wp","href":"https:\/\/api.w.org\/{rel}","templated":true}]}}