{"id":199,"date":"2018-08-13T14:09:11","date_gmt":"2018-08-13T18:09:11","guid":{"rendered":"http:\/\/nueva.cchen.cl\/?page_id=199"},"modified":"2021-11-15T12:20:24","modified_gmt":"2021-11-15T16:20:24","slug":"cosoc","status":"publish","type":"page","link":"https:\/\/www.cchen.cl\/?page_id=199","title":{"rendered":"COSOC"},"content":{"rendered":"\n<p>El Consejo de la Sociedad Civil (COSOC) de la Comisi\u00f3n Chilena de Energ\u00eda Nuclear es un mecanismo de participaci\u00f3n ciudadana, creado al alero de la <a href=\"https:\/\/www.leychile.cl\/Navegar?idNorma=1023143\" target=\"_blank\" rel=\"noopener noreferrer\">Ley N\u00b0 20.500<\/a>.<\/p>\n\n\n\n<p>A trav\u00e9s de esta instancia, quienes integran el Consejo pueden contribuir con ideas y opiniones, las que pueden ser consultadas por las autoridades a la hora de dise\u00f1ar, ejecutar y evaluar pol\u00edticas p\u00fablicas relacionadas con el \u00e1rea nuclear.<\/p>\n\n\n\n<figure class=\"wp-block-table table table-light table-hover\"><table><thead><tr><th>Documentos Macro<\/th><th>Candidaturas<\/th><th>Resoluciones<\/th><\/tr><\/thead><tbody><tr><td><a href=\"https:\/\/www.cchen.cl\/pdf\/COSOC\/DOC-macro\/ley20500.pdf\" target=\"_blank\" rel=\"noopener noreferrer\">Ley 20.500 Sobre Asociaciones y Participaci\u00f3n Ciudadana en la Gesti\u00f3n P\u00fablica<\/a><\/td><td><a href=\"https:\/\/www.cchen.cl\/pdf\/COSOC\/Candidaturas\/COSOC-Candidatura2018.pdf\" target=\"_blank\" rel=\"noopener noreferrer\">Candidatura 2018-2022<\/a><\/td><td><a href=\"https:\/\/www.cchen.cl\/pdf\/COSOC\/Resoluciones\/RE_655-2018-Elecciones_COSOC.pdf\" target=\"_blank\" rel=\"noopener noreferrer\">Resoluci\u00f3n Convocatoria Elecci\u00f3n COSOC 2018-22<\/a><\/td><\/tr><tr><td><a href=\"https:\/\/www.cchen.cl\/pdf\/COSOC\/DOC-macro\/NORMA_GENERAL_PARTICIPACION_CIUDADANA-RES1258.2014.pdf\" target=\"_blank\" rel=\"noopener noreferrer\">Norma de Aplicaci\u00f3n General de Participaci\u00f3n Ciudadana de la <abbr class='c2c-text-hover' title='Comisi\u00f3n Chilena de Energ\u00eda Nuclear.'>CCHEN<\/abbr><\/a><\/td><td>&nbsp;<\/td><td><a href=\"https:\/\/www.cchen.cl\/pdf\/COSOC\/Resoluciones\/REX_296-2018_ConvocatoriaCOSOC.pdf\" target=\"_blank\" rel=\"noopener noreferrer\">Resoluci\u00f3n extensi\u00f3n de plazo elecciones Cosoc 2018-2022<\/a><\/td><\/tr><tr><td><a href=\"https:\/\/www.cchen.cl\/pdf\/COSOC\/DOC-macro\/NORMA-RE1139-2017_Reglamento-COSOC.pdf\" target=\"_blank\" rel=\"noopener noreferrer\">Resoluci\u00f3n Exenta 1139\/2017 &#8211; Reglamento del Consejo de la Sociedad Civil<\/a><\/td><td>&nbsp;<\/td><td>&nbsp;<\/td><\/tr><\/tbody><\/table><\/figure>\n\n\n\n<h4 class=\"wp-block-heading\">Actas<\/h4>\n\n\n\n<figure class=\"wp-block-table table table-light table-hover\"><table><thead><tr><th><strong>Actas 2021<\/strong><\/th><th><\/th><th><\/th><th><\/th><\/tr><\/thead><tbody><tr><td> <a rel=\"noreferrer noopener\" href=\"https:\/\/www.cchen.cl\/pdf\/COSOC\/ACTAS-2021\/acta2021_n_59.pdf\" target=\"_blank\">Acta Sesi\u00f3n Ordinaria N\u00ba59<\/a><\/td><td><\/td><td><\/td><td><\/td><\/tr><\/tbody><\/table><\/figure>\n\n\n\n<figure class=\"wp-block-table table table-light table-hover\"><table><thead><tr><th>Actas 2020<\/th><th>Actas 2019<\/th><th>Actas 2018<\/th><th>Actas 2017<\/th><\/tr><\/thead><tbody><tr><td><a href=\"https:\/\/www.cchen.cl\/pdf\/COSOC\/ACTAS-2020\/si_acta2020_n_57.pdf\" target=\"blank\" rel=\"noopener noreferrer\">Acta Sesi\u00f3n Ordinaria N\u00ba57<\/a><br><a href=\"https:\/\/www.cchen.cl\/pdf\/COSOC\/ACTAS-2020\/acta2020_n_58.pdf\" target=\"blank\" rel=\"noopener noreferrer\">Acta Sesi\u00f3n Ordinaria N\u00ba58<\/a>\n<p>&nbsp;<\/p>\n<\/td><td><a href=\"https:\/\/www.cchen.cl\/pdf\/COSOC\/ACTAS-2019\/acta2019_n_52.pdf\" target=\"blank\" rel=\"noopener noreferrer\">Acta Sesi\u00f3n Ordinaria N\u00ba52<\/a><br><a href=\"https:\/\/www.cchen.cl\/pdf\/COSOC\/ACTAS-2019\/acta2019_n_53.pdf\" target=\"blank\" rel=\"noopener noreferrer\">Acta Sesi\u00f3n Ordinaria N\u00ba53<\/a><br><a href=\"https:\/\/www.cchen.cl\/pdf\/COSOC\/ACTAS-2019\/acta2019_n_54.pdf\" target=\"blank\" rel=\"noopener noreferrer\">Acta Sesi\u00f3n Ordinaria N\u00ba54<\/a><br><a href=\"https:\/\/www.cchen.cl\/pdf\/COSOC\/ACTAS-2019\/acta2019_n_55.pdf\" target=\"blank\" rel=\"noopener noreferrer\">Acta Sesi\u00f3n Ordinaria N\u00ba55<\/a><br><a href=\"https:\/\/www.cchen.cl\/pdf\/COSOC\/ACTAS-2019\/acta2019_n_56.pdf\" target=\"blank\" rel=\"noopener noreferrer\">Acta Sesi\u00f3n Ordinaria N\u00ba56<\/a><\/td><td><a href=\"https:\/\/www.cchen.cl\/pdf\/COSOC\/ACTAS-2018\/acta2018_n_2.pdf\" target=\"blank\" rel=\"noopener noreferrer\">Acta Sesi\u00f3n Ordinaria N\u00ba2<\/a><br><a href=\"https:\/\/www.cchen.cl\/pdf\/COSOC\/ACTAS-2018\/acta2018_n_47.pdf\" target=\"blank\" rel=\"noopener noreferrer\">Acta Sesi\u00f3n Ordinaria N\u00ba47<\/a><br><a href=\"https:\/\/www.cchen.cl\/pdf\/COSOC\/ACTAS-2018\/acta2018_n_48.pdf\" target=\"blank\" rel=\"noopener noreferrer\">Acta Sesi\u00f3n Ordinaria N\u00ba48<\/a><br><a href=\"https:\/\/www.cchen.cl\/pdf\/COSOC\/ACTAS-2018\/acta2018_n_49.pdf\" target=\"blank\" rel=\"noopener noreferrer\">Acta Sesi\u00f3n Ordinaria N\u00ba49<\/a><br><a href=\"https:\/\/www.cchen.cl\/pdf\/COSOC\/ACTAS-2018\/acta2018_n_50.pdf\" target=\"blank\" rel=\"noopener noreferrer\">Acta Sesi\u00f3n Orinaria N\u00ba 50<\/a><br><a href=\"https:\/\/www.cchen.cl\/pdf\/COSOC\/ACTAS-2018\/si_acta2018_n_51.pdf\" target=\"blank\" rel=\"noopener noreferrer\">Acta Sesi\u00f3n Orinaria N\u00ba 51<\/a><\/td><td><a href=\"https:\/\/www.cchen.cl\/pdf\/COSOC\/ACTAS-2017\/acta2017_n_41.pdf\" target=\"blank\" rel=\"noopener noreferrer\">Acta Sesi\u00f3n Ordinaria N\u00ba41<\/a><br><a href=\"https:\/\/www.cchen.cl\/pdf\/COSOC\/ACTAS-2017\/acta2017_n_42.pdf\" target=\"blank\" rel=\"noopener noreferrer\">Acta Sesi\u00f3n Ordinaria N\u00ba42<\/a><br><a href=\"https:\/\/www.cchen.cl\/pdf\/COSOC\/ACTAS-2017\/acta2017_n_43.pdf\" target=\"blank\" rel=\"noopener noreferrer\">Acta Sesi\u00f3n Ordinaria N\u00ba43<\/a><br><a href=\"https:\/\/www.cchen.cl\/pdf\/COSOC\/ACTAS-2017\/acta2017_n_44.pdf\" target=\"blank\" rel=\"noopener noreferrer\">Acta Sesi\u00f3n Ordinaria N\u00ba44<\/a><br><a href=\"https:\/\/www.cchen.cl\/pdf\/COSOC\/ACTAS-2017\/acta2017_n_45.pdf\" target=\"blank\" rel=\"noopener noreferrer\">Acta Sesi\u00f3n Ordinaria N\u00ba45<\/a><br><a href=\"https:\/\/www.cchen.cl\/pdf\/COSOC\/ACTAS-2017\/acta2017_n_46.pdf\" target=\"blank\" rel=\"noopener noreferrer\">Acta Sesi\u00f3n Ordinaria N\u00ba46<\/a><\/td><\/tr><\/tbody><\/table><\/figure>\n\n\n\n<figure class=\"wp-block-table table table-light table-hover\"><table><thead><tr><th>Actas 2016<\/th><th>Actas 2015<\/th><th>Actas 2014<\/th><th>Actas 2013<\/th><\/tr><\/thead><tbody><tr><td><a href=\"https:\/\/www.cchen.cl\/pdf\/COSOC\/ACTAS-2016\/acta2016_n_40.pdf\" target=\"blank\" rel=\"noopener noreferrer\">Acta Sesi\u00f3n Ordinaria N\u00ba40<br><\/a><a href=\"https:\/\/www.cchen.cl\/pdf\/COSOC\/ACTAS-2016\/no_acta2016_n_39.pdf\" target=\"blank\" rel=\"noopener noreferrer\">Acta Sesi\u00f3n Ordinaria N\u00ba39<br><\/a><a href=\"https:\/\/www.cchen.cl\/pdf\/COSOC\/ACTAS-2016\/no_acta2016_n_38.pdf\" target=\"blank\" rel=\"noopener noreferrer\">Acta Sesi\u00f3n Ordinaria N\u00ba38<\/a><br><a href=\"https:\/\/www.cchen.cl\/pdf\/COSOC\/ACTAS-2016\/acta2016_n_37.pdf\" target=\"blank\" rel=\"noopener noreferrer\">Acta Sesi\u00f3n Ordinaria N\u00ba37<\/a><br><a href=\"https:\/\/www.cchen.cl\/pdf\/COSOC\/ACTAS-2016\/acta2016_n_36.pdf\" target=\"blank\" rel=\"noopener noreferrer\">Acta Sesi\u00f3n Ordinaria N\u00ba36<\/a><\/td><td><a href=\"https:\/\/www.cchen.cl\/pdf\/COSOC\/ACTAS-2015\/acta2015_n_35.pdf\" target=\"blank\" rel=\"noopener noreferrer\">Acta Sesi\u00f3n Ordinaria N\u00ba35<\/a><br><a href=\"https:\/\/www.cchen.cl\/pdf\/COSOC\/ACTAS-2015\/acta2015_n_34.pdf\" target=\"blank\" rel=\"noopener noreferrer\">Acta Sesi\u00f3n Ordinaria N\u00ba34<\/a><br><a href=\"https:\/\/www.cchen.cl\/pdf\/COSOC\/ACTAS-2015\/acta2015_n_33.pdf\" target=\"blank\" rel=\"noopener noreferrer\">Acta Sesi\u00f3n Ordinaria N\u00ba33<\/a><br><a href=\"https:\/\/www.cchen.cl\/pdf\/COSOC\/ACTAS-2015\/acta2015_n_32.pdf\" target=\"blank\" rel=\"noopener noreferrer\">Acta Sesi\u00f3n Ordinaria N\u00ba32<\/a><br><a href=\"https:\/\/www.cchen.cl\/pdf\/COSOC\/ACTAS-2015\/acta2015_n_31.pdf\" target=\"blank\" rel=\"noopener noreferrer\">Acta Sesi\u00f3n Ordinaria N\u00ba31<\/a><\/td><td><a href=\"https:\/\/www.cchen.cl\/pdf\/COSOC\/ACTAS-2014\/acta2014_n_26.pdf\" target=\"blank\" rel=\"noopener noreferrer\">Acta Sesi\u00f3n Ordinaria N\u00ba26<\/a><br><a href=\"https:\/\/www.cchen.cl\/pdf\/COSOC\/ACTAS-2014\/acta2014_n_27.pdf\" target=\"blank\" rel=\"noopener noreferrer\">Acta Sesi\u00f3n Ordinaria N\u00ba27<\/a><br><a href=\"https:\/\/www.cchen.cl\/pdf\/COSOC\/ACTAS-2014\/acta2014_n_28.pdf\" target=\"blank\" rel=\"noopener noreferrer\">Acta Sesi\u00f3n Ordinaria N\u00ba28<\/a><br><a href=\"https:\/\/www.cchen.cl\/pdf\/COSOC\/ACTAS-2014\/acta2014_n_29.pdf\" target=\"blank\" rel=\"noopener noreferrer\">Acta Sesi\u00f3n Ordinaria N\u00ba29<\/a><br><a href=\"https:\/\/www.cchen.cl\/pdf\/COSOC\/ACTAS-2014\/acta2014_n_30.pdf\" target=\"blank\" rel=\"noopener noreferrer\">Acta Sesi\u00f3n Ordinaria N\u00ba30<\/a><\/td><td><a href=\"https:\/\/www.cchen.cl\/pdf\/COSOC\/ACTAS-2013\/acta2013_n_23.pdf\" target=\"blank\" rel=\"noopener noreferrer\">Acta Sesi\u00f3n Ordinaria N\u00ba23<\/a><br><a href=\"https:\/\/www.cchen.cl\/pdf\/COSOC\/ACTAS-2013\/acta2013_n_24.pdf\" target=\"blank\" rel=\"noopener noreferrer\">Acta Sesi\u00f3n Ordinaria N\u00ba24<\/a><br><a href=\"https:\/\/www.cchen.cl\/pdf\/COSOC\/ACTAS-2013\/acta2013_n_25.pdf\" target=\"blank\" rel=\"noopener noreferrer\">Acta Sesi\u00f3n Ordinaria N\u00ba25<\/a><\/td><\/tr><\/tbody><\/table><\/figure>\n\n\n\n<figure class=\"wp-block-table table table-light table-hover\"><table><thead><tr><th>Actas 2012<\/th><th>Actas 2011<\/th><th>Actas 2010<\/th><th>Actas 2009<\/th><th>&nbsp;<\/th><\/tr><\/thead><tbody><tr><td>.<br><a href=\"https:\/\/www.cchen.cl\/pdf\/COSOC\/ACTAS-2012\/acta2012_n_16.pdf\" target=\"blank\" rel=\"noopener noreferrer\">Acta Sesi\u00f3n Ordinaria N\u00ba16<\/a><br><a href=\"https:\/\/www.cchen.cl\/pdf\/COSOC\/ACTAS-2012\/acta2012_n_17.pdf\" target=\"blank\" rel=\"noopener noreferrer\">Acta Sesi\u00f3n Ordinaria N\u00ba17<\/a><br><a href=\"https:\/\/www.cchen.cl\/pdf\/COSOC\/ACTAS-2012\/acta2012_n_18.pdf\" target=\"blank\" rel=\"noopener noreferrer\">Acta Sesi\u00f3n Ordinaria N\u00ba18<\/a><br><a href=\"https:\/\/www.cchen.cl\/pdf\/COSOC\/ACTAS-2012\/acta2012_n_19.pdf\" target=\"blank\" rel=\"noopener noreferrer\">Acta Sesi\u00f3n Ordinaria N\u00ba19<\/a><br><a href=\"https:\/\/www.cchen.cl\/pdf\/COSOC\/ACTAS-2012\/acta2012_n_20.pdf\" target=\"blank\" rel=\"noopener noreferrer\">Acta Sesi\u00f3n Ordinaria N\u00ba20<\/a><br><a href=\"https:\/\/www.cchen.cl\/pdf\/COSOC\/ACTAS-2012\/acta2012_n_21.pdf\" target=\"blank\" rel=\"noopener noreferrer\">Acta Sesi\u00f3n Ordinaria N\u00ba21<\/a><br><a href=\"https:\/\/www.cchen.cl\/pdf\/COSOC\/ACTAS-2012\/acta2012_n_22.pdf\" target=\"blank\" rel=\"noopener noreferrer\">Acta Sesi\u00f3n Ordinaria N\u00ba22<\/a><\/td><td><a href=\"https:\/\/www.cchen.cl\/pdf\/COSOC\/ACTAS-2011\/acta2011_n_10.pdf\" target=\"blank\" rel=\"noopener noreferrer\">Acta Sesi\u00f3n Ordinaria N\u00ba10<\/a><br><a href=\"https:\/\/www.cchen.cl\/pdf\/COSOC\/ACTAS-2011\/acta2011_n_11.pdf\" target=\"blank\" rel=\"noopener noreferrer\">Acta Sesi\u00f3n Ordinaria N\u00ba11<\/a><br><a href=\"https:\/\/www.cchen.cl\/pdf\/COSOC\/ACTAS-2011\/acta2011_n_12.pdf\" target=\"blank\" rel=\"noopener noreferrer\">Acta Sesi\u00f3n Ordinaria N\u00ba12<\/a><br><a href=\"https:\/\/www.cchen.cl\/pdf\/COSOC\/ACTAS-2011\/acta2011_n_13.pdf\" target=\"blank\" rel=\"noopener noreferrer\">Acta Sesi\u00f3n Ordinaria N\u00ba13<\/a><br><a href=\"https:\/\/www.cchen.cl\/pdf\/COSOC\/ACTAS-2011\/acta2011_n_14.pdf\" target=\"blank\" rel=\"noopener noreferrer\">Acta Sesi\u00f3n Ordinaria N\u00ba14<\/a><br><a href=\"https:\/\/www.cchen.cl\/pdf\/COSOC\/ACTAS-2011\/acta2011_n_15.pdf\" target=\"blank\" rel=\"noopener noreferrer\">Acta Sesi\u00f3n Ordinaria N\u00ba15<\/a><\/td><td><a href=\"https:\/\/www.cchen.cl\/pdf\/COSOC\/ACTAS-2010\/acta2010_n_2.pdf\" target=\"blank\" rel=\"noopener noreferrer\">Acta Sesi\u00f3n Ordinaria N\u00ba2<\/a><br><a href=\"https:\/\/www.cchen.cl\/pdf\/COSOC\/ACTAS-2010\/acta2010_n_3.pdf\" target=\"blank\" rel=\"noopener noreferrer\">Acta Sesi\u00f3n Ordinaria N\u00ba3<\/a><br><a href=\"https:\/\/www.cchen.cl\/pdf\/COSOC\/ACTAS-2010\/acta2010_n_4.pdf\" target=\"blank\" rel=\"noopener noreferrer\">Acta Sesi\u00f3n Ordinaria N\u00ba4<\/a><br><a href=\"https:\/\/www.cchen.cl\/pdf\/COSOC\/ACTAS-2010\/acta2010_n_5.pdf\" target=\"blank\" rel=\"noopener noreferrer\">Acta Sesi\u00f3n Ordinaria N\u00ba5<\/a><br><a href=\"https:\/\/www.cchen.cl\/pdf\/COSOC\/ACTAS-2010\/acta2010_n_6.pdf\" target=\"blank\" rel=\"noopener noreferrer\">Acta Sesi\u00f3n Ordinaria N\u00ba6<\/a><br><a href=\"https:\/\/www.cchen.cl\/pdf\/COSOC\/ACTAS-2010\/acta2010_n_7.pdf\" target=\"blank\" rel=\"noopener noreferrer\">Acta Sesi\u00f3n Ordinaria N\u00ba7<\/a><br><a href=\"https:\/\/www.cchen.cl\/pdf\/COSOC\/ACTAS-2010\/acta2010_n_8.pdf\" target=\"blank\" rel=\"noopener noreferrer\">Acta Sesi\u00f3n Ordinaria N\u00ba8<\/a><br><a href=\"https:\/\/www.cchen.cl\/pdf\/COSOC\/ACTAS-2010\/acta2010_n_9.pdf\" target=\"blank\" rel=\"noopener noreferrer\">Acta Sesi\u00f3n Ordinaria N\u00ba9<\/a><\/td><td><a href=\"https:\/\/www.cchen.cl\/pdf\/COSOC\/ACTAS-2009\/acta2009_n_1.pdf\" target=\"blank\" rel=\"noopener noreferrer\">Acta Sesi\u00f3n Ordinaria N\u00ba1<\/a><\/td><td>&nbsp;<\/td><\/tr><\/tbody><\/table><\/figure>\n","protected":false},"excerpt":{"rendered":"<p>El Consejo de la Sociedad Civil (COSOC) de la Comisi\u00f3n Chilena de Energ\u00eda Nuclear es un mecanismo de participaci\u00f3n ciudadana, creado al alero de la Ley N\u00b0 20.500. A trav\u00e9s de esta instancia, quienes integran el Consejo pueden contribuir con ideas y opiniones, las que pueden ser consultadas por las autoridades a la hora de&#8230; <a class=\"read-more\" href=\"https:\/\/www.cchen.cl\/?page_id=199\">Leer m\u00e1s >><\/a><\/p>\n","protected":false},"author":3,"featured_media":0,"parent":189,"menu_order":0,"comment_status":"closed","ping_status":"closed","template":"educacion-interior.php","meta":{"footnotes":"","_links_to":"","_links_to_target":""},"class_list":["post-199","page","type-page","status-publish","hentry"],"_links":{"self":[{"href":"https:\/\/www.cchen.cl\/index.php?rest_route=\/wp\/v2\/pages\/199","targetHints":{"allow":["GET"]}}],"collection":[{"href":"https:\/\/www.cchen.cl\/index.php?rest_route=\/wp\/v2\/pages"}],"about":[{"href":"https:\/\/www.cchen.cl\/index.php?rest_route=\/wp\/v2\/types\/page"}],"author":[{"embeddable":true,"href":"https:\/\/www.cchen.cl\/index.php?rest_route=\/wp\/v2\/users\/3"}],"replies":[{"embeddable":true,"href":"https:\/\/www.cchen.cl\/index.php?rest_route=%2Fwp%2Fv2%2Fcomments&post=199"}],"version-history":[{"count":48,"href":"https:\/\/www.cchen.cl\/index.php?rest_route=\/wp\/v2\/pages\/199\/revisions"}],"predecessor-version":[{"id":6014,"href":"https:\/\/www.cchen.cl\/index.php?rest_route=\/wp\/v2\/pages\/199\/revisions\/6014"}],"up":[{"embeddable":true,"href":"https:\/\/www.cchen.cl\/index.php?rest_route=\/wp\/v2\/pages\/189"}],"wp:attachment":[{"href":"https:\/\/www.cchen.cl\/index.php?rest_route=%2Fwp%2Fv2%2Fmedia&parent=199"}],"curies":[{"name":"wp","href":"https:\/\/api.w.org\/{rel}","templated":true}]}}