{"id":206,"date":"2018-08-13T14:13:07","date_gmt":"2018-08-13T18:13:07","guid":{"rendered":"http:\/\/nueva.cchen.cl\/?page_id=206"},"modified":"2020-01-13T09:12:54","modified_gmt":"2020-01-13T13:12:54","slug":"responsabilidad-administrativa","status":"publish","type":"page","link":"https:\/\/www.cchen.cl\/?page_id=206","title":{"rendered":"Responsabilidad Institucional"},"content":{"rendered":"<figure id=\"attachment_230\" aria-describedby=\"caption-attachment-230\" style=\"width: 400px\" class=\"wp-caption alignright\"><img decoding=\"async\" class=\"wp-image-230 size-full\" src=\"https:\/\/www.cchen.cl\/wp-content\/uploads\/2019\/04\/20190426_142202-2.jpg\" alt=\"Centro de Estudios Nucleares (CEN) La Reina\" width=\"400\" \/><figcaption id=\"caption-attachment-230\" class=\"wp-caption-text\">Centro de Estudios Nucleares (CEN) La Reina<\/figcaption><\/figure>\n<p>En su calidad de entidad p\u00fablica, la <abbr class='c2c-text-hover' title='Comisi\u00f3n Chilena de Energ\u00eda Nuclear.'>CCHEN<\/abbr> debe disponer de informaci\u00f3n actualizada sobre el uso responsable de los recursos que anualmente le son asignados por el Estado.<\/p>\n<p>De este modo, en esta secci\u00f3n se exponen los resultados de sus metas, sus indicadores, sus resultados financieros y el quehacer de cada una de sus divisiones y oficinas, bajo un marco \u00e9tico y val\u00f3rico debidamente establecido.<\/p>\n","protected":false},"excerpt":{"rendered":"<p>En su calidad de entidad p\u00fablica, la <abbr class='c2c-text-hover' title='Comisi\u00f3n Chilena de Energ\u00eda Nuclear.'>CCHEN<\/abbr> debe disponer de informaci\u00f3n actualizada sobre el uso responsable de los recursos que anualmente le son asignados por el Estado. De este modo, en esta secci\u00f3n se exponen los resultados de sus metas, sus indicadores, sus resultados financieros y el quehacer de cada una de sus divisiones&#8230; <a class=\"read-more\" href=\"https:\/\/www.cchen.cl\/?page_id=206\">Leer m\u00e1s >><\/a><\/p>\n","protected":false},"author":3,"featured_media":0,"parent":20,"menu_order":0,"comment_status":"closed","ping_status":"closed","template":"institucion-interior.php","meta":{"footnotes":"","_links_to":"","_links_to_target":""},"class_list":["post-206","page","type-page","status-publish","hentry"],"_links":{"self":[{"href":"https:\/\/www.cchen.cl\/index.php?rest_route=\/wp\/v2\/pages\/206","targetHints":{"allow":["GET"]}}],"collection":[{"href":"https:\/\/www.cchen.cl\/index.php?rest_route=\/wp\/v2\/pages"}],"about":[{"href":"https:\/\/www.cchen.cl\/index.php?rest_route=\/wp\/v2\/types\/page"}],"author":[{"embeddable":true,"href":"https:\/\/www.cchen.cl\/index.php?rest_route=\/wp\/v2\/users\/3"}],"replies":[{"embeddable":true,"href":"https:\/\/www.cchen.cl\/index.php?rest_route=%2Fwp%2Fv2%2Fcomments&post=206"}],"version-history":[{"count":13,"href":"https:\/\/www.cchen.cl\/index.php?rest_route=\/wp\/v2\/pages\/206\/revisions"}],"predecessor-version":[{"id":4346,"href":"https:\/\/www.cchen.cl\/index.php?rest_route=\/wp\/v2\/pages\/206\/revisions\/4346"}],"up":[{"embeddable":true,"href":"https:\/\/www.cchen.cl\/index.php?rest_route=\/wp\/v2\/pages\/20"}],"wp:attachment":[{"href":"https:\/\/www.cchen.cl\/index.php?rest_route=%2Fwp%2Fv2%2Fmedia&parent=206"}],"curies":[{"name":"wp","href":"https:\/\/api.w.org\/{rel}","templated":true}]}}