{"id":2062,"date":"2018-10-31T14:12:22","date_gmt":"2018-10-31T18:12:22","guid":{"rendered":"https:\/\/www.cchen.cl\/?page_id=2062"},"modified":"2018-10-31T14:12:39","modified_gmt":"2018-10-31T18:12:39","slug":"sergio-davis","status":"publish","type":"page","link":"https:\/\/www.cchen.cl\/?page_id=2062","title":{"rendered":"Sergio Davis"},"content":{"rendered":"<p><strong>Especialidad:<\/strong><br \/>\nInvestigador en F\u00edsica Te\u00f3rica<\/p>\n<p><strong>Linea de investigaci\u00f3n:<br \/>\n<\/strong>Mec\u00e1nica Estad\u00edstica, F\u00edsica de Plasmas, An\u00e1lisis de Datos y <em>Machine Learning<\/em>, Teor\u00eda de probabilidad bayesiana y m\u00e9todos de m\u00e1xima entrop\u00eda.<\/p>\n<p><strong>Instituci\u00f3n:<\/strong><br \/>\n<abbr class='c2c-text-hover' title='Comisi\u00f3n Chilena de Energ\u00eda Nuclear.'>CCHEN<\/abbr> \/ Departamento de Ciencias Nucleares<br \/>\nPermanencia: 36 Meses (Oct\/15)<\/p>\n<p><strong>4 Proyectos \/ 55 Publicaciones [ 38 \u2013 16 \u2013 1]<br \/>\n<\/strong><strong>5 Tesis \/ 18 Seminarios y\/o Conferencias<\/strong><\/p>\n","protected":false},"excerpt":{"rendered":"<p>Especialidad: Investigador en F\u00edsica Te\u00f3rica Linea de investigaci\u00f3n: Mec\u00e1nica Estad\u00edstica, F\u00edsica de Plasmas, An\u00e1lisis de Datos y Machine Learning, Teor\u00eda de probabilidad bayesiana y m\u00e9todos de m\u00e1xima entrop\u00eda. Instituci\u00f3n: <abbr class='c2c-text-hover' title='Comisi\u00f3n Chilena de Energ\u00eda Nuclear.'>CCHEN<\/abbr> \/ Departamento de Ciencias Nucleares Permanencia: 36 Meses (Oct\/15) 4 Proyectos \/ 55 Publicaciones [ 38 \u2013 16 \u2013 1] 5 Tesis \/ 18 Seminarios&#8230; <a class=\"read-more\" href=\"https:\/\/www.cchen.cl\/?page_id=2062\">Leer m\u00e1s >><\/a><\/p>\n","protected":false},"author":3,"featured_media":0,"parent":647,"menu_order":0,"comment_status":"closed","ping_status":"closed","template":"investigador.php","meta":{"footnotes":"","_links_to":"","_links_to_target":""},"class_list":["post-2062","page","type-page","status-publish","hentry"],"_links":{"self":[{"href":"https:\/\/www.cchen.cl\/index.php?rest_route=\/wp\/v2\/pages\/2062","targetHints":{"allow":["GET"]}}],"collection":[{"href":"https:\/\/www.cchen.cl\/index.php?rest_route=\/wp\/v2\/pages"}],"about":[{"href":"https:\/\/www.cchen.cl\/index.php?rest_route=\/wp\/v2\/types\/page"}],"author":[{"embeddable":true,"href":"https:\/\/www.cchen.cl\/index.php?rest_route=\/wp\/v2\/users\/3"}],"replies":[{"embeddable":true,"href":"https:\/\/www.cchen.cl\/index.php?rest_route=%2Fwp%2Fv2%2Fcomments&post=2062"}],"version-history":[{"count":2,"href":"https:\/\/www.cchen.cl\/index.php?rest_route=\/wp\/v2\/pages\/2062\/revisions"}],"predecessor-version":[{"id":2064,"href":"https:\/\/www.cchen.cl\/index.php?rest_route=\/wp\/v2\/pages\/2062\/revisions\/2064"}],"up":[{"embeddable":true,"href":"https:\/\/www.cchen.cl\/index.php?rest_route=\/wp\/v2\/pages\/647"}],"wp:attachment":[{"href":"https:\/\/www.cchen.cl\/index.php?rest_route=%2Fwp%2Fv2%2Fmedia&parent=2062"}],"curies":[{"name":"wp","href":"https:\/\/api.w.org\/{rel}","templated":true}]}}