{"id":213,"date":"2018-08-13T14:19:55","date_gmt":"2018-08-13T18:19:55","guid":{"rendered":"http:\/\/nueva.cchen.cl\/?page_id=213"},"modified":"2025-12-26T13:18:16","modified_gmt":"2025-12-26T17:18:16","slug":"memorial-anual","status":"publish","type":"page","link":"https:\/\/www.cchen.cl\/?page_id=213","title":{"rendered":"Memoria Institucional"},"content":{"rendered":"\r\n<p>La <abbr class='c2c-text-hover' title='Comisi\u00f3n Chilena de Energ\u00eda Nuclear.'>CCHEN<\/abbr>, en su calidad de entidad gubernamental, pone a disposici\u00f3n de las autoridades y de la ciudadan\u00eda, informaci\u00f3n sobre los resultados de su gesti\u00f3n, el uso de los recursos p\u00fablicos asignados y el grado de cumplimiento de los compromisos asumidos en materias relacionadas\u00a0a sus productos y servicios, la\u00a0 seguridad de las personas y\u00a0 el medio ambiente, entre otros.<\/p>\r\n<ul>\r\n<li><a href=\"http:\/\/www.cchen.cl\/wp-content\/uploads\/2025\/12\/Memoria_CCHEN_2024.pdf\" target=\"blank\" rel=\"noopener noreferrer\">Memoria Anual 2024<\/a><\/li>\r\n<li><a href=\"https:\/\/www.cchen.cl\/pdf\/memorias\/Memoria_CCHEN_2023.pdf\" target=\"blank\" rel=\"noopener noreferrer\">Memoria Anual 2023<\/a><\/li>\r\n<li><a href=\"https:\/\/www.cchen.cl\/pdf\/memorias\/Memoria_CCHEN_2022.pdf\" target=\"blank\" rel=\"noopener noreferrer\">Memoria Anual 2022<\/a><\/li>\r\n<li><a href=\"https:\/\/www.cchen.cl\/pdf\/memorias\/Memoria_CCHEN_2021.pdf\" target=\"blank\" rel=\"noopener noreferrer\">Memoria Anual 2021<\/a><\/li>\r\n<li><a href=\"https:\/\/www.cchen.cl\/pdf\/memorias\/Memoria_CCHEN_2020.pdf\" target=\"blank\" rel=\"noopener noreferrer\">Memoria Anual 2020<\/a><\/li>\r\n<li><a href=\"https:\/\/www.cchen.cl\/otros\/memorias\/Memoria_CChEN_2019.pdf\" target=\"blank\" rel=\"noopener noreferrer\">Memoria Anual 2019<\/a><\/li>\r\n<li><a href=\"https:\/\/www.cchen.cl\/otros\/memorias\/Memoria_CChEN_2018.pdf\" target=\"blank\" rel=\"noopener noreferrer\">Memoria Anual 2018<\/a><\/li>\r\n<li><a href=\"https:\/\/www.cchen.cl\/otros\/memorias\/MInstitucional2017.pdf\" target=\"blank\" rel=\"noopener noreferrer\">Memoria Anual 2017<\/a><\/li>\r\n<li><a href=\"https:\/\/www.cchen.cl\/otros\/memorias\/MInstitucional2016.pdf\" target=\"blank\" rel=\"noopener noreferrer\">Memoria Anual 2016<\/a><\/li>\r\n<li><a href=\"https:\/\/www.cchen.cl\/otros\/memorias\/MInstitucional2015.pdf\" target=\"blank\" rel=\"noopener noreferrer\">Memoria Anual 2015<\/a><\/li>\r\n<li><a href=\"https:\/\/www.cchen.cl\/otros\/memorias\/MInstitucional2014.pdf\" target=\"blank\" rel=\"noopener noreferrer\">Memoria Anual 2014<\/a><\/li>\r\n<li><a href=\"https:\/\/www.cchen.cl\/otros\/memorias\/MInstitucional2013.pdf\" target=\"blank\" rel=\"noopener noreferrer\">Memoria Anual 2013<\/a><\/li>\r\n<li><a href=\"https:\/\/www.cchen.cl\/otros\/memorias\/MInstitucional2012.pdf\" target=\"blank\" rel=\"noopener noreferrer\">Memoria Anual 2012<\/a><\/li>\r\n<li><a href=\"https:\/\/www.cchen.cl\/?page_id=6653\" target=\"blank\" rel=\"noopener noreferrer\">Memoria Anual 2010<\/a><\/li>\r\n<li><a href=\"https:\/\/www.cchen.cl\/?page_id=6650\" target=\"blank\" rel=\"noopener noreferrer\">Memoria Anual 2009<\/a><\/li>\r\n<li><a href=\"https:\/\/www.cchen.cl\/?page_id=6645\" target=\"blank\" rel=\"noopener noreferrer\">Memoria Anual 2008<\/a><\/li>\r\n<li><a href=\"https:\/\/www.cchen.cl\/?page_id=6636\" target=\"blank\" rel=\"noopener noreferrer\">Memoria Anual 2007<\/a><\/li>\r\n<li><a href=\"https:\/\/www.cchen.cl\/?page_id=6633\" target=\"blank\" rel=\"noopener noreferrer\">Memoria Anual 2006<\/a><\/li>\r\n<li><a href=\"https:\/\/www.cchen.cl\/?page_id=6628\" target=\"blank\" rel=\"noopener noreferrer\">Memoria Anual 2005<\/a><\/li>\r\n<li><a href=\"https:\/\/www.cchen.cl\/?page_id=6581\" target=\"blank\" rel=\"noopener noreferrer\">Memoria Anual 2004<\/a><\/li>\r\n<\/ul>\r\n","protected":false},"excerpt":{"rendered":"<p>La <abbr class='c2c-text-hover' title='Comisi\u00f3n Chilena de Energ\u00eda Nuclear.'>CCHEN<\/abbr>, en su calidad de entidad gubernamental, pone a disposici\u00f3n de las autoridades y de la ciudadan\u00eda, informaci\u00f3n sobre los resultados de su gesti\u00f3n, el uso de los recursos p\u00fablicos asignados y el grado de cumplimiento de los compromisos asumidos en materias relacionadas\u00a0a sus productos y servicios, la\u00a0 seguridad de las personas y\u00a0 el&#8230; <a class=\"read-more\" href=\"https:\/\/www.cchen.cl\/?page_id=213\">Leer m\u00e1s >><\/a><\/p>\n","protected":false},"author":3,"featured_media":0,"parent":206,"menu_order":0,"comment_status":"closed","ping_status":"closed","template":"institucion-interior.php","meta":{"footnotes":"","_links_to":"","_links_to_target":""},"class_list":["post-213","page","type-page","status-publish","hentry"],"_links":{"self":[{"href":"https:\/\/www.cchen.cl\/index.php?rest_route=\/wp\/v2\/pages\/213","targetHints":{"allow":["GET"]}}],"collection":[{"href":"https:\/\/www.cchen.cl\/index.php?rest_route=\/wp\/v2\/pages"}],"about":[{"href":"https:\/\/www.cchen.cl\/index.php?rest_route=\/wp\/v2\/types\/page"}],"author":[{"embeddable":true,"href":"https:\/\/www.cchen.cl\/index.php?rest_route=\/wp\/v2\/users\/3"}],"replies":[{"embeddable":true,"href":"https:\/\/www.cchen.cl\/index.php?rest_route=%2Fwp%2Fv2%2Fcomments&post=213"}],"version-history":[{"count":42,"href":"https:\/\/www.cchen.cl\/index.php?rest_route=\/wp\/v2\/pages\/213\/revisions"}],"predecessor-version":[{"id":8709,"href":"https:\/\/www.cchen.cl\/index.php?rest_route=\/wp\/v2\/pages\/213\/revisions\/8709"}],"up":[{"embeddable":true,"href":"https:\/\/www.cchen.cl\/index.php?rest_route=\/wp\/v2\/pages\/206"}],"wp:attachment":[{"href":"https:\/\/www.cchen.cl\/index.php?rest_route=%2Fwp%2Fv2%2Fmedia&parent=213"}],"curies":[{"name":"wp","href":"https:\/\/api.w.org\/{rel}","templated":true}]}}