{"id":218,"date":"2018-08-13T14:21:11","date_gmt":"2018-08-13T18:21:11","guid":{"rendered":"http:\/\/nueva.cchen.cl\/?page_id=218"},"modified":"2025-04-03T10:39:09","modified_gmt":"2025-04-03T14:39:09","slug":"cuenta-publica-2","status":"publish","type":"page","link":"https:\/\/www.cchen.cl\/?page_id=218","title":{"rendered":"Cuenta P\u00fablica"},"content":{"rendered":"<figure id=\"attachment_6858\" aria-describedby=\"caption-attachment-6858\" style=\"width: 300px\" class=\"wp-caption alignright\"><img loading=\"lazy\" decoding=\"async\" class=\"wp-image-6858 size-medium\" src=\"http:\/\/www.cchen.cl\/wp-content\/uploads\/2024\/06\/cpp_24.png\" alt=\"Cuenta P\u00fablica 2024\" width=\"300\" height=\"148\" \/><figcaption id=\"caption-attachment-6858\" class=\"wp-caption-text\"><a href=\"https:\/\/www.youtube.com\/watch?v=k5zOqwQH4Lk\" target=\"_blank\" rel=\"noopener\">Cuenta P\u00fablica 2024<\/a><\/figcaption><\/figure>\n<p>Los organismos de la administraci\u00f3n del Estado, anualmente, dan cuenta p\u00fablica participativa a la ciudadan\u00eda de la gesti\u00f3n de sus pol\u00edticas, planes, programas, acciones y de su ejecuci\u00f3n presupuestaria. Esta instancia busca la participaci\u00f3n directa de la ciudadan\u00eda, a trav\u00e9s de espacios de di\u00e1logo y de acceso a la informaci\u00f3n.<\/p>\n<p><strong>Cuentas P\u00fablicas disponibles:<\/strong><\/p>\n<ul>\n<li><a href=\"https:\/\/www.youtube.com\/watch?v=k5zOqwQH4Lk\" target=\"_blank\" rel=\"noopener\">Cuenta P\u00fablica 2024<\/a><\/li>\n<li><a href=\"https:\/\/youtu.be\/k5zOqwQH4Lk\" target=\"_blank\" rel=\"noopener\">Cuenta P\u00fablica 2023<\/a><\/li>\n<li><a href=\"https:\/\/youtu.be\/jINRqVXIhZw\" target=\"_blank\" rel=\"noopener\">Cuenta P\u00fablica 2022<\/a><\/li>\n<li><a href=\"https:\/\/youtu.be\/fvjtWUCUQpg\" target=\"_blank\" rel=\"noopener\">Cuenta P\u00fablica 2021<\/a><\/li>\n<li><a href=\"https:\/\/youtu.be\/apPXy80N1iw\" target=\"_blank\" rel=\"noopener\">Cuenta P\u00fablica 2020<\/a><\/li>\n<li><a href=\"..\/..\/pdf\/CP\/cuenta_publica_2019.pdf\" target=\"_blank\" rel=\"noopener noreferrer\">Cuenta P\u00fablica 2019<\/a><\/li>\n<li><a href=\"..\/..\/pdf\/CP\/cuenta_publica_2018.pdf\" target=\"_blank\" rel=\"noopener noreferrer\">Cuenta P\u00fablica 2018<\/a><\/li>\n<li><a href=\"..\/..\/pdf\/CP\/cuenta_publica_2017.pdf\" target=\"_blank\" rel=\"noopener noreferrer\">Cuenta P\u00fablica 2017<\/a><\/li>\n<li><a href=\"..\/..\/pdf\/CP\/cuenta_publica_2016.pdf\" target=\"_blank\" rel=\"noopener noreferrer\">Cuenta P\u00fablica 2016<\/a><\/li>\n<li><a href=\"..\/..\/pdf\/CP\/cuenta_publica_2015.pdf\" target=\"_blank\" rel=\"noopener noreferrer\">Cuenta P\u00fablica 2015<\/a><\/li>\n<li><a href=\"..\/..\/pdf\/CP\/cuenta_publica_2014.pdf\" target=\"_blank\" rel=\"noopener noreferrer\">Cuenta P\u00fablica 2014<\/a><\/li>\n<li><a href=\"https:\/\/youtu.be\/WCmPpxMLyhE\" target=\"_blank\" rel=\"noopener noreferrer\">Cuenta P\u00fablica 2013<\/a><\/li>\n<li><a href=\"https:\/\/youtu.be\/uux8yT1zds4\" target=\"_blank\" rel=\"noopener noreferrer\">Cuenta P\u00fablica 2012<\/a><\/li>\n<li><a href=\"..\/..\/pdf\/CP\/cuenta_publica_2011.pdf\" target=\"_blank\" rel=\"noopener noreferrer\">Cuenta P\u00fablica 2011<\/a><\/li>\n<li><a href=\"..\/..\/pdf\/CP\/cuenta_publica_2010.pdf\" target=\"_blank\" rel=\"noopener noreferrer\">Cuenta P\u00fablica 2010<\/a><\/li>\n<li><a href=\"..\/..\/pdf\/CP\/cuenta_publica_2009.pdf\" target=\"_blank\" rel=\"noopener noreferrer\">Cuenta P\u00fablica 2009<\/a><\/li>\n<\/ul>\n","protected":false},"excerpt":{"rendered":"<p>Los organismos de la administraci\u00f3n del Estado, anualmente, dan cuenta p\u00fablica participativa a la ciudadan\u00eda de la gesti\u00f3n de sus pol\u00edticas, planes, programas, acciones y de su ejecuci\u00f3n presupuestaria. Esta instancia busca la participaci\u00f3n directa de la ciudadan\u00eda, a trav\u00e9s de espacios de di\u00e1logo y de acceso a la informaci\u00f3n. Cuentas P\u00fablicas disponibles: Cuenta P\u00fablica&#8230; <a class=\"read-more\" href=\"https:\/\/www.cchen.cl\/?page_id=218\">Leer m\u00e1s >><\/a><\/p>\n","protected":false},"author":3,"featured_media":0,"parent":189,"menu_order":0,"comment_status":"closed","ping_status":"closed","template":"educacion-interior.php","meta":{"footnotes":"","_links_to":"","_links_to_target":""},"class_list":["post-218","page","type-page","status-publish","hentry"],"_links":{"self":[{"href":"https:\/\/www.cchen.cl\/index.php?rest_route=\/wp\/v2\/pages\/218","targetHints":{"allow":["GET"]}}],"collection":[{"href":"https:\/\/www.cchen.cl\/index.php?rest_route=\/wp\/v2\/pages"}],"about":[{"href":"https:\/\/www.cchen.cl\/index.php?rest_route=\/wp\/v2\/types\/page"}],"author":[{"embeddable":true,"href":"https:\/\/www.cchen.cl\/index.php?rest_route=\/wp\/v2\/users\/3"}],"replies":[{"embeddable":true,"href":"https:\/\/www.cchen.cl\/index.php?rest_route=%2Fwp%2Fv2%2Fcomments&post=218"}],"version-history":[{"count":38,"href":"https:\/\/www.cchen.cl\/index.php?rest_route=\/wp\/v2\/pages\/218\/revisions"}],"predecessor-version":[{"id":8380,"href":"https:\/\/www.cchen.cl\/index.php?rest_route=\/wp\/v2\/pages\/218\/revisions\/8380"}],"up":[{"embeddable":true,"href":"https:\/\/www.cchen.cl\/index.php?rest_route=\/wp\/v2\/pages\/189"}],"wp:attachment":[{"href":"https:\/\/www.cchen.cl\/index.php?rest_route=%2Fwp%2Fv2%2Fmedia&parent=218"}],"curies":[{"name":"wp","href":"https:\/\/api.w.org\/{rel}","templated":true}]}}