{"id":2342,"date":"2018-11-22T15:14:58","date_gmt":"2018-11-22T19:14:58","guid":{"rendered":"https:\/\/www.cchen.cl\/?page_id=2342"},"modified":"2019-03-15T14:09:47","modified_gmt":"2019-03-15T18:09:47","slug":"fusion","status":"publish","type":"page","link":"https:\/\/www.cchen.cl\/?page_id=2342","title":{"rendered":"Fusi\u00f3n Nuclear"},"content":{"rendered":"<p>La fusi\u00f3n consiste en la uni\u00f3n de dos n\u00facleos de \u00e1tomos livianos que chocan violentamente formando uno m\u00e1s masivo. Por ejemplo, los n\u00facleos pueden ser del deuterio y del tritio; ambos son variedades o is\u00f3topos del hidr\u00f3geno, cuyos n\u00facleos tienen un solo prot\u00f3n (de color amarillo en la figura), pero que poseen respectivamente 1 y 2 neutrones (de color azul en al figura). <\/p>\n<figure id=\"attachment_2484\" aria-describedby=\"caption-attachment-2484\" style=\"width: 451px\" class=\"wp-caption alignright\"><img loading=\"lazy\" decoding=\"async\" class=\"size-full wp-image-2484\" src=\"https:\/\/www.cchen.cl\/wp-content\/uploads\/2018\/12\/Captura-de-pantalla-2018-12-11-a-las-15.05.44.png\" alt=\"Proceso de fusi\u00f3n nuclear\" width=\"451\" height=\"273\" srcset=\"https:\/\/www.cchen.cl\/wp-content\/uploads\/2018\/12\/Captura-de-pantalla-2018-12-11-a-las-15.05.44.png 451w, https:\/\/www.cchen.cl\/wp-content\/uploads\/2018\/12\/Captura-de-pantalla-2018-12-11-a-las-15.05.44-300x182.png 300w\" sizes=\"auto, (max-width: 451px) 100vw, 451px\" \/><figcaption id=\"caption-attachment-2484\" class=\"wp-caption-text\">Proceso de fusi\u00f3n nuclear<\/figcaption><\/figure>\n<p>Si estos dos n\u00facleos se unen, se forma un nuevo n\u00facleo inestable que se divide en dos productos: un neutr\u00f3n y un nuevo n\u00facleo m\u00e1s masivo correspondiente al helio, con dos protones y dos neutrones. Tanto el neutr\u00f3n como el helio son expelidos con mucha energ\u00eda, generando as\u00ed una enorme cantidad de calor.<\/p>\n<p>Esta transformaci\u00f3n de hidr\u00f3geno en helio, que emite una enorme energ\u00eda, es lo que sucede permanentemente en el sol. <\/p>\n<p>El desarrollo de reactores de fusi\u00f3n requiere de una tecnolog\u00eda m\u00e1s compleja que la fisi\u00f3n y a\u00fan est\u00e1 en etapa experimental. Sin embargo, este tiene la gran ventaja de que se puede producir a partir del hidr\u00f3geno, un elemento muy abundante en la naturaleza, por lo cual se considera que su combustible ser\u00eda inagotable.<\/p>\n<p>Puedes encontrar m\u00e1s informaci\u00f3n en:<\/p>\n<ul>\n<li><a href=\"https:\/\/www.iter.org\" rel=\"noopener\" target=\"_blank\">Proyecto ITER<\/a><\/li>\n<p><\/p>\n<li><a href=\"https:\/\/www.foronuclear.org\/es\/el-experto-te-cuenta\/120315-la-fusion-nuclear\" rel=\"noopener\" target=\"_blank\">\u00abLa Fusi\u00f3n Nuclear\u00bb<\/a><\/li>\n<\/ul>\n","protected":false},"excerpt":{"rendered":"<p>La fusi\u00f3n consiste en la uni\u00f3n de dos n\u00facleos de \u00e1tomos livianos que chocan violentamente formando uno m\u00e1s masivo. Por ejemplo, los n\u00facleos pueden ser del deuterio y del tritio; ambos son variedades o is\u00f3topos del hidr\u00f3geno, cuyos n\u00facleos tienen un solo prot\u00f3n (de color amarillo en la figura), pero que poseen respectivamente 1 y&#8230; <a class=\"read-more\" href=\"https:\/\/www.cchen.cl\/?page_id=2342\">Leer m\u00e1s >><\/a><\/p>\n","protected":false},"author":3,"featured_media":0,"parent":1601,"menu_order":0,"comment_status":"closed","ping_status":"closed","template":"nucleoelectricidad-interior.php","meta":{"footnotes":"","_links_to":"","_links_to_target":""},"class_list":["post-2342","page","type-page","status-publish","hentry"],"_links":{"self":[{"href":"https:\/\/www.cchen.cl\/index.php?rest_route=\/wp\/v2\/pages\/2342","targetHints":{"allow":["GET"]}}],"collection":[{"href":"https:\/\/www.cchen.cl\/index.php?rest_route=\/wp\/v2\/pages"}],"about":[{"href":"https:\/\/www.cchen.cl\/index.php?rest_route=\/wp\/v2\/types\/page"}],"author":[{"embeddable":true,"href":"https:\/\/www.cchen.cl\/index.php?rest_route=\/wp\/v2\/users\/3"}],"replies":[{"embeddable":true,"href":"https:\/\/www.cchen.cl\/index.php?rest_route=%2Fwp%2Fv2%2Fcomments&post=2342"}],"version-history":[{"count":6,"href":"https:\/\/www.cchen.cl\/index.php?rest_route=\/wp\/v2\/pages\/2342\/revisions"}],"predecessor-version":[{"id":3917,"href":"https:\/\/www.cchen.cl\/index.php?rest_route=\/wp\/v2\/pages\/2342\/revisions\/3917"}],"up":[{"embeddable":true,"href":"https:\/\/www.cchen.cl\/index.php?rest_route=\/wp\/v2\/pages\/1601"}],"wp:attachment":[{"href":"https:\/\/www.cchen.cl\/index.php?rest_route=%2Fwp%2Fv2%2Fmedia&parent=2342"}],"curies":[{"name":"wp","href":"https:\/\/api.w.org\/{rel}","templated":true}]}}