{"id":263,"date":"2018-08-16T08:39:34","date_gmt":"2018-08-16T12:39:34","guid":{"rendered":"http:\/\/nueva.cchen.cl\/?page_id=263"},"modified":"2023-05-18T11:22:24","modified_gmt":"2023-05-18T15:22:24","slug":"historia-de-la-energia-nuclear-en-chile","status":"publish","type":"page","link":"https:\/\/www.cchen.cl\/?page_id=263","title":{"rendered":"Energ\u00eda nuclear en Chile"},"content":{"rendered":"<p><strong>Aspectos hist\u00f3ricos de la actividad nuclear en Chile<\/strong><\/p>\n<p>Los inicios de la actividad nuclear en Chile est\u00e1n caracterizados por esfuerzos individuales&nbsp;y espor\u00e1dicos en las universidades del pa\u00eds, as\u00ed como una consecuencia natural del&nbsp;amplio desarrollo y consolidaci\u00f3n de la f\u00edsica experimental en el pa\u00eds.<\/p>\n<p>En este aspecto,&nbsp;juegan un rol fundamental la Universidad de Chile, a trav\u00e9s de su Escuela de Ingenier\u00eda y&nbsp;el Instituto Pedag\u00f3gico. Algunos hitos hist\u00f3ricos generales y de inter\u00e9s son:<\/p>\n<p><strong>1896:<\/strong> Luis Zegers, considerado uno de los pioneros de la f\u00edsica en Chile, reproduce en&nbsp;su laboratorio el 22 de marzo de ese a\u00f1o el descubrimiento de Roentgen sobre&nbsp;los Rayos X, a s\u00f3lo tres meses del mencionado descubrimiento. Junto al profesor&nbsp;Arturo Salazar lograron radiograf\u00edas de la mano izquierda de Zegers. Fue la primera&nbsp;radiograf\u00eda en Latinoam\u00e9rica y Espa\u00f1a, la segunda en Am\u00e9rica y la s\u00e9ptima en el&nbsp;mundo. Zegers tambi\u00e9n divulg\u00f3 en el pa\u00eds las primeras investigaciones de los esposos&nbsp;Curie 1.<\/p>\n<p><strong>1945:<\/strong>&nbsp;se realiza en la Escuela de Ingenier\u00eda de la Universidad de Chile el primer&nbsp;debate p\u00fablico y acad\u00e9mico sobre la desintegraci\u00f3n de la materia y la energ\u00eda nuclear&nbsp;y sus alcances, producto del lanzamiento de la primera bomba at\u00f3mica.<\/p>\n<p><strong>1950:<\/strong>&nbsp;se crean en la Facultad de Filosof\u00eda y Educaci\u00f3n de la Universidad de Chile, a&nbsp;cargo del Instituto Pedag\u00f3gico, grupos de trabajo e investigaci\u00f3n en f\u00edsica nuclear y radiaci\u00f3n c\u00f3smica. En este \u00faltimo campo de investigaci\u00f3n destaca el aporte del&nbsp;Doctor Gabriel Alvial, quien a comienzos de los a\u00f1os 70\u2019 lleg\u00f3 a ser presidente de la&nbsp;Comisi\u00f3n Chilena de Energ\u00eda Nuclear. El Doctor Alvial logra un acuerdo de&nbsp;cooperaci\u00f3n entre Chile y los Estados Unidos para colocar equipos de detecci\u00f3n de&nbsp;rayos c\u00f3smicos en el Observatorio El Infiernillo en la Cordillera de Los Andes en la&nbsp;regi\u00f3n central de Chile.<\/p>\n<p><strong>1954:<\/strong>&nbsp;en agosto se crea el Laboratorio de F\u00edsica Nuclear de la&nbsp;Facultad de Ciencias F\u00edsicas y Matem\u00e1ticas de la Universidad de Chile. Las actividades&nbsp;se inician en torno a un acelerador lineal Crockoft-Walton de 800 kV. Phillips. Para&nbsp;reforzar la utilizaci\u00f3n de este instrumento se contrata al f\u00edsico holand\u00e9s Dr. J. H.&nbsp;Spaa,&nbsp; y adem\u00e1s se integraron f\u00edsicos egresados del Instituto Pedag\u00f3gico que trabajaban&nbsp;en radiaci\u00f3n c\u00f3smica, as\u00ed como algunos qu\u00edmicos y bi\u00f3logos. El laboratorio dict\u00f3&nbsp;cursos de Mec\u00e1nica Cu\u00e1ntica, F\u00edsica Nuclear y Teor\u00eda de los Reactores 2.<\/p>\n<p>El acelerador Crockoft-Walton se mantuvo operativo hasta 1967, cuando se&nbsp;public\u00f3 el \u00faltimo trabajo de investigaci\u00f3n sobre f\u00edsica de neutrones usando esta&nbsp;tecnolog\u00eda.<\/p>\n<p><strong>1955:<\/strong>&nbsp;funcionan en la Universidad de Chile laboratorios de radioqu\u00edmica,&nbsp; radiobiolog\u00eda,&nbsp;electr\u00f3nica, alto vac\u00edo y talleres de apoyo.<\/p>\n<p><strong>1957:<\/strong>&nbsp;el pa\u00eds ya contaba con 40 cient\u00edficos abocados a temas propios del \u00e1mbito&nbsp;nuclear.<\/p>\n<p><strong>1960:<\/strong>&nbsp;se consolidan grupos de investigaci\u00f3n en la Escuela de Ingenier\u00eda de la&nbsp;Universidad de Chile, al alero del Laboratorio de F\u00edsica Pura y Aplicada, donde adem\u00e1s hay&nbsp;grupos de radioqu\u00edmica y radiobiolog\u00eda.<\/p>\n<p>En el Instituto Pedag\u00f3gico de la misma casa&nbsp;de estudios funcionan laboratorios de Cristalograf\u00eda, Rayos X, Radiaci\u00f3n C\u00f3smica, F\u00edsica Te\u00f3rica, F\u00edsica At\u00f3mica y Nuclear.<\/p>\n<p><strong>1966:<\/strong>&nbsp;se incorpora a la infraestructura de investigaci\u00f3n un Ciclotr\u00f3n de 22\u201d, donado por&nbsp;la Universidad de California. La puesta en operaci\u00f3n del ciclotr\u00f3n demand\u00f3 un trabajo&nbsp;t\u00e9cnico especializado, que cont\u00f3 con la colaboraci\u00f3n de ingenieros del&nbsp;Crocker Nuclear Laboratory de UC Davis y de t\u00e9cnicos chilenos. El primer haz se&nbsp;obtuvo en 1967. La intenci\u00f3n fue contar con un laboratorio capaz de apoyar la&nbsp;realizaci\u00f3n de trabajos de investigaci\u00f3n en f\u00edsica nuclear de bajas energ\u00edas utilizando&nbsp;haces de part\u00edculas cargadas, con la posibilidad de variar las energ\u00edas entre 2 MeV y 10&nbsp;MeV y mediante una reacci\u00f3n nuclear especial producir neutrones de 20 MeV.<\/p>\n<p><strong>Creaci\u00f3n de la Comisi\u00f3n Chilena de Energ\u00eda Nuclear<\/strong><\/p>\n<p>El 14 de septiembre de 1955, Cruz-Coke presenta al&nbsp;Senado de la Rep\u00fablica un proyecto de ley para crear una Comisi\u00f3n Nacional&nbsp;de Energ\u00eda At\u00f3mica. El Dr. Cruz-Coke fue Ministro de&nbsp;Salubridad, Previsi\u00f3n y Asistencia Social durante la segunda administraci\u00f3n del Presidente&nbsp;Arturo Alessandri Palma. Fue un insigne pol\u00edtico del Partido Conservador y candidato a la&nbsp;Presidencia en 1946.<\/p>\n<p>As\u00ed comienza una larga discusi\u00f3n pol\u00edtica y social en&nbsp;torno al tema, lo que finalmente ve sus primeros frutos con la creaci\u00f3n de la Comisi\u00f3n&nbsp;Nacional de Energ\u00eda Nuclear (CNEN), mediante Decreto Supremo N\u00b0432 de fecha 16 de&nbsp;abril de 1964, bajo el gobierno del Presidente Jorge Alessandri&nbsp;Rodr\u00edguez.<\/p>\n<p>Al a\u00f1o siguiente, el 23 de octubre de 1965, al amparo de la Ley N\u00b016.319, se cre\u00f3 la Comisi\u00f3n Chilena de Energ\u00eda Nuclear (<abbr class='c2c-text-hover' title='Comisi\u00f3n Chilena de Energ\u00eda Nuclear.'>CCHEN<\/abbr>) &#8211; continuadora de la CNEN &#8211; durante el Gobierno&nbsp;de Eduardo Frei Montalva.<\/p>\n","protected":false},"excerpt":{"rendered":"<p>Aspectos hist\u00f3ricos de la actividad nuclear en Chile Los inicios de la actividad nuclear en Chile est\u00e1n caracterizados por esfuerzos individuales&nbsp;y espor\u00e1dicos en las universidades del pa\u00eds, as\u00ed como una consecuencia natural del&nbsp;amplio desarrollo y consolidaci\u00f3n de la f\u00edsica experimental en el pa\u00eds. En este aspecto,&nbsp;juegan un rol fundamental la Universidad de Chile, a trav\u00e9s&#8230; <a class=\"read-more\" href=\"https:\/\/www.cchen.cl\/?page_id=263\">Leer m\u00e1s >><\/a><\/p>\n","protected":false},"author":3,"featured_media":0,"parent":28,"menu_order":0,"comment_status":"closed","ping_status":"closed","template":"educacion-interior.php","meta":{"footnotes":"","_links_to":"","_links_to_target":""},"class_list":["post-263","page","type-page","status-publish","hentry"],"_links":{"self":[{"href":"https:\/\/www.cchen.cl\/index.php?rest_route=\/wp\/v2\/pages\/263","targetHints":{"allow":["GET"]}}],"collection":[{"href":"https:\/\/www.cchen.cl\/index.php?rest_route=\/wp\/v2\/pages"}],"about":[{"href":"https:\/\/www.cchen.cl\/index.php?rest_route=\/wp\/v2\/types\/page"}],"author":[{"embeddable":true,"href":"https:\/\/www.cchen.cl\/index.php?rest_route=\/wp\/v2\/users\/3"}],"replies":[{"embeddable":true,"href":"https:\/\/www.cchen.cl\/index.php?rest_route=%2Fwp%2Fv2%2Fcomments&post=263"}],"version-history":[{"count":11,"href":"https:\/\/www.cchen.cl\/index.php?rest_route=\/wp\/v2\/pages\/263\/revisions"}],"predecessor-version":[{"id":3662,"href":"https:\/\/www.cchen.cl\/index.php?rest_route=\/wp\/v2\/pages\/263\/revisions\/3662"}],"up":[{"embeddable":true,"href":"https:\/\/www.cchen.cl\/index.php?rest_route=\/wp\/v2\/pages\/28"}],"wp:attachment":[{"href":"https:\/\/www.cchen.cl\/index.php?rest_route=%2Fwp%2Fv2%2Fmedia&parent=263"}],"curies":[{"name":"wp","href":"https:\/\/api.w.org\/{rel}","templated":true}]}}