{"id":267,"date":"2018-08-16T10:04:12","date_gmt":"2018-08-16T14:04:12","guid":{"rendered":"http:\/\/nueva.cchen.cl\/?page_id=267"},"modified":"2020-10-06T09:35:50","modified_gmt":"2020-10-06T13:35:50","slug":"cchen-educa","status":"publish","type":"page","link":"https:\/\/www.cchen.cl\/?page_id=267","title":{"rendered":"Recursos Educativos"},"content":{"rendered":"<h2>Enlaces a Sitios de Inter\u00e9s<\/h2>\n<ul>\n<li><a href=\"https:\/\/www.lanentweb.org\/es\/materiales-educativos\" target=\"_blank\" rel=\"noopener noreferrer\">Material Educativo de Red LANENT<\/a>.<\/li>\n<li><a href=\"http:\/\/www.mienergia.cl\/oportunidades-y-beneficios\/videoteca-de-la-energia\" target=\"_blank\" rel=\"noopener noreferrer\">Ministerio de Energ\u00eda, Videoteca de la Energ\u00eda<\/a>.<\/li>\n<li><a href=\"https:\/\/www.foronuclear.org\/\" target=\"_blank\" rel=\"noopener noreferrer\">Foro de la Industria Nuclear Espa\u00f1ola<\/a>: 222 Cuestiones sobre la Energ\u00eda Nuclear(<a href=\"https:\/\/www.cchen.cl\/pdf\/222_Cuestiones_sobre_la_energia_1.pdf\" target=\"_blank\" rel=\"noopener noreferrer\">Cap\u00edtulo 1<\/a> \/ <a href=\"https:\/\/www.cchen.cl\/pdf\/222_Cuestiones_sobre_la_energia_2.pdf\" target=\"_blank\" rel=\"noopener noreferrer\">Cap\u00edtulo 2<\/a>)<\/li>\n<\/ul>\n","protected":false},"excerpt":{"rendered":"<p>Enlaces a Sitios de Inter\u00e9s Material Educativo de Red LANENT. Ministerio de Energ\u00eda, Videoteca de la Energ\u00eda. Foro de la Industria Nuclear Espa\u00f1ola: 222 Cuestiones sobre la Energ\u00eda Nuclear(Cap\u00edtulo 1 \/ Cap\u00edtulo 2)<\/p>\n","protected":false},"author":3,"featured_media":0,"parent":28,"menu_order":0,"comment_status":"closed","ping_status":"closed","template":"educacion-interior.php","meta":{"footnotes":"","_links_to":"","_links_to_target":""},"class_list":["post-267","page","type-page","status-publish","hentry"],"_links":{"self":[{"href":"https:\/\/www.cchen.cl\/index.php?rest_route=\/wp\/v2\/pages\/267","targetHints":{"allow":["GET"]}}],"collection":[{"href":"https:\/\/www.cchen.cl\/index.php?rest_route=\/wp\/v2\/pages"}],"about":[{"href":"https:\/\/www.cchen.cl\/index.php?rest_route=\/wp\/v2\/types\/page"}],"author":[{"embeddable":true,"href":"https:\/\/www.cchen.cl\/index.php?rest_route=\/wp\/v2\/users\/3"}],"replies":[{"embeddable":true,"href":"https:\/\/www.cchen.cl\/index.php?rest_route=%2Fwp%2Fv2%2Fcomments&post=267"}],"version-history":[{"count":48,"href":"https:\/\/www.cchen.cl\/index.php?rest_route=\/wp\/v2\/pages\/267\/revisions"}],"predecessor-version":[{"id":5429,"href":"https:\/\/www.cchen.cl\/index.php?rest_route=\/wp\/v2\/pages\/267\/revisions\/5429"}],"up":[{"embeddable":true,"href":"https:\/\/www.cchen.cl\/index.php?rest_route=\/wp\/v2\/pages\/28"}],"wp:attachment":[{"href":"https:\/\/www.cchen.cl\/index.php?rest_route=%2Fwp%2Fv2%2Fmedia&parent=267"}],"curies":[{"name":"wp","href":"https:\/\/api.w.org\/{rel}","templated":true}]}}