{"id":2785,"date":"2019-02-06T09:11:52","date_gmt":"2019-02-06T13:11:52","guid":{"rendered":"https:\/\/www.cchen.cl\/?page_id=2785"},"modified":"2024-05-16T08:57:10","modified_gmt":"2024-05-16T12:57:10","slug":"balances-de-gestion-integral","status":"publish","type":"page","link":"https:\/\/www.cchen.cl\/?page_id=2785","title":{"rendered":"Balances de Gesti\u00f3n Integral"},"content":{"rendered":"<p>Los balances de gesti\u00f3n integral de la <abbr class='c2c-text-hover' title='Comisi\u00f3n Chilena de Energ\u00eda Nuclear.'>CCHEN<\/abbr> permiten conocer el estado anual de las diversas actividades desarrolladas por la instituci\u00f3n, as\u00ed como sus principales resultados y logros.<\/p>\n<p>Esta informaci\u00f3n da cuenta, entre otros aspectos, de las definiciones estrat\u00e9gicas de la <abbr class='c2c-text-hover' title='Comisi\u00f3n Chilena de Energ\u00eda Nuclear.'>CCHEN<\/abbr>, la relaci\u00f3n que mantiene con los principales ministerios de la naci\u00f3n, su estructura, autoridades, y recursos humanos y financieros; los resultados globales y financieros del periodo, el grado de cumplimiento de los compromisos institucionales, los avances en el \u00e1mbito de la gesti\u00f3n interna y los principales desaf\u00edos para cada uno de los periodos descritos.<\/p>\n<table class=\"table table-light table-hover\" align=\"center\">\n<thead>\n<tr align=\"center\">\n<th>Balance de Gesti\u00f3n Integral 2022<\/th>\n<\/tr>\n<\/thead>\n<tbody>\n<tr>\n<td align=\"justify\">La <abbr class='c2c-text-hover' title='Comisi\u00f3n Chilena de Energ\u00eda Nuclear.'>CCHEN<\/abbr> realiza actividades para contribuir al conocimiento en ciencia y tecnolog\u00eda, al bienestar y seguridad de las personas y a la protecci\u00f3n del medio ambiente, para el sector p\u00fablico y privado, en las \u00e1reas de salud, industria, miner\u00eda, agricultura y educaci\u00f3n, a trav\u00e9s de la investigaci\u00f3n, desarrollo, difusi\u00f3n y prestaci\u00f3n de servicios en aplicaciones pacificas de la energ\u00eda nuclear, as\u00ed como su regulaci\u00f3n, control y fiscalizaci\u00f3n.<\/td>\n<\/tr>\n<tr>\n<td align=\"center\"><a href=\"https:\/\/www.cchen.cl\/pdf\/BGI\/CCHEN-BGI-2022.pdf\" target=\"_blank\" rel=\"noopener noreferrer\"><img loading=\"lazy\" decoding=\"async\" class=\"alignnone\" src=\"http:\/\/www.cchen.cl\/wp-content\/uploads\/2024\/05\/BGI_2022_Small.png\" alt=\"\" width=\"300\" height=\"390\" \/><\/a><\/td>\n<\/tr>\n<\/tbody>\n<\/table>\n<p><a href=\"https:\/\/www.cchen.cl\/pdf\/BGI\/CCHEN-BGI-2021.pdf\" target=\"blank\" rel=\"noopener noreferrer\">Balance de Gesti\u00f3n Integral 2021 (1.8 MB)<\/a><br \/>\n<a href=\"https:\/\/www.cchen.cl\/pdf\/BGI\/CCHEN-BGI-2020.pdf\" target=\"blank\" rel=\"noopener noreferrer\">Balance de Gesti\u00f3n Integral 2020 (2.00 MB)<\/a><br \/>\n<a href=\"https:\/\/www.cchen.cl\/otros\/balancesGI\/Compromisos_institucionales_2019.pdf\" target=\"blank\" rel=\"noopener noreferrer\">Balance de Gesti\u00f3n Integral 2019 (2.00 MB)<\/a><br \/>\n<a href=\"https:\/\/www.cchen.cl\/otros\/balancesGI\/CCHEN-BGI-2018.pdf\" target=\"blank\" rel=\"noopener noreferrer\">Balance de Gesti\u00f3n Integral 2018 (2.00 MB)<\/a><br \/>\n<a href=\"https:\/\/www.cchen.cl\/otros\/balancesGI\/CCHEN-BGI-2017.pdf\" target=\"blank\" rel=\"noopener noreferrer\">Balance de Gesti\u00f3n Integral 2017 (5.32 MB)<\/a><br \/>\n<a href=\"https:\/\/www.cchen.cl\/otros\/balancesGI\/CCHEN-BGI-2016.pdf\" target=\"blank\" rel=\"noopener noreferrer\">Balance de Gesti\u00f3n Integral 2016 (430.19 kB)<\/a><br \/>\n<a href=\"https:\/\/www.cchen.cl\/otros\/balancesGI\/CCHEN-BGI-2015.pdf\" target=\"blank\" rel=\"noopener noreferrer\">Balance de Gesti\u00f3n Integral 2015 (1.95 MB)<\/a><br \/>\n<a href=\"https:\/\/www.cchen.cl\/otros\/balancesGI\/CCHEN-BGI-2014.pdf\" target=\"blank\" rel=\"noopener noreferrer\">Balance de Gesti\u00f3n Integral 2014 (1.69 MB)<\/a><br \/>\n<a href=\"https:\/\/www.cchen.cl\/otros\/balancesGI\/CCHEN-BGI-2013.pdf\" target=\"blank\" rel=\"noopener noreferrer\">Balance de Gesti\u00f3n Integral 2013 (1.66 MB)<\/a><br \/>\n<a href=\"https:\/\/www.cchen.cl\/otros\/balancesGI\/CCHEN-BGI-2012.pdf\" target=\"blank\" rel=\"noopener noreferrer\">Balance de Gesti\u00f3n Integral 2012 (1.81 MB)<\/a><br \/>\n<a href=\"https:\/\/www.cchen.cl\/otros\/balancesGI\/CCHEN-BGI-2011.pdf\" target=\"blank\" rel=\"noopener noreferrer\">Balance de Gesti\u00f3n Integral 2011 (1.53 MB)<\/a><br \/>\n<a href=\"https:\/\/www.cchen.cl\/otros\/balancesGI\/CCHEN-BGI-2010.pdf\" target=\"blank\" rel=\"noopener noreferrer\">Balance de Gesti\u00f3n Integral 2010 (253.06 kB)<\/a><br \/>\n<a href=\"https:\/\/www.cchen.cl\/otros\/balancesGI\/CCHEN-BGI-2009.pdf\" target=\"blank\" rel=\"noopener noreferrer\">Balance de Gesti\u00f3n Integral 2009 (259.57 kB)<\/a><br \/>\n<a href=\"https:\/\/www.cchen.cl\/otros\/balancesGI\/CCHEN-BGI-2008.pdf\" target=\"blank\" rel=\"noopener noreferrer\">Balance de Gesti\u00f3n Integral 2008 (332.24 kB)<\/a><br \/>\n<a href=\"https:\/\/www.cchen.cl\/otros\/balancesGI\/CCHEN-BGI-2007.pdf\" target=\"blank\" rel=\"noopener noreferrer\">Balance de Gesti\u00f3n Integral 2007 (290.38 kB)<\/a><br \/>\n<a href=\"https:\/\/www.cchen.cl\/otros\/balancesGI\/CCHEN-BGI-2006.pdf\" target=\"blank\" rel=\"noopener noreferrer\">Balance de Gesti\u00f3n Integral 2006 (366.56 kB)<\/a><br \/>\n<a href=\"https:\/\/www.cchen.cl\/otros\/balancesGI\/CCHEN-BGI-2005.pdf\" target=\"blank\" rel=\"noopener noreferrer\">Balance de Gesti\u00f3n Integral 2005 (220.16 kB)<\/a><br \/>\n<a href=\"https:\/\/www.cchen.cl\/otros\/balancesGI\/CCHEN-BGI-2004.pdf\" target=\"blank\" rel=\"noopener noreferrer\">Balance de Gesti\u00f3n Integral 2004 (643 kB)<\/a><br \/>\n<a href=\"https:\/\/www.cchen.cl\/otros\/balancesGI\/CCHEN-BGI-2003.pdf\" target=\"blank\" rel=\"noopener noreferrer\">Balance de Gesti\u00f3n Integral 2003 (155.99 kB)<\/a><br \/>\n<a href=\"https:\/\/www.cchen.cl\/otros\/balancesGI\/CCHEN-BGI-2002.pdf\" target=\"blank\" rel=\"noopener noreferrer\">Balance de Gesti\u00f3n Integral 2002 (495.05 kB)<\/a><br \/>\n<a href=\"https:\/\/www.cchen.cl\/otros\/balancesGI\/CCHEN-BGI-2001.pdf\" target=\"blank\" rel=\"noopener noreferrer\">Balance de Gesti\u00f3n Integral 2001 (293.06 kB)<\/a><\/p>\n","protected":false},"excerpt":{"rendered":"<p>Los balances de gesti\u00f3n integral de la <abbr class='c2c-text-hover' title='Comisi\u00f3n Chilena de Energ\u00eda Nuclear.'>CCHEN<\/abbr> permiten conocer el estado anual de las diversas actividades desarrolladas por la instituci\u00f3n, as\u00ed como sus principales resultados y logros. Esta informaci\u00f3n da cuenta, entre otros aspectos, de las definiciones estrat\u00e9gicas de la <abbr class='c2c-text-hover' title='Comisi\u00f3n Chilena de Energ\u00eda Nuclear.'>CCHEN<\/abbr>, la relaci\u00f3n que mantiene con los principales ministerios de la naci\u00f3n, su estructura,&#8230; <a class=\"read-more\" href=\"https:\/\/www.cchen.cl\/?page_id=2785\">Leer m\u00e1s >><\/a><\/p>\n","protected":false},"author":3,"featured_media":0,"parent":206,"menu_order":0,"comment_status":"closed","ping_status":"closed","template":"institucion-interior.php","meta":{"footnotes":"","_links_to":"","_links_to_target":""},"class_list":["post-2785","page","type-page","status-publish","hentry"],"_links":{"self":[{"href":"https:\/\/www.cchen.cl\/index.php?rest_route=\/wp\/v2\/pages\/2785","targetHints":{"allow":["GET"]}}],"collection":[{"href":"https:\/\/www.cchen.cl\/index.php?rest_route=\/wp\/v2\/pages"}],"about":[{"href":"https:\/\/www.cchen.cl\/index.php?rest_route=\/wp\/v2\/types\/page"}],"author":[{"embeddable":true,"href":"https:\/\/www.cchen.cl\/index.php?rest_route=\/wp\/v2\/users\/3"}],"replies":[{"embeddable":true,"href":"https:\/\/www.cchen.cl\/index.php?rest_route=%2Fwp%2Fv2%2Fcomments&post=2785"}],"version-history":[{"count":21,"href":"https:\/\/www.cchen.cl\/index.php?rest_route=\/wp\/v2\/pages\/2785\/revisions"}],"predecessor-version":[{"id":7977,"href":"https:\/\/www.cchen.cl\/index.php?rest_route=\/wp\/v2\/pages\/2785\/revisions\/7977"}],"up":[{"embeddable":true,"href":"https:\/\/www.cchen.cl\/index.php?rest_route=\/wp\/v2\/pages\/206"}],"wp:attachment":[{"href":"https:\/\/www.cchen.cl\/index.php?rest_route=%2Fwp%2Fv2%2Fmedia&parent=2785"}],"curies":[{"name":"wp","href":"https:\/\/api.w.org\/{rel}","templated":true}]}}