{"id":279,"date":"2018-08-20T14:12:57","date_gmt":"2018-08-20T18:12:57","guid":{"rendered":"http:\/\/nueva.cchen.cl\/?page_id=279"},"modified":"2019-03-15T09:20:49","modified_gmt":"2019-03-15T13:20:49","slug":"tecnologia-nuclear-en-el-mundo","status":"publish","type":"page","link":"https:\/\/www.cchen.cl\/?page_id=279","title":{"rendered":"Tecnolog\u00eda nuclear"},"content":{"rendered":"<p>Durante las \u00faltimas d\u00e9cadas, la experiencia en la implementaci\u00f3n y uso de reactores nucleares aument\u00f3, y si a ello sumamos las interconexiones entre pa\u00edses, son a\u00fan m\u00e1s los que se benefician con el uso de la energ\u00eda nuclear.<\/p>\n<p>Estados Unidos es uno de los pa\u00edses que genera electricidad a partir de reactores nucleares de potencia. En Europa, por ejemplo, el 70% de la provisi\u00f3n energ\u00e9tica de Francia (2018) es a partir de esta tecnolog\u00eda, que se traduce en 58 reactores en operaci\u00f3n.<\/p>\n<p>Finlandia es otro de los pa\u00edses que cuentan con reactores en operaci\u00f3n y, en su caso, la generaci\u00f3n de energ\u00eda equivale a m\u00e1s del 30% de sus requerimientos. <\/p>\n<figure id=\"attachment_1901\" aria-describedby=\"caption-attachment-1901\" style=\"width: 300px\" class=\"wp-caption alignright\"><img loading=\"lazy\" decoding=\"async\" class=\"wp-image-1901 size-medium\" src=\"https:\/\/www.cchen.cl\/wp-content\/uploads\/2018\/10\/Olkiluoto_Nuclear_Power_Plant-300x151.jpg\" alt=\"\" width=\"300\" height=\"151\" \/><figcaption id=\"caption-attachment-1901\" class=\"wp-caption-text\">Central nuclear Olkiluoto, Finlandia.<\/figcaption><\/figure>\n<p>Existen pa\u00edses como Alemania y Suiza que planifican apagar sus reactores de forma definitiva; sin embargo, Inglaterra, que cuenta con 15 reactores en operaci\u00f3n aprob\u00f3 la construcci\u00f3n de un reactor nuclear de potencia tras el accidente de Fukushima Daiichi (Hinkley Point C), mientras que China, al 2017, estaba instalando 19 reactores.<\/p>\n<p>Si deseas conocer mayor informaci\u00f3n, puedes visitar:<\/p>\n<ul>\n<li><a href=\"https:\/\/pris.iaea.org\/PRIS\/home.aspx\" rel=\"noopener\" target=\"_blank\">Power Reactor Information System (PRIS) <\/a><\/li>\n<p><\/p>\n<li><a href=\"https:\/\/www.iaea.org\/es\" rel=\"noopener\" target=\"_blank\">Organismo Internacional de Energ\u00eda At\u00f3mica (OIEA)<\/a><\/li>\n<\/ul>\n","protected":false},"excerpt":{"rendered":"<p>Durante las \u00faltimas d\u00e9cadas, la experiencia en la implementaci\u00f3n y uso de reactores nucleares aument\u00f3, y si a ello sumamos las interconexiones entre pa\u00edses, son a\u00fan m\u00e1s los que se benefician con el uso de la energ\u00eda nuclear. Estados Unidos es uno de los pa\u00edses que genera electricidad a partir de reactores nucleares de potencia&#8230;. <a class=\"read-more\" href=\"https:\/\/www.cchen.cl\/?page_id=279\">Leer m\u00e1s >><\/a><\/p>\n","protected":false},"author":3,"featured_media":0,"parent":30,"menu_order":0,"comment_status":"closed","ping_status":"closed","template":"nucleoelectricidad-interior.php","meta":{"footnotes":"","_links_to":"","_links_to_target":""},"class_list":["post-279","page","type-page","status-publish","hentry"],"_links":{"self":[{"href":"https:\/\/www.cchen.cl\/index.php?rest_route=\/wp\/v2\/pages\/279","targetHints":{"allow":["GET"]}}],"collection":[{"href":"https:\/\/www.cchen.cl\/index.php?rest_route=\/wp\/v2\/pages"}],"about":[{"href":"https:\/\/www.cchen.cl\/index.php?rest_route=\/wp\/v2\/types\/page"}],"author":[{"embeddable":true,"href":"https:\/\/www.cchen.cl\/index.php?rest_route=\/wp\/v2\/users\/3"}],"replies":[{"embeddable":true,"href":"https:\/\/www.cchen.cl\/index.php?rest_route=%2Fwp%2Fv2%2Fcomments&post=279"}],"version-history":[{"count":26,"href":"https:\/\/www.cchen.cl\/index.php?rest_route=\/wp\/v2\/pages\/279\/revisions"}],"predecessor-version":[{"id":3764,"href":"https:\/\/www.cchen.cl\/index.php?rest_route=\/wp\/v2\/pages\/279\/revisions\/3764"}],"up":[{"embeddable":true,"href":"https:\/\/www.cchen.cl\/index.php?rest_route=\/wp\/v2\/pages\/30"}],"wp:attachment":[{"href":"https:\/\/www.cchen.cl\/index.php?rest_route=%2Fwp%2Fv2%2Fmedia&parent=279"}],"curies":[{"name":"wp","href":"https:\/\/api.w.org\/{rel}","templated":true}]}}