{"id":284,"date":"2018-08-20T14:19:05","date_gmt":"2018-08-20T18:19:05","guid":{"rendered":"http:\/\/nueva.cchen.cl\/?page_id=284"},"modified":"2019-03-25T10:38:21","modified_gmt":"2019-03-25T14:38:21","slug":"estadisticas-mundiales","status":"publish","type":"page","link":"https:\/\/www.cchen.cl\/?page_id=284","title":{"rendered":"Estad\u00edsticas Mundiales"},"content":{"rendered":"<figure id=\"attachment_726\" aria-describedby=\"caption-attachment-726\" style=\"width: 400px\" class=\"wp-caption alignright\"><img decoding=\"async\" class=\"wp-image-726 size-full\" src=\"https:\/\/www.cchen.cl\/wp-content\/uploads\/2019\/03\/figura2_nucleo.jpg\" alt=\"N\u00famero de reactores en el mundo\" \/><figcaption id=\"caption-attachment-726\" class=\"wp-caption-text\">N\u00famero de reactores en el mundo<\/figcaption><\/figure>\n<p>La informaci\u00f3n actualizada sobre generaci\u00f3n de energ\u00eda a partir de reactores nucleares de potencia, se encuentra en la <a href=\"https:\/\/pris.iaea.org\/PRIS\/WorldStatistics\/OperationalReactorsByCountry.aspx\" rel=\"noopener\" target=\"_blank\">Power Reactor Information System (PRIS)<\/a>, y para complementar, el Organismo Internacional de Energ\u00eda At\u00f3mica (OIEA) pone a disposici\u00f3n una base de datos mundial que recopila informaci\u00f3n de reactores en construcci\u00f3n, operaci\u00f3n o que se encuentran detenidos permanentemente, adem\u00e1s de otros datos t\u00e9cnicos y de producci\u00f3n de energ\u00eda.<\/p>\n<p>Puedes encontrar mayor informaci\u00f3n en:<\/p>\n<ul>\n<li><a href=\"https:\/\/pris.iaea.org\/PRIS\/WorldStatistics\/OperationalReactorsByCountry.aspx\" rel=\"noopener\" target=\"_blank\">Organismo Internacional de Energ\u00eda At\u00f3mica (OEIA)<\/a><\/li>\n<\/ul>\n","protected":false},"excerpt":{"rendered":"<p>La informaci\u00f3n actualizada sobre generaci\u00f3n de energ\u00eda a partir de reactores nucleares de potencia, se encuentra en la Power Reactor Information System (PRIS), y para complementar, el Organismo Internacional de Energ\u00eda At\u00f3mica (OIEA) pone a disposici\u00f3n una base de datos mundial que recopila informaci\u00f3n de reactores en construcci\u00f3n, operaci\u00f3n o que se encuentran detenidos permanentemente,&#8230; <a class=\"read-more\" href=\"https:\/\/www.cchen.cl\/?page_id=284\">Leer m\u00e1s >><\/a><\/p>\n","protected":false},"author":3,"featured_media":0,"parent":279,"menu_order":0,"comment_status":"closed","ping_status":"closed","template":"nucleoelectricidad-interior.php","meta":{"footnotes":"","_links_to":"","_links_to_target":""},"class_list":["post-284","page","type-page","status-publish","hentry"],"_links":{"self":[{"href":"https:\/\/www.cchen.cl\/index.php?rest_route=\/wp\/v2\/pages\/284","targetHints":{"allow":["GET"]}}],"collection":[{"href":"https:\/\/www.cchen.cl\/index.php?rest_route=\/wp\/v2\/pages"}],"about":[{"href":"https:\/\/www.cchen.cl\/index.php?rest_route=\/wp\/v2\/types\/page"}],"author":[{"embeddable":true,"href":"https:\/\/www.cchen.cl\/index.php?rest_route=\/wp\/v2\/users\/3"}],"replies":[{"embeddable":true,"href":"https:\/\/www.cchen.cl\/index.php?rest_route=%2Fwp%2Fv2%2Fcomments&post=284"}],"version-history":[{"count":34,"href":"https:\/\/www.cchen.cl\/index.php?rest_route=\/wp\/v2\/pages\/284\/revisions"}],"predecessor-version":[{"id":3975,"href":"https:\/\/www.cchen.cl\/index.php?rest_route=\/wp\/v2\/pages\/284\/revisions\/3975"}],"up":[{"embeddable":true,"href":"https:\/\/www.cchen.cl\/index.php?rest_route=\/wp\/v2\/pages\/279"}],"wp:attachment":[{"href":"https:\/\/www.cchen.cl\/index.php?rest_route=%2Fwp%2Fv2%2Fmedia&parent=284"}],"curies":[{"name":"wp","href":"https:\/\/api.w.org\/{rel}","templated":true}]}}