{"id":288,"date":"2018-08-20T14:19:46","date_gmt":"2018-08-20T18:19:46","guid":{"rendered":"http:\/\/nueva.cchen.cl\/?page_id=288"},"modified":"2019-03-15T10:37:27","modified_gmt":"2019-03-15T14:37:27","slug":"brasil","status":"publish","type":"page","link":"https:\/\/www.cchen.cl\/?page_id=288","title":{"rendered":"Brasil"},"content":{"rendered":"<figure id=\"attachment_2409\" aria-describedby=\"caption-attachment-2409\" style=\"width: 350px\" class=\"wp-caption alignright\"><img decoding=\"async\" class=\"size-full wp-image-2409\" src=\"https:\/\/www.cchen.cl\/wp-content\/uploads\/2018\/12\/brasil-e1552660420657.png\" alt=\"Centrales Nucleares en operaci\u00f3n y central proyectada en Brasil\" width=\"350\" \/><figcaption id=\"caption-attachment-2409\" class=\"wp-caption-text\">Centrales Nucleares en operaci\u00f3n y central proyectada en Brasil<\/figcaption><\/figure>\n<ul>\n<li>El 3% de la electricidad producida en Brasil, proviene de dos reactores nucleares, con lo que se ubica en el segundo lugar de Latinoam\u00e9rica, posterior a Argentina, en la cobertura de consumo energ\u00e9tico. <\/li>\n<li>Su primer reactor comercial de energ\u00eda nuclear comenz\u00f3 a funcionar en 1982, con lo que han sumado conocimiento y experiencia en la operaci\u00f3n de reactores nucleares.<\/li>\n<li>La construcci\u00f3n del tercer reactor nuclear del pa\u00eds se encuentra estancada.<\/li>\n<\/ul>\n<p>El consumo de electricidad per c\u00e1pita en Brasil ha crecido fuertemente en aproximadamente  un 60% entre 1990 y 2016. A ese a\u00f1o la producci\u00f3n de electricidad en Brasil se distribuy\u00f3 en un  66% de energ\u00eda hidroel\u00e9ctrica, 10% de gas, 9% de biomasa y residuos, 6% de energ\u00eda e\u00f3lica y solar, 4% de carb\u00f3n, 3% de nuclear y 3% de petr\u00f3leo. <\/p>\n<p> En el pa\u00eds, la generaci\u00f3n el\u00e9ctrica, en t\u00e9rminos generales, est\u00e1 administrada en gran parte por privados y, un porcentaje menor, por servicios p\u00fablicos estatales. A la fecha no se permite la inversi\u00f3n privada en energ\u00eda nuclear, aunque esta condici\u00f3n se encuentra en revisi\u00f3n.<\/p>\n","protected":false},"excerpt":{"rendered":"<p>El 3% de la electricidad producida en Brasil, proviene de dos reactores nucleares, con lo que se ubica en el segundo lugar de Latinoam\u00e9rica, posterior a Argentina, en la cobertura de consumo energ\u00e9tico. Su primer reactor comercial de energ\u00eda nuclear comenz\u00f3 a funcionar en 1982, con lo que han sumado conocimiento y experiencia en la&#8230; <a class=\"read-more\" href=\"https:\/\/www.cchen.cl\/?page_id=288\">Leer m\u00e1s >><\/a><\/p>\n","protected":false},"author":3,"featured_media":0,"parent":279,"menu_order":0,"comment_status":"closed","ping_status":"closed","template":"nucleoelectricidad-interior.php","meta":{"footnotes":"","_links_to":"","_links_to_target":""},"class_list":["post-288","page","type-page","status-publish","hentry"],"_links":{"self":[{"href":"https:\/\/www.cchen.cl\/index.php?rest_route=\/wp\/v2\/pages\/288","targetHints":{"allow":["GET"]}}],"collection":[{"href":"https:\/\/www.cchen.cl\/index.php?rest_route=\/wp\/v2\/pages"}],"about":[{"href":"https:\/\/www.cchen.cl\/index.php?rest_route=\/wp\/v2\/types\/page"}],"author":[{"embeddable":true,"href":"https:\/\/www.cchen.cl\/index.php?rest_route=\/wp\/v2\/users\/3"}],"replies":[{"embeddable":true,"href":"https:\/\/www.cchen.cl\/index.php?rest_route=%2Fwp%2Fv2%2Fcomments&post=288"}],"version-history":[{"count":10,"href":"https:\/\/www.cchen.cl\/index.php?rest_route=\/wp\/v2\/pages\/288\/revisions"}],"predecessor-version":[{"id":3876,"href":"https:\/\/www.cchen.cl\/index.php?rest_route=\/wp\/v2\/pages\/288\/revisions\/3876"}],"up":[{"embeddable":true,"href":"https:\/\/www.cchen.cl\/index.php?rest_route=\/wp\/v2\/pages\/279"}],"wp:attachment":[{"href":"https:\/\/www.cchen.cl\/index.php?rest_route=%2Fwp%2Fv2%2Fmedia&parent=288"}],"curies":[{"name":"wp","href":"https:\/\/api.w.org\/{rel}","templated":true}]}}