{"id":2922,"date":"2019-02-07T09:21:31","date_gmt":"2019-02-07T13:21:31","guid":{"rendered":"https:\/\/www.cchen.cl\/?page_id=2922"},"modified":"2019-04-30T14:13:35","modified_gmt":"2019-04-30T18:13:35","slug":"tecnologias-nucleares","status":"publish","type":"page","link":"https:\/\/www.cchen.cl\/?page_id=2922","title":{"rendered":"Tecnolog\u00edas Nucleares"},"content":{"rendered":"<figure id=\"attachment_230\" aria-describedby=\"caption-attachment-230\" style=\"width: 400px\" class=\"wp-caption alignright\"><img decoding=\"async\" class=\"wp-image-230 size-full\" src=\"https:\/\/www.cchen.cl\/wp-content\/uploads\/2019\/04\/DTN-2-ok.jpg\" alt=\"Departamento de Tecnolog\u00edas Nucleares\" width=\"400\" \/><figcaption id=\"caption-attachment-230\" class=\"wp-caption-text\">Departamento de Tecnolog\u00edas Nucleares<\/figcaption><\/figure>\n<p>El Departamento est\u00e1 orientado a encontrar respuestas a problemas y demandas en el \u00e1mbito p\u00fablico\/privado por medio del planteamiento de proyectos y convenios nacionales e internacionales, donde el uso y aplicaci\u00f3n de metodolog\u00edas y t\u00e9cnicas isot\u00f3picas, complementadas a las convencionales, permitan fortalecer el conocimiento en \u00e1reas de salud humana, inocuidad alimentaria y medio ambiente (suelo\/agua\/aire y su relaci\u00f3n con la flora y fauna).<\/p>\n<p><b>Objetivo<\/b>: implementar y gestionar las l\u00edneas de desarrollo de tecnolog\u00edas y aplicaciones en las \u00e1reas de salud humana, y agricultura y medio ambiente, propuesta por la Divisi\u00f3n, tanto a trav\u00e9s del dise\u00f1o, postulaci\u00f3n y ejecuci\u00f3n de proyectos tecnol\u00f3gicos, como de la gesti\u00f3n del portafolio de los mismos.<\/p>\n<p>Este Departamento cuenta con el Laboratorio de Radiolog\u00eda Celular y Molecular, Laboratorio de Salud, Alimentos y Medio Ambiente, Laboratorio de Metrolog\u00eda Qu\u00edmica y Activaci\u00f3n Neutr\u00f3nica, Laboratorio de Is\u00f3topos Ambientales y Laboratorio de Agricultura.<\/p>\n<table class=\"table table-light table-hover\">\n<thead>\n<tr>\n<th>Nombre<\/th>\n<th>Profesi\u00f3n<\/th>\n<th>PostGrado<\/th>\n<\/tr>\n<\/thead>\n<tbody>\n<tr>\n<td>Marco Acu\u00f1a Gonz\u00e1lez<\/td>\n<td>Asistente de Laboratorio<\/td>\n<td>&#8211;<\/td>\n<\/tr>\n<tr>\n<td>Paulina Aguirre Herrera<\/td>\n<td>Ingeniero de Ejecuci\u00f3n Qu\u00edmica<\/td>\n<td>&#8211;<\/td>\n<\/tr>\n<tr>\n<td>\u00d3scar Dur\u00e1n Past\u00e9n<\/td>\n<td>Ingeniero Civil Qu\u00edmico<\/td>\n<td>&#8211;<\/td>\n<\/tr>\n<tr>\n<td>Patricia Gaete Labra<\/td>\n<td>Qu\u00edmico Ambiental<\/td>\n<td>&#8211;<\/td>\n<\/tr>\n<tr>\n<td>Silvia Lagos Espinoza<\/td>\n<td>Qu\u00edmico<\/td>\n<td>&#8211;<\/td>\n<\/tr>\n<tr>\n<td>Doris Ly Mu\u00f1oz<\/td>\n<td>Ingeniero Agr\u00f3nomo<\/td>\n<td>M\u00e1ster de Ciencias en Conservaci\u00f3n Especies<\/td>\n<\/tr>\n<tr>\n<td>Pedro Moya Vega<\/td>\n<td>Qu\u00edmico<\/td>\n<td>&#8211;<\/td>\n<\/tr>\n<tr>\n<td>Luis Mu\u00f1oz Anrique<\/td>\n<td>Licenciado en Qu\u00edmica<\/td>\n<td>&#8211;<\/td>\n<\/tr>\n<tr>\n<td><b>Adriana Nario Mout<\/b><\/td>\n<td><b>Ingeniero Agr\u00f3nomo<\/b><\/td>\n<td><b>Doctor Qu\u00edmica Bioqu\u00edmica y Ecolog\u00eda de los Plaguicidas<\/b><\/td>\n<\/tr>\n<tr>\n<td>Paola Pismante Araos<\/td>\n<td>Ingeniero Qu\u00edmico<\/td>\n<td>&#8211;<\/td>\n<\/tr>\n<tr>\n<td>Ximena Rojas Silva<\/td>\n<td>Qu\u00edmico<\/td>\n<td>&#8211;<\/td>\n<\/tr>\n<tr>\n<td>Ethel Vel\u00e1squez Opazo<\/td>\n<td>Bioqu\u00edmico<\/td>\n<td>Doctor de Bioqu\u00edmica<\/td>\n<\/tr>\n<tr>\n<td>Ximena Videla Campillay<\/td>\n<td>Qu\u00edmico Laboralista<\/td>\n<td>&#8211;<\/td>\n<\/tr>\n<tr>\n<td>Ana Vald\u00e9s Duran<\/td>\n<td>Ge\u00f3loga<\/td>\n<td>&#8211;<\/td>\n<\/tr>\n<tr>\n<td>Daniel Villegas Nassar<\/td>\n<td>Ingeniero Agr\u00f3nomo<\/td>\n<td>&#8211;<\/td>\n<\/tr>\n<tr>\n<td>Fernando Troncoso Orozco<\/td>\n<td>&#8211;<\/td>\n<td>&#8211;<\/td>\n<\/tr>\n<\/table>\n","protected":false},"excerpt":{"rendered":"<p>El Departamento est\u00e1 orientado a encontrar respuestas a problemas y demandas en el \u00e1mbito p\u00fablico\/privado por medio del planteamiento de proyectos y convenios nacionales e internacionales, donde el uso y aplicaci\u00f3n de metodolog\u00edas y t\u00e9cnicas isot\u00f3picas, complementadas a las convencionales, permitan fortalecer el conocimiento en \u00e1reas de salud humana, inocuidad alimentaria y medio ambiente (suelo\/agua\/aire&#8230; <a class=\"read-more\" href=\"https:\/\/www.cchen.cl\/?page_id=2922\">Leer m\u00e1s >><\/a><\/p>\n","protected":false},"author":3,"featured_media":0,"parent":2910,"menu_order":0,"comment_status":"closed","ping_status":"closed","template":"InvDesarrollo-interior.php","meta":{"footnotes":"","_links_to":"","_links_to_target":""},"class_list":["post-2922","page","type-page","status-publish","hentry"],"_links":{"self":[{"href":"https:\/\/www.cchen.cl\/index.php?rest_route=\/wp\/v2\/pages\/2922","targetHints":{"allow":["GET"]}}],"collection":[{"href":"https:\/\/www.cchen.cl\/index.php?rest_route=\/wp\/v2\/pages"}],"about":[{"href":"https:\/\/www.cchen.cl\/index.php?rest_route=\/wp\/v2\/types\/page"}],"author":[{"embeddable":true,"href":"https:\/\/www.cchen.cl\/index.php?rest_route=\/wp\/v2\/users\/3"}],"replies":[{"embeddable":true,"href":"https:\/\/www.cchen.cl\/index.php?rest_route=%2Fwp%2Fv2%2Fcomments&post=2922"}],"version-history":[{"count":8,"href":"https:\/\/www.cchen.cl\/index.php?rest_route=\/wp\/v2\/pages\/2922\/revisions"}],"predecessor-version":[{"id":4388,"href":"https:\/\/www.cchen.cl\/index.php?rest_route=\/wp\/v2\/pages\/2922\/revisions\/4388"}],"up":[{"embeddable":true,"href":"https:\/\/www.cchen.cl\/index.php?rest_route=\/wp\/v2\/pages\/2910"}],"wp:attachment":[{"href":"https:\/\/www.cchen.cl\/index.php?rest_route=%2Fwp%2Fv2%2Fmedia&parent=2922"}],"curies":[{"name":"wp","href":"https:\/\/api.w.org\/{rel}","templated":true}]}}