{"id":2924,"date":"2019-02-07T09:22:01","date_gmt":"2019-02-07T13:22:01","guid":{"rendered":"https:\/\/www.cchen.cl\/?page_id=2924"},"modified":"2019-04-09T12:52:55","modified_gmt":"2019-04-09T16:52:55","slug":"materiales-avanzados","status":"publish","type":"page","link":"https:\/\/www.cchen.cl\/?page_id=2924","title":{"rendered":"Materiales Avanzados"},"content":{"rendered":"<p>El objetivo del Departamento de Materiales Avanzados (DMA) consiste en desarrollar y mantener conocimiento, tecnolog\u00edas o capacidades en las diferentes etapas del ciclo del combustible nuclear, los materiales at\u00f3micos naturales y de inter\u00e9s nuclear, as\u00ed como implementar y gestionar investigaci\u00f3n y desarrollo que resulten de beneficio a la sociedad, fomentando la generaci\u00f3n de conocimiento y la exploraci\u00f3n de aplicaciones en las \u00e1reas de:<\/p>\n<ul>\n<li>Combustible Nuclear.<\/li>\n<li>Metalurgia de Materiales At\u00f3micos Naturales (MAN) y Materiales de Inter\u00e9s Nuclear (MIN). <\/li>\n<li>Nuevos materiales.<\/li>\n<li>Valor agregado de litio.<\/li>\n<\/ul>\n<p>El DMA  se dedica a investigar y desarrollar nuevo conocimiento y nuevas tecnolog\u00edas orientados a satisfacer la demanda de soluciones tecnol\u00f3gicas provenientes de sectores econ\u00f3micos priorizados por la <abbr class='c2c-text-hover' title='Comisi\u00f3n Chilena de Energ\u00eda Nuclear.'>CCHEN<\/abbr>. <\/p>\n<p>Las directrices de los proyectos se agrupan en las siguientes l\u00edneas de investigaci\u00f3n:<\/p>\n<ul>\n<li><strong>Combustible nuclear<\/strong>: conversi\u00f3n de compuestos uran\u00edferos y uranio met\u00e1lico; dise\u00f1o, fabricaci\u00f3n y desarrollo de componentes para irradiaci\u00f3n; dise\u00f1o, fabricaci\u00f3n y desarrollo de elementos combustibles.<\/li>\n<li><strong>Metalurgia de MAN y MIN<\/strong>: desarrollo de procesos para la obtenci\u00f3n de concentrados;  desarrollo de procesos para la extracci\u00f3n desde minerales nacionales y desarrollo de procesos para la recuperaci\u00f3n desde residuos masivos mineros.<\/li>\n<li><strong>Nuevos  materiales<\/strong>: producci\u00f3n y tratamiento de materiales; generaci\u00f3n y caracterizaci\u00f3n de materiales h\u00edbridos; s\u00edntesis y caracterizaci\u00f3n de nanomateriales; y s\u00edntesis y caracterizaci\u00f3n de l\u00edquidos i\u00f3nicos.<\/li>\n<\/ul>\n<p>El DMA se ha caracterizado por ejecutar proyectos financiados por agencias nacionales como Fondef y el Programa de Inserci\u00f3n de Capital Humano Avanzado (PAI), ambos de Conicyt; e internacionales, como el Organismo Internacional de Energ\u00eda At\u00f3mica (OIEA). Adem\u00e1s, realiza investigaci\u00f3n en alianza con universidades y centros de investigaci\u00f3n nacionales e internacionales (KAERI de Corea del Sur y CETEM de Brasil, entre otros).<\/p>\n<p>En especial, destacan los siguientes proyectos en ejecuci\u00f3n:<\/p>\n<ol>\n<li>\u201cObtenci\u00f3n de concentrados de Elementos de Tierras Raras, a partir de minerales prospectados en la  III regi\u00f3n de Chile, mediante la aplicaci\u00f3n de procesos a escala piloto\u201d.<\/li>\n<li>\u201cDesarrollo de dispositivos fotovoltaicos org\u00e1nicos en estructura tandem a partir de compuestos de litio\u201d. <\/li>\n<\/ol>\n","protected":false},"excerpt":{"rendered":"<p>El objetivo del Departamento de Materiales Avanzados (DMA) consiste en desarrollar y mantener conocimiento, tecnolog\u00edas o capacidades en las diferentes etapas del ciclo del combustible nuclear, los materiales at\u00f3micos naturales y de inter\u00e9s nuclear, as\u00ed como implementar y gestionar investigaci\u00f3n y desarrollo que resulten de beneficio a la sociedad, fomentando la generaci\u00f3n de conocimiento y&#8230; <a class=\"read-more\" href=\"https:\/\/www.cchen.cl\/?page_id=2924\">Leer m\u00e1s >><\/a><\/p>\n","protected":false},"author":3,"featured_media":0,"parent":2961,"menu_order":0,"comment_status":"closed","ping_status":"closed","template":"InvDesarrollo-interior.php","meta":{"footnotes":"","_links_to":"","_links_to_target":""},"class_list":["post-2924","page","type-page","status-publish","hentry"],"_links":{"self":[{"href":"https:\/\/www.cchen.cl\/index.php?rest_route=\/wp\/v2\/pages\/2924","targetHints":{"allow":["GET"]}}],"collection":[{"href":"https:\/\/www.cchen.cl\/index.php?rest_route=\/wp\/v2\/pages"}],"about":[{"href":"https:\/\/www.cchen.cl\/index.php?rest_route=\/wp\/v2\/types\/page"}],"author":[{"embeddable":true,"href":"https:\/\/www.cchen.cl\/index.php?rest_route=\/wp\/v2\/users\/3"}],"replies":[{"embeddable":true,"href":"https:\/\/www.cchen.cl\/index.php?rest_route=%2Fwp%2Fv2%2Fcomments&post=2924"}],"version-history":[{"count":3,"href":"https:\/\/www.cchen.cl\/index.php?rest_route=\/wp\/v2\/pages\/2924\/revisions"}],"predecessor-version":[{"id":4159,"href":"https:\/\/www.cchen.cl\/index.php?rest_route=\/wp\/v2\/pages\/2924\/revisions\/4159"}],"up":[{"embeddable":true,"href":"https:\/\/www.cchen.cl\/index.php?rest_route=\/wp\/v2\/pages\/2961"}],"wp:attachment":[{"href":"https:\/\/www.cchen.cl\/index.php?rest_route=%2Fwp%2Fv2%2Fmedia&parent=2924"}],"curies":[{"name":"wp","href":"https:\/\/api.w.org\/{rel}","templated":true}]}}