{"id":2929,"date":"2019-02-07T09:25:08","date_gmt":"2019-02-07T13:25:08","guid":{"rendered":"https:\/\/www.cchen.cl\/?page_id=2929"},"modified":"2019-04-30T14:07:52","modified_gmt":"2019-04-30T18:07:52","slug":"reactores-de-investigacion","status":"publish","type":"page","link":"https:\/\/www.cchen.cl\/?page_id=2929","title":{"rendered":"Reactores de Investigaci\u00f3n"},"content":{"rendered":"<figure id=\"attachment_230\" aria-describedby=\"caption-attachment-230\" style=\"width: 400px\" class=\"wp-caption alignright\"><img decoding=\"async\" class=\"wp-image-230 size-full\" src=\"https:\/\/www.cchen.cl\/wp-content\/uploads\/2019\/04\/DRI-2-ok.jpg\" alt=\"Departamento de Reactores de Investigaci\u00f3n\" width=\"400\" \/><figcaption id=\"caption-attachment-230\" class=\"wp-caption-text\">Departamento de Reactores de Investigaci\u00f3n<\/figcaption><\/figure>\n<p>El Departamento tiene por objetivo operar en forma segura y eficiente los reactores nucleares de investigaci\u00f3n, mediante el desarrollo de capacidades y personal preparado para utilizar los instrumentos e instalaciones que usan los neutrones directamente en el n\u00facleo del reactor o en el \u00e1rea experimental. Asimismo, presta servicios de irradiaci\u00f3n de materiales, satisfaciendo los requerimientos internos y externos de la Instituci\u00f3n.<\/p>\n<p>Debe gestionar las instalaciones nucleares <abbr class='c2c-text-hover' title='Reactor Experimental Chileno N\u00ba1, ubicado en el Centro de Estudios Nucleares La Reina.'>RECH-1<\/abbr> y <abbr class='c2c-text-hover' title='Reactor Experimental Chileno N\u00ba2, ubicado en el Centro de Estudios Nucleares Lo Aguirre.'>RECH-2<\/abbr> en lo que respecta a su infraestructura y equipamiento para el desarrollo de actividades de investigaci\u00f3n y desarrollo, y productos de la operaci\u00f3n.<\/p>\n<p>De igual modo, busca promover el conocimiento de los reactores nucleares experimentales y su utilizaci\u00f3n en investigaci\u00f3n y docencia en el \u00e1mbito nacional.<\/p>\n<table class=\"table table-light table-hover\">\n<thead>\n<tr>\n<th>Nombre<\/th>\n<th>Profesi\u00f3n<\/th>\n<th>PostGrado<\/th>\n<\/tr>\n<\/thead>\n<tbody>\n<tr>\n<td>Susana Bustamante Miller<\/td>\n<td>Licenciado en Ciencias, menci\u00f3n F\u00edsica<\/td>\n<td>M\u00e1ster en Reactores Nucleares<\/td>\n<\/tr>\n<tr>\n<td>Francisco Cabrera Orellana<\/td>\n<td>Ingeniero F\u00edsico<\/td>\n<td>&#8211;<\/td>\n<\/tr>\n<tr>\n<td>Domingo Calder\u00f3n Moscoso<\/td>\n<td>T\u00e9cnico Universitario en Mec\u00e1nica Industrial<\/td>\n<td>&#8211;<\/td>\n<\/tr>\n<tr>\n<td>Renzo Crispieri Thomas<\/td>\n<td>Ingeniero Civil Qu\u00edmico<\/td>\n<td>&#8211;<\/td>\n<\/tr>\n<tr>\n<td>Julio Daie Moreno<\/td>\n<td>Ingeniero Civil Mec\u00e1nico<\/td>\n<td>&#8211;<\/td>\n<\/tr>\n<tr>\n<td>Carlos Henr\u00edquez Acosta<\/td>\n<td>Licenciado en F\u00edsica<\/td>\n<td>M\u00e1ster en F\u00edsica<\/td>\n<\/tr>\n<tr>\n<td>Luis Iturrieta Correa<\/td>\n<td>Ingeniero de Ejecuci\u00f3n Industrial<\/td>\n<td>&#8211;<\/td>\n<\/tr>\n<tr>\n<td>Mariano Loncomilla Igor<\/td>\n<td>Ingeniero de Ejecuci\u00f3n en Mec\u00e1nica<\/td>\n<td>&#8211;<\/td>\n<\/tr>\n<tr>\n<td>Luis Manr\u00edquez L\u00f3pez<\/td>\n<td>Ingeniero Civil Electricista<\/td>\n<td>M\u00e1ster en Ingenier\u00eda Nuclear y Aplicaciones<\/td>\n<\/tr>\n<tr>\n<td>Jorge Medel Ruggero<\/td>\n<td>Ingeniero Civil Electricista<\/td>\n<td>&#8211;<\/td>\n<\/tr>\n<tr>\n<td>Patricio San Martin Poblete<\/td>\n<td>Ingeniero Mec\u00e1nico en Producci\u00f3n Industrial<\/td>\n<td>&#8211;<\/td>\n<\/tr>\n<tr>\n<td><b>Eugenio Vargas C\u00e1rdenas<\/b><\/td>\n<td><b>Ingeniero Civil Mec\u00e1nico<\/b><\/td>\n<td><b>M\u00e1ster en Ingenier\u00eda Nuclear y Aplicaciones<\/b><\/td>\n<\/tr>\n<tr>\n<td>Luis Ahumada Saez<\/td>\n<td>T\u00e9cnico Qu\u00edmico<\/td>\n<td>&#8211;<\/td>\n<\/tr>\n<\/table>\n","protected":false},"excerpt":{"rendered":"<p>El Departamento tiene por objetivo operar en forma segura y eficiente los reactores nucleares de investigaci\u00f3n, mediante el desarrollo de capacidades y personal preparado para utilizar los instrumentos e instalaciones que usan los neutrones directamente en el n\u00facleo del reactor o en el \u00e1rea experimental. Asimismo, presta servicios de irradiaci\u00f3n de materiales, satisfaciendo los requerimientos&#8230; <a class=\"read-more\" href=\"https:\/\/www.cchen.cl\/?page_id=2929\">Leer m\u00e1s >><\/a><\/p>\n","protected":false},"author":3,"featured_media":0,"parent":2910,"menu_order":0,"comment_status":"closed","ping_status":"closed","template":"InvDesarrollo-interior.php","meta":{"footnotes":"","_links_to":"","_links_to_target":""},"class_list":["post-2929","page","type-page","status-publish","hentry"],"_links":{"self":[{"href":"https:\/\/www.cchen.cl\/index.php?rest_route=\/wp\/v2\/pages\/2929","targetHints":{"allow":["GET"]}}],"collection":[{"href":"https:\/\/www.cchen.cl\/index.php?rest_route=\/wp\/v2\/pages"}],"about":[{"href":"https:\/\/www.cchen.cl\/index.php?rest_route=\/wp\/v2\/types\/page"}],"author":[{"embeddable":true,"href":"https:\/\/www.cchen.cl\/index.php?rest_route=\/wp\/v2\/users\/3"}],"replies":[{"embeddable":true,"href":"https:\/\/www.cchen.cl\/index.php?rest_route=%2Fwp%2Fv2%2Fcomments&post=2929"}],"version-history":[{"count":8,"href":"https:\/\/www.cchen.cl\/index.php?rest_route=\/wp\/v2\/pages\/2929\/revisions"}],"predecessor-version":[{"id":4383,"href":"https:\/\/www.cchen.cl\/index.php?rest_route=\/wp\/v2\/pages\/2929\/revisions\/4383"}],"up":[{"embeddable":true,"href":"https:\/\/www.cchen.cl\/index.php?rest_route=\/wp\/v2\/pages\/2910"}],"wp:attachment":[{"href":"https:\/\/www.cchen.cl\/index.php?rest_route=%2Fwp%2Fv2%2Fmedia&parent=2929"}],"curies":[{"name":"wp","href":"https:\/\/api.w.org\/{rel}","templated":true}]}}