{"id":2940,"date":"2019-02-07T09:28:53","date_gmt":"2019-02-07T13:28:53","guid":{"rendered":"https:\/\/www.cchen.cl\/?page_id=2940"},"modified":"2019-04-26T12:22:38","modified_gmt":"2019-04-26T16:22:38","slug":"activos-intelectuales","status":"publish","type":"page","link":"https:\/\/www.cchen.cl\/?page_id=2940","title":{"rendered":"Activos Intelectuales"},"content":{"rendered":"<p>Los activos intelectuales o activos intangibles son todos aquellos recursos que no se pueden percibir f\u00edsicamente. Por ejemplo, el conocimiento, informaci\u00f3n, habilidades, valores y actitudes de las personas; as\u00ed como las estrategias y planes de negocios, marcas y dibujos, entre otros. Sin embargo, estos recursos pueden generar una ventaja competitiva al ser incorporados en los productos o servicios que posee una organizaci\u00f3n, por lo tanto, es importante identificarlos y gestionarlos. <\/p>\n<p>La Ley N\u00ba 19.039 de Propiedad Industrial del Ministerio de Econom\u00eda, Fomento y Reconstrucci\u00f3n, rige todos los aspectos relacionados con la propiedad industrial, tal como menciona el art\u00edculo N\u00ba 1 de la misma: <\/p>\n<p> <em>\u201cLas normas relativas a la existencia, alcance y ejercicio de los derechos de propiedad industrial, se regir\u00e1n por la presente ley. Los derechos comprenden las marcas, las patentes de invenci\u00f3n, los modelos de utilidad, los dibujos y dise\u00f1os industriales, los esquemas de trazado o topograf\u00edas de circuitos integrados, indicaciones geogr\u00e1ficas y denominaciones de origen y otros t\u00edtulos de protecci\u00f3n que la ley pueda establecer. Asimismo, esta ley tipifica las conductas consideradas desleales en el \u00e1mbito de la protecci\u00f3n de la informaci\u00f3n no divulgada\u201d<\/em>.<\/p>\n<p>Para definir con claridad los diferentes conceptos se\u00f1alados anteriormente, el <a href=\"http:\/\/www.inapi.cl\" rel=\"noopener noreferrer\" target=\"_blank\">Instituto Nacional de Propiedad Industrial<\/a> (INAPI) ha definido las diferentes categor\u00edas que se consideran en esta ley y que est\u00e1n disponibles para consultas de los interesados. <\/p>\n<p>En resumen, lo m\u00e1s relevante de este apartado es que el Estado de Chile contempla que los activos intelectuales se pueden proteger legalmente mediante el sistema de propiedad intelectual, que se divide en tres categor\u00edas: <\/p>\n","protected":false},"excerpt":{"rendered":"<p>Los activos intelectuales o activos intangibles son todos aquellos recursos que no se pueden percibir f\u00edsicamente. Por ejemplo, el conocimiento, informaci\u00f3n, habilidades, valores y actitudes de las personas; as\u00ed como las estrategias y planes de negocios, marcas y dibujos, entre otros. Sin embargo, estos recursos pueden generar una ventaja competitiva al ser incorporados en los&#8230; <a class=\"read-more\" href=\"https:\/\/www.cchen.cl\/?page_id=2940\">Leer m\u00e1s >><\/a><\/p>\n","protected":false},"author":3,"featured_media":0,"parent":26,"menu_order":0,"comment_status":"closed","ping_status":"closed","template":"InvDesarrollo-interior.php","meta":{"footnotes":"","_links_to":"","_links_to_target":""},"class_list":["post-2940","page","type-page","status-publish","hentry"],"_links":{"self":[{"href":"https:\/\/www.cchen.cl\/index.php?rest_route=\/wp\/v2\/pages\/2940","targetHints":{"allow":["GET"]}}],"collection":[{"href":"https:\/\/www.cchen.cl\/index.php?rest_route=\/wp\/v2\/pages"}],"about":[{"href":"https:\/\/www.cchen.cl\/index.php?rest_route=\/wp\/v2\/types\/page"}],"author":[{"embeddable":true,"href":"https:\/\/www.cchen.cl\/index.php?rest_route=\/wp\/v2\/users\/3"}],"replies":[{"embeddable":true,"href":"https:\/\/www.cchen.cl\/index.php?rest_route=%2Fwp%2Fv2%2Fcomments&post=2940"}],"version-history":[{"count":2,"href":"https:\/\/www.cchen.cl\/index.php?rest_route=\/wp\/v2\/pages\/2940\/revisions"}],"predecessor-version":[{"id":4269,"href":"https:\/\/www.cchen.cl\/index.php?rest_route=\/wp\/v2\/pages\/2940\/revisions\/4269"}],"up":[{"embeddable":true,"href":"https:\/\/www.cchen.cl\/index.php?rest_route=\/wp\/v2\/pages\/26"}],"wp:attachment":[{"href":"https:\/\/www.cchen.cl\/index.php?rest_route=%2Fwp%2Fv2%2Fmedia&parent=2940"}],"curies":[{"name":"wp","href":"https:\/\/api.w.org\/{rel}","templated":true}]}}