{"id":2944,"date":"2019-02-07T09:29:52","date_gmt":"2019-02-07T13:29:52","guid":{"rendered":"https:\/\/www.cchen.cl\/?page_id=2944"},"modified":"2019-04-26T11:57:21","modified_gmt":"2019-04-26T15:57:21","slug":"tecnologias","status":"publish","type":"page","link":"https:\/\/www.cchen.cl\/?page_id=2944","title":{"rendered":"Tecnolog\u00edas"},"content":{"rendered":"<p>La creaci\u00f3n y mantenci\u00f3n de capacidades humanas y tecnol\u00f3gicas, acorde a est\u00e1ndares de seguridad y calidad, propician la actividad nuclear y permiten aprovechar de forma segura las tecnolog\u00edas nucleares disponibles con beneficios socioecon\u00f3micos tangibles. <\/p>\n<p>Chile no cuenta con instalaciones nucleares adicionales a las que administra la Comisi\u00f3n Chilena de Energ\u00eda Nuclear, por lo que es la instituci\u00f3n que concentra el quehacer tecnol\u00f3gico y cient\u00edfico en el \u00e1rea. <\/p>\n<p>La Oficina de Transferencia y Licenciamiento (OTL Nuclear) ha desarrollado un <a href=\"https:\/\/www.cchen.cl\/pdf\/dian\/PortafolioCapacidades _CChEN.pdf\" rel=\"noopener noreferrer\" target=\"_blank\">portafolio de capacidades tecnol\u00f3gicas<\/a>, cumpliendo su labor de potenciar la generaci\u00f3n de nuevos activos intelectuales a trav\u00e9s de la divulgaci\u00f3n del potencial existente. Entre ellos, tecnolog\u00edas y t\u00e9cnicas, instalaciones, laboratorios y capital humano, dirigido a centros cient\u00edficos, tecnol\u00f3gicos y empresas del sector industrial y minero, con el fin de generar nuevas alianzas en investigaci\u00f3n, y as\u00ed, favorecer el acercamiento y la atracci\u00f3n de capitales externos de quienes tienen inter\u00e9s y requieren, en estas \u00e1reas, mayor conocimiento, lo que involucra tanto a privados como a otros servicios p\u00fablicos. <\/p>\n<figure id=\"attachment_230\" aria-describedby=\"caption-attachment-230\" style=\"width: 700px\" class=\"wp-caption aligncenter\"><img decoding=\"async\" class=\"wp-image-230 size-full\" src=\"https:\/\/www.cchen.cl\/wp-content\/uploads\/2019\/04\/tecnologias.jpg\" alt=\"L\u00edneas Tecnol\u00f3gicas CChEN\" width=\"700\" \/><figcaption id=\"caption-attachment-230\" class=\"wp-caption-text\">L\u00edneas Tecnol\u00f3gicas CChEN<\/figcaption><\/figure>\n","protected":false},"excerpt":{"rendered":"<p>La creaci\u00f3n y mantenci\u00f3n de capacidades humanas y tecnol\u00f3gicas, acorde a est\u00e1ndares de seguridad y calidad, propician la actividad nuclear y permiten aprovechar de forma segura las tecnolog\u00edas nucleares disponibles con beneficios socioecon\u00f3micos tangibles. Chile no cuenta con instalaciones nucleares adicionales a las que administra la Comisi\u00f3n Chilena de Energ\u00eda Nuclear, por lo que es&#8230; <a class=\"read-more\" href=\"https:\/\/www.cchen.cl\/?page_id=2944\">Leer m\u00e1s >><\/a><\/p>\n","protected":false},"author":3,"featured_media":0,"parent":2940,"menu_order":0,"comment_status":"closed","ping_status":"closed","template":"InvDesarrollo-interior.php","meta":{"footnotes":"","_links_to":"","_links_to_target":""},"class_list":["post-2944","page","type-page","status-publish","hentry"],"_links":{"self":[{"href":"https:\/\/www.cchen.cl\/index.php?rest_route=\/wp\/v2\/pages\/2944","targetHints":{"allow":["GET"]}}],"collection":[{"href":"https:\/\/www.cchen.cl\/index.php?rest_route=\/wp\/v2\/pages"}],"about":[{"href":"https:\/\/www.cchen.cl\/index.php?rest_route=\/wp\/v2\/types\/page"}],"author":[{"embeddable":true,"href":"https:\/\/www.cchen.cl\/index.php?rest_route=\/wp\/v2\/users\/3"}],"replies":[{"embeddable":true,"href":"https:\/\/www.cchen.cl\/index.php?rest_route=%2Fwp%2Fv2%2Fcomments&post=2944"}],"version-history":[{"count":5,"href":"https:\/\/www.cchen.cl\/index.php?rest_route=\/wp\/v2\/pages\/2944\/revisions"}],"predecessor-version":[{"id":4319,"href":"https:\/\/www.cchen.cl\/index.php?rest_route=\/wp\/v2\/pages\/2944\/revisions\/4319"}],"up":[{"embeddable":true,"href":"https:\/\/www.cchen.cl\/index.php?rest_route=\/wp\/v2\/pages\/2940"}],"wp:attachment":[{"href":"https:\/\/www.cchen.cl\/index.php?rest_route=%2Fwp%2Fv2%2Fmedia&parent=2944"}],"curies":[{"name":"wp","href":"https:\/\/api.w.org\/{rel}","templated":true}]}}