{"id":2950,"date":"2019-02-07T09:36:34","date_gmt":"2019-02-07T13:36:34","guid":{"rendered":"https:\/\/www.cchen.cl\/?page_id=2950"},"modified":"2021-02-02T08:31:57","modified_gmt":"2021-02-02T12:31:57","slug":"vigilancia-tecnologica","status":"publish","type":"page","link":"https:\/\/www.cchen.cl\/?page_id=2950","title":{"rendered":"Vigilancia e Inteligencia Competitiva (VIC)"},"content":{"rendered":"<figure id=\"attachment_230\" aria-describedby=\"caption-attachment-230\" style=\"width: 400px\" class=\"wp-caption alignright\"><img decoding=\"async\" class=\"wp-image-230 size-full\" src=\"https:\/\/www.cchen.cl\/wp-content\/uploads\/2019\/04\/Captura-de-pantalla-2019-04-08-a-las-12.09.18.png\" alt=\"Vigilancia e Inteligencia Competitiva\" width=\"400\" \/><figcaption id=\"caption-attachment-230\" class=\"wp-caption-text\">Vigilancia e Inteligencia Competitiva<\/figcaption><\/figure>\n<p>La Divisi\u00f3n de Investigaci\u00f3n y Aplicaciones Nucleares (DIAN), a trav\u00e9s de su Departamento de Gesti\u00f3n y Transferencia (GIT), desde enero de 2018 trabaja en la instalaci\u00f3n de capacidades relacionadas con la gesti\u00f3n estrat\u00e9gica de la informaci\u00f3n cient\u00edfico-tecnol\u00f3gica. El Observatorio de Tecnolog\u00edas Nucleares y Afines es el sistema de Vigilancia Tecnol\u00f3gica (VT) e Inteligencia Competitiva (IC), creado para ayudar a la cadena de valor de las actividades de investigaci\u00f3n en la toma de decisiones estrat\u00e9gicas mediante el acceso a informaci\u00f3n de alto valor a\u00f1adido.<\/p>\n<p>Seg\u00fan la Norma UNE 166006:2018 se entiende que:<\/p>\n<p><em>\u201c\u2026 la vigilancia tecnol\u00f3gica y la inteligencia competitiva son herramientas fundamentales en el marco de los sistemas de gesti\u00f3n de Investigaci\u00f3n, Desarrollo e Innovaci\u00f3n. Mejoran el acceso y gesti\u00f3n de los conocimientos cient\u00edficos y t\u00e9cnicos, as\u00ed como sobre legislaci\u00f3n, normativa, econom\u00eda, mercado, sociedad, etc. Por otra parte, permiten comprender a tiempo el significado e implicaciones de los cambios en el entorno\u2026\u201d<\/em>.<\/p>\n<h4>\u00bfQu\u00e9 servicios ofrecen el Observatorio de Tecnolog\u00edas Nucleares y Afines?<\/h4>\n<p>El grupo de Vigilancia Tecnol\u00f3gica est\u00e1 conformado por personal altamente calificado en los campos de gesti\u00f3n tecnol\u00f3gica, propiedad intelectual y manejo de recursos de informaci\u00f3n.<\/p>\n<p>Los principales servicios ofrecidos por el grupo de Vigilancia Tecnol\u00f3gica incluyen: boletines peri\u00f3dicos disponibles en el sitio web de la OTL Nuclear, alertas tem\u00e1ticas y personalizadas, informes de vigilancia sobre nuevas tecnolog\u00edas, materias primas, mercados, reportes de oferta y demanda de las tecnolog\u00edas nucleares y tem\u00e1ticas afines con nuestras l\u00edneas de investigaci\u00f3n, a solicitud de los investigadores y desarrolladores de la <abbr class='c2c-text-hover' title='Comisi\u00f3n Chilena de Energ\u00eda Nuclear.'>CCHEN<\/abbr>. Tambi\u00e9n se ofrece capacitaci\u00f3n y sensibilizaci\u00f3n del personal a partir de talleres de propiedad Intelectual, vigilancia tecnol\u00f3gica y uso de herramientas TIC.<\/p>\n<h4>\u00bfCu\u00e1les son los beneficios que aporta la Vigilancia Tecnol\u00f3gica?<\/h4>\n<ul>\n<li>Permite a nuestra Instituci\u00f3n ser m\u00e1s eficiente en el uso de su informaci\u00f3n interna, responder con mayor eficiencia a las necesidades de la sociedad y mantenerse actualizado de los cambios del entorno.<\/li>\n<li>Apoya el proceso de investigaci\u00f3n y la postulaci\u00f3n a fondos concursables.<\/li>\n<li>Identifica las mejores estrategias de gesti\u00f3n tecnol\u00f3gica y protecci\u00f3n de la propiedad intelectual de los activos con potencial transferible.<\/li>\n<li>Establece el grado de novedad de nuestros desarrollos y su impacto en el entorno competitivo.<\/li>\n<li>Minimiza el riesgo en la planificaci\u00f3n estrat\u00e9gica de la I+D+i reduciendo el riesgo en la toma de decisiones, detectando nuevas oportunidades de cooperaci\u00f3n con socios estrat\u00e9gicos y compararse con la competencia.<\/li>\n<\/ul>\n","protected":false},"excerpt":{"rendered":"<p>La Divisi\u00f3n de Investigaci\u00f3n y Aplicaciones Nucleares (DIAN), a trav\u00e9s de su Departamento de Gesti\u00f3n y Transferencia (GIT), desde enero de 2018 trabaja en la instalaci\u00f3n de capacidades relacionadas con la gesti\u00f3n estrat\u00e9gica de la informaci\u00f3n cient\u00edfico-tecnol\u00f3gica. El Observatorio de Tecnolog\u00edas Nucleares y Afines es el sistema de Vigilancia Tecnol\u00f3gica (VT) e Inteligencia Competitiva (IC),&#8230; <a class=\"read-more\" href=\"https:\/\/www.cchen.cl\/?page_id=2950\">Leer m\u00e1s >><\/a><\/p>\n","protected":false},"author":3,"featured_media":0,"parent":2948,"menu_order":0,"comment_status":"closed","ping_status":"closed","template":"InvDesarrollo-interior.php","meta":{"footnotes":"","_links_to":"","_links_to_target":""},"class_list":["post-2950","page","type-page","status-publish","hentry"],"_links":{"self":[{"href":"https:\/\/www.cchen.cl\/index.php?rest_route=\/wp\/v2\/pages\/2950","targetHints":{"allow":["GET"]}}],"collection":[{"href":"https:\/\/www.cchen.cl\/index.php?rest_route=\/wp\/v2\/pages"}],"about":[{"href":"https:\/\/www.cchen.cl\/index.php?rest_route=\/wp\/v2\/types\/page"}],"author":[{"embeddable":true,"href":"https:\/\/www.cchen.cl\/index.php?rest_route=\/wp\/v2\/users\/3"}],"replies":[{"embeddable":true,"href":"https:\/\/www.cchen.cl\/index.php?rest_route=%2Fwp%2Fv2%2Fcomments&post=2950"}],"version-history":[{"count":6,"href":"https:\/\/www.cchen.cl\/index.php?rest_route=\/wp\/v2\/pages\/2950\/revisions"}],"predecessor-version":[{"id":5620,"href":"https:\/\/www.cchen.cl\/index.php?rest_route=\/wp\/v2\/pages\/2950\/revisions\/5620"}],"up":[{"embeddable":true,"href":"https:\/\/www.cchen.cl\/index.php?rest_route=\/wp\/v2\/pages\/2948"}],"wp:attachment":[{"href":"https:\/\/www.cchen.cl\/index.php?rest_route=%2Fwp%2Fv2%2Fmedia&parent=2950"}],"curies":[{"name":"wp","href":"https:\/\/api.w.org\/{rel}","templated":true}]}}