{"id":2956,"date":"2019-02-07T09:38:18","date_gmt":"2019-02-07T13:38:18","guid":{"rendered":"https:\/\/www.cchen.cl\/?page_id=2956"},"modified":"2019-04-05T12:53:51","modified_gmt":"2019-04-05T16:53:51","slug":"consejo-industrial","status":"publish","type":"page","link":"https:\/\/www.cchen.cl\/?page_id=2956","title":{"rendered":"Consejo Industrial (CIN)"},"content":{"rendered":"<p>El Consejo Industrial (CIN) constituye la primera de las dos instancias de validaci\u00f3n de las actividades desarrolladas por la Divisi\u00f3n de Aplicaciones Nucleares (DIAN).<\/p>\n<p>Los objetivos del Consejo Industrial son: <\/p>\n<ul>\n<li>Acercar las necesidades y oportunidades de los sectores productivos y servicios p\u00fablicos, usuarios actuales o potenciales de ciencia y tecnolog\u00edas nucleares.<\/li>\n<li>Facilitar el acceso a agentes interesados en participar en proyectos de investigaci\u00f3n y desarrollo tecnol\u00f3gico.<\/li>\n<\/ul>\n<h4>Estructura del CIN<\/h4>\n<p>El Consejo Industrial estar\u00e1 formado por representantes de sectores industriales y productivos estrat\u00e9gicos relacionados con el quehacer de la <abbr class='c2c-text-hover' title='Comisi\u00f3n Chilena de Energ\u00eda Nuclear.'>CCHEN<\/abbr>, de modo que este tenga la suficiente diversidad tem\u00e1tica para cumplir sus objetivos. El consejo se re\u00fane cuatro veces al a\u00f1o, con una periodicidad estimada de tres meses.<\/p>\n<h4>Integrantes del CIN<\/h4>\n<p><strong>Fernando Flores Maureira<\/strong>: Ingeniero Civil Qu\u00edmico, Universidad T\u00e9cnica del Estado; Magister en Administraci\u00f3n de Empresas,  Pontificia Universidad Cat\u00f3lica de Chile. Cuenta con amplia experiencia en el negocio minero. En su desempe\u00f1o profesional, ha participado en el dise\u00f1o, planificaci\u00f3n, negociaci\u00f3n, ejecuci\u00f3n y seguimiento de proyectos mineros en \u00e1reas de fomento, ingenier\u00eda, desarrollo, comercializaci\u00f3n y gesti\u00f3n.  En la actualidad, se desempe\u00f1a como Subgerente de la Fundaci\u00f3n Tecnol\u00f3gica de la SONAMI.<\/p>\n<p><strong>Jean Jaques Duhart<\/strong>: Ingeniero Civil Industrial; Magister en Ingenier\u00eda  Industrial, Universidad de Chile; Maestr\u00eda en Administraci\u00f3n P\u00fablica. Se ha desempe\u00f1ado como profesor  en el Departamento de Ingenier\u00eda  Industrial de la Universidad de Chile, en la C\u00e1mara de la Innovaci\u00f3n Farmac\u00e9utica de Chile (CIF) y es consultor en Innovaci\u00f3n y Emprendimiento. En la actualidad, es Vicepresidente Ejecutivo de la C\u00e1mara de la Innovaci\u00f3n Farmac\u00e9utica de Chile (CIF).<\/p>\n<p><strong>Nury Gras<\/strong>: Instructor L\u00edder en Controles Preventivos de Inocuidad de Alimentos de la Alianza The Food Safety Preventive Controls Alliance (FSPCA) y ha entrenado a profesionales de Chile, Per\u00fa, Ecuador y Colombia. Entrenador Oficial de Curso para Productores Agr\u00edcolas (PSA GROWER). En proceso de postulaci\u00f3n para obtener el Certificado como Entrenador L\u00edder del Curso para Productores Agr\u00edcolas (PSA). Directora General de la Consultora Nuri Gras Food Integrity Ltda., empresa dedicada a asesorar a diferentes entidades enfocadas en calidad, inocuidad, metrolog\u00eda, normativas nacionales e internacionales del sector agr\u00edcola, entre otras. Ex Secretaria Ejecutiva de la Agencia Chilena para la Calidad e Inocuidad Alimentaria (ACHIPIA), donde fue responsable del fortalecimiento de la Agencia a nivel nacional e internacional, y donde logr\u00f3 establecer la Red Cient\u00edfica y consolidar la Red de Informaci\u00f3n y Alertas Alimentarias.<\/p>\n<p><strong>Rodrigo Jaimovich<\/strong>: Doctor en Medicina Nuclear, Universidad de Chile; Ex Presidente de la Sociedad Chilena de Medicina Nuclear. Ha trabajado intensamente en la promoci\u00f3n y difusi\u00f3n del progreso de la Medicina Nuclear y de las disciplinas conexas. Actualmente, es m\u00e9dico nuclear en la Cl\u00ednica Las Condes S.A.<\/p>\n<p><strong>Mauro Vald\u00e9s<\/strong>: Estudi\u00f3 derecho en la Pontificia Universidad Cat\u00f3lica de Chile. Mag\u00edster en Derecho, Universidad de Hamburgo. Ejerci\u00f3 en la Compa\u00f1\u00eda Sudamericana de Vapores y en el estudio Larra\u00edn y Asociados. Ex Gerente General del Consejo Minero, misma entidad donde luego ejerci\u00f3 como Director. En BHP Billiton se desempe\u00f1\u00f3 como Vicepresidente de Asuntos Corporativos y Comunicaciones y fue miembro del Comit\u00e9 Ejecutivo de la Divisi\u00f3n de Metales Base como presidente de la Fundaci\u00f3n Educacional Minera Escondida. Ex Director ejecutivo de TVN y ha sido Director de la Fundaci\u00f3n Chile y de la C\u00e1mara Chileno-Alemana de Comercio e Industria y de Acci\u00f3n RSE. Actualmente, es Director Ejecutivo del Programa Miner\u00eda ALTA LEY.<\/p>\n<p><strong>\u00c1lvaro Acevedo<\/strong>: Profesor de taller de nuevos negocios, curso de planes de negocios para alumnos de MBA, m\u00e1s de 100 proyectos guiados para el desarrollo de nuevos negocios. Ex Director Ejecutivo de la Superintendencia del Medio Ambiente. Gerente de M-risk, una nueva unidad de negocios de Fundaci\u00f3n Chile, dedicada a proveer an\u00e1lisis y monitoreo de riesgo ambiental y sistema de informaci\u00f3n ambiental. Su principal foco de negocios son compa\u00f1\u00edas con \u00e1rea de influencia extendida: mineras, generadoras de energ\u00eda, forestales. Actualmente, es Gerente de Innovaci\u00f3n y Emprendimiento en SOFOFA.<\/p>\n<p><strong>Juan Ladr\u00f3n de Guevara<\/strong>: Ingeniero Agr\u00f3nomo con menci\u00f3n en Econom\u00eda Agraria, Universidad de Chile; con estudios en Econom\u00eda de Recursos Naturales, Financiamiento, Emprendimiento, Innovaci\u00f3n y Negociaci\u00f3n de Conflictos. De larga trayectoria en cargos directivos en el Ministerio de Econom\u00eda, Fomento y Turismo, y en la Comisi\u00f3n Nacional del Medio Ambiente (CONAMA). Al momento de ser designado en su cargo, se desempe\u00f1aba como gerente general de la consultora Innovable. Es acad\u00e9mico de pregrado y postgrado en la Universidad Cat\u00f3lica de Chile, Universidad de Chile y Universidad Mayor; y, adem\u00e1s, es consultor del Programa de Naciones Unidas para el Desarrollo (PNUD). Posee una amplia y destacada trayectoria en materias de formulaci\u00f3n de pol\u00edticas p\u00fablicas, an\u00e1lisis de impacto de regulaciones, mecanismos de financiamiento e innovaci\u00f3n en los sectores medio ambiente y recursos naturales renovables.<\/p>\n<h4>Funciones del CIN<\/h4>\n<ul>\n<li>Asesorar al jefe de la DIAN, sobre estrategias y pol\u00edticas de desarrollo que apunten a los activos intelectuales y la transferencia tecnol\u00f3gica en la Comisi\u00f3n Chilena de Energ\u00eda Nuclear. <\/li>\n<li>Analizar situaciones y problemas del quehacer de activos intelectuales y su transferencia en la Instituci\u00f3n. <\/li>\n<li>Colaborar en procesos evaluativos de concursos internos coordinados por la DIAN. <\/li>\n<li>Apoyar en procesos de evaluaci\u00f3n de tecnolog\u00edas generadas o gestionadas por la <abbr class='c2c-text-hover' title='Comisi\u00f3n Chilena de Energ\u00eda Nuclear.'>CCHEN<\/abbr>. <\/li>\n<li>Favorecer los procesos evaluativos de valorizaci\u00f3n de tecnolog\u00edas de la <abbr class='c2c-text-hover' title='Comisi\u00f3n Chilena de Energ\u00eda Nuclear.'>CCHEN<\/abbr>. <\/li>\n<li>Colaborar en el apalancamiento de recursos privados y p\u00fablicos para la ejecuci\u00f3n de proyectos de investigaci\u00f3n, desarrollo e innovaci\u00f3n.<\/li>\n<\/ul>\n","protected":false},"excerpt":{"rendered":"<p>El Consejo Industrial (CIN) constituye la primera de las dos instancias de validaci\u00f3n de las actividades desarrolladas por la Divisi\u00f3n de Aplicaciones Nucleares (DIAN). Los objetivos del Consejo Industrial son: Acercar las necesidades y oportunidades de los sectores productivos y servicios p\u00fablicos, usuarios actuales o potenciales de ciencia y tecnolog\u00edas nucleares. Facilitar el acceso a&#8230; <a class=\"read-more\" href=\"https:\/\/www.cchen.cl\/?page_id=2956\">Leer m\u00e1s >><\/a><\/p>\n","protected":false},"author":3,"featured_media":0,"parent":2948,"menu_order":0,"comment_status":"closed","ping_status":"closed","template":"InvDesarrollo-interior.php","meta":{"footnotes":"","_links_to":"","_links_to_target":""},"class_list":["post-2956","page","type-page","status-publish","hentry"],"_links":{"self":[{"href":"https:\/\/www.cchen.cl\/index.php?rest_route=\/wp\/v2\/pages\/2956","targetHints":{"allow":["GET"]}}],"collection":[{"href":"https:\/\/www.cchen.cl\/index.php?rest_route=\/wp\/v2\/pages"}],"about":[{"href":"https:\/\/www.cchen.cl\/index.php?rest_route=\/wp\/v2\/types\/page"}],"author":[{"embeddable":true,"href":"https:\/\/www.cchen.cl\/index.php?rest_route=\/wp\/v2\/users\/3"}],"replies":[{"embeddable":true,"href":"https:\/\/www.cchen.cl\/index.php?rest_route=%2Fwp%2Fv2%2Fcomments&post=2956"}],"version-history":[{"count":4,"href":"https:\/\/www.cchen.cl\/index.php?rest_route=\/wp\/v2\/pages\/2956\/revisions"}],"predecessor-version":[{"id":4137,"href":"https:\/\/www.cchen.cl\/index.php?rest_route=\/wp\/v2\/pages\/2956\/revisions\/4137"}],"up":[{"embeddable":true,"href":"https:\/\/www.cchen.cl\/index.php?rest_route=\/wp\/v2\/pages\/2948"}],"wp:attachment":[{"href":"https:\/\/www.cchen.cl\/index.php?rest_route=%2Fwp%2Fv2%2Fmedia&parent=2956"}],"curies":[{"name":"wp","href":"https:\/\/api.w.org\/{rel}","templated":true}]}}