{"id":2965,"date":"2019-02-07T09:43:06","date_gmt":"2019-02-07T13:43:06","guid":{"rendered":"https:\/\/www.cchen.cl\/?page_id=2965"},"modified":"2019-04-09T11:24:46","modified_gmt":"2019-04-09T15:24:46","slug":"ciencias-nucleares-2","status":"publish","type":"page","link":"https:\/\/www.cchen.cl\/?page_id=2965","title":{"rendered":"Ciencias Nucleares"},"content":{"rendered":"<p>El Departamento de Ciencias Nucleares (DCN) est\u00e1 integrado por un grupo de investigadores y t\u00e9cnicos abocados a generar conocimiento de punta en \u00e1mbitos relacionados a la fisi\u00f3n y fusi\u00f3n nuclear. <\/p>\n<p>Las l\u00edneas de investigaci\u00f3n del Departamento son:<\/p>\n<ul>\n<li><strong>F\u00edsica nuclear<\/strong>: reactores nucleares y campos neutr\u00f3nicos; estructura y astrof\u00edsica nuclear; y f\u00edsica nuclear aplicada.<\/li>\n<li><strong>F\u00edsica de plasmas y fusi\u00f3n nuclear<\/strong>: plasmas continuos y pulsados; dispositivos peque\u00f1os de plasma y fusi\u00f3n nuclear; y procesos fundamentales.<\/li>\n<li><strong>Radiaciones pulsadas<\/strong>: efectos en materia y dosimetr\u00eda pulsada.<\/li>\n<li><strong>F\u00edsica estad\u00edstica<\/strong>: modelos y an\u00e1lisis de datos; y aprendizaje computacional (machine learning).<\/li>\n<li><strong>Diagn\u00f3sticos e instrumentaci\u00f3n<\/strong>: detecci\u00f3n de radiaciones y part\u00edculas; diagn\u00f3sticos \u00f3pticos y electro-magn\u00e9ticos r\u00e1pidos.<\/li>\n<\/ul>\n<p>El DCN se ha caracterizado por ejecutar proyectos financiados por agencias nacionales como Fondecyt y el Programa de Investigaci\u00f3n Asociativa (PIA), ambos de Conicyt; e internacionales, como el Organismo Internacional de Energ\u00eda At\u00f3mica (OIEA). Adem\u00e1s, realiza investigaci\u00f3n en alianza con universidades y centros de investigaci\u00f3n nacionales e internacionales. <\/p>\n<p>Actualmente, ejecuta los siguientes proyectos de investigaci\u00f3n:<\/p>\n<ol>\n<li>\u201cMaximum entropy and maximum caliber principles in computational statistical mechanics: from fundamentals to applications\u00bb.<\/li>\n<li>\u201cExperimental neutron studies using a wide energy range multipurpose neutron spectrometer system based on Bonner\u2019s sphere method and proportional counter detectors\u201d.<\/li>\n<li>\u201cExperimental study of singular plasma domains in small plasma accelerators of type plasma focus: plasma filaments\u201d.<\/li>\n<li>\u201cPlasma physics and pulsed power for energy and life. Effects and applications in living matter and materials\u201d.<\/li>\n<\/ol>\n","protected":false},"excerpt":{"rendered":"<p>El Departamento de Ciencias Nucleares (DCN) est\u00e1 integrado por un grupo de investigadores y t\u00e9cnicos abocados a generar conocimiento de punta en \u00e1mbitos relacionados a la fisi\u00f3n y fusi\u00f3n nuclear. Las l\u00edneas de investigaci\u00f3n del Departamento son: F\u00edsica nuclear: reactores nucleares y campos neutr\u00f3nicos; estructura y astrof\u00edsica nuclear; y f\u00edsica nuclear aplicada. F\u00edsica de plasmas&#8230; <a class=\"read-more\" href=\"https:\/\/www.cchen.cl\/?page_id=2965\">Leer m\u00e1s >><\/a><\/p>\n","protected":false},"author":3,"featured_media":0,"parent":2961,"menu_order":0,"comment_status":"closed","ping_status":"closed","template":"InvDesarrollo-interior.php","meta":{"footnotes":"","_links_to":"","_links_to_target":""},"class_list":["post-2965","page","type-page","status-publish","hentry"],"_links":{"self":[{"href":"https:\/\/www.cchen.cl\/index.php?rest_route=\/wp\/v2\/pages\/2965","targetHints":{"allow":["GET"]}}],"collection":[{"href":"https:\/\/www.cchen.cl\/index.php?rest_route=\/wp\/v2\/pages"}],"about":[{"href":"https:\/\/www.cchen.cl\/index.php?rest_route=\/wp\/v2\/types\/page"}],"author":[{"embeddable":true,"href":"https:\/\/www.cchen.cl\/index.php?rest_route=\/wp\/v2\/users\/3"}],"replies":[{"embeddable":true,"href":"https:\/\/www.cchen.cl\/index.php?rest_route=%2Fwp%2Fv2%2Fcomments&post=2965"}],"version-history":[{"count":3,"href":"https:\/\/www.cchen.cl\/index.php?rest_route=\/wp\/v2\/pages\/2965\/revisions"}],"predecessor-version":[{"id":4153,"href":"https:\/\/www.cchen.cl\/index.php?rest_route=\/wp\/v2\/pages\/2965\/revisions\/4153"}],"up":[{"embeddable":true,"href":"https:\/\/www.cchen.cl\/index.php?rest_route=\/wp\/v2\/pages\/2961"}],"wp:attachment":[{"href":"https:\/\/www.cchen.cl\/index.php?rest_route=%2Fwp%2Fv2%2Fmedia&parent=2965"}],"curies":[{"name":"wp","href":"https:\/\/api.w.org\/{rel}","templated":true}]}}