{"id":2967,"date":"2019-02-07T09:43:39","date_gmt":"2019-02-07T13:43:39","guid":{"rendered":"https:\/\/www.cchen.cl\/?page_id=2967"},"modified":"2019-04-09T11:32:29","modified_gmt":"2019-04-09T15:32:29","slug":"tecnologias-nucleares-2","status":"publish","type":"page","link":"https:\/\/www.cchen.cl\/?page_id=2967","title":{"rendered":"Tecnolog\u00edas Nucleares"},"content":{"rendered":"<p>El Departamento de Tecnolog\u00edas Nucleares (DTN) tiene como objetivo principal identificar, preparar, presentar y desarrollar proyectos de I+D+i para dar respuestas y soluciones a problemas o demandas en el \u00e1mbito p\u00fablico\/privado, por medio de convenios nacionales e internacionales, donde el uso y aplicaci\u00f3n de metodolog\u00edas y t\u00e9cnicas isot\u00f3picas -complementadas a las convencionales- permiten fortalecer el conocimiento en las \u00e1reas de la salud humana, inocuidad alimentaria, agricultura y medioambiente (suelo\/agua\/aire y su relaci\u00f3n con la flora y fauna).<\/p>\n<p>El desarrollo de proyectos de I+D se ha materializado con el apoyo institucional y de otras organizaciones del \u00e1mbito cient\u00edfico, productivo, p\u00fablico y privado. El car\u00e1cter interdisciplinario que posee el DTN est\u00e1 dado por el conocimiento y experiencia de sus integrantes. Es importante no perder las capacidades que tiene el DTN en su gran amplitud de aplicaciones, pensando incluso en \u00e1reas y tem\u00e1ticas a\u00fan no abordadas. La gesti\u00f3n del conocimiento es pilar fundamental para el fortalecimiento del DTN y, con ello, el apoyo institucional.<\/p>\n<p>El Departamento de Tecnolog\u00edas Nucleares  est\u00e1 dedicado a realizar investigaci\u00f3n y desarrollo (I+D), utilizando las diferentes tecnolog\u00edas nucleares disponibles, las que tienen aplicaci\u00f3n en distintos \u00e1mbitos del quehacer nacional. <\/p>\n<p>Los proyectos est\u00e1n enfocados en las siguientes l\u00edneas de investigaci\u00f3n:<\/p>\n<ul>\n<li><strong>Aplicaciones en sistemas biol\u00f3gicos no humanos<\/strong>: is\u00f3topos radiactivos y estables; irradiaci\u00f3n; e is\u00f3topos estables.<\/li>\n<li><strong>Aplicaciones en salud humana: irradiaci\u00f3n<\/strong>; is\u00f3topos radiactivos; is\u00f3topos estables; y radiof\u00e1rmacos.<\/li>\n<li><strong>Aplicaciones en hidrolog\u00eda<\/strong>: is\u00f3topos radiactivos e is\u00f3topos estables.<\/li>\n<li><strong>Contaminaci\u00f3n de suelos y agua<\/strong>: is\u00f3topos radiactivos.<\/li>\n<li><strong>Desarrollo de radiof\u00e1rmacos<\/strong>.<\/li>\n<\/ul>\n<p>El DTN se ha caracterizado por ejecutar proyectos conjuntos con instituciones y universidades, financiados por el Organismo Internacional de Energ\u00eda At\u00f3mica (OIEA). <\/p>\n<p>Actualmente,  ejecuta los siguientes proyectos: <\/p>\n<ol>\n<li>\u201cEvaluaci\u00f3n de la radio-h\u00f3rmesis como metodolog\u00eda para el mejoramiento de par\u00e1metros de crecimiento en las especies Eucalyptus nitens y Peumus boldus\u201d. <\/li>\n<li>\u201cAplicaci\u00f3n de tecnolog\u00eda nuclear en la inocuidad alimentaria: estudio exploratorio para la eliminaci\u00f3n de micotoxinas en alimentos mediante radiaci\u00f3n gamma\u201d. <\/li>\n<li>\u201cStudy, optimization and irradiation conditions in bones, causing minimal structural damage. Determination of expiration time of irradiated skin tissue preserved at refrigeration temperature\u201d. <\/li>\n<li>\u201cAumento del rendimiento y del potencial comercial de los cultivos de importancia econ\u00f3mica\u201d. <\/li>\n<li>\u201cDesarrollo de una metodolog\u00eda para la determinaci\u00f3n de is\u00f3topos estables de zinc mediante ICPMS para su aplicaci\u00f3n en estudios nutricionales y medicina\u201d. <\/li>\n<li>\u201cEvaluaci\u00f3n de componentes de aerosoles atmosf\u00e9ricos en \u00e1reas urbanas para mejorar la gesti\u00f3n de la contaminaci\u00f3n del aire y de cambio clim\u00e1tico\u201d.<\/li>\n<li>\u201cUtilizaci\u00f3n de t\u00e9cnicas nucleares en apoyo de la conservaci\u00f3n y la preservaci\u00f3n de objetos del patrimonio cultural\u201d.<\/li>\n<li>\u201cEmisiones de gases NH3, N2O, CH4 y CO2 en cultivo de ma\u00edz con fuentes de fertilizante nitrogenado utilizando t\u00e9cnicas isot\u00f3picas\u201d.<\/li>\n<li>\u201cMejora de las pr\u00e1cticas de fertilizaci\u00f3n en los cultivos mediante el uso de genotipos eficientes, macronutrientes y bacterias promotoras del crecimiento de las plantas\u201d.<\/li>\n<li>\u201cBases metodol\u00f3gicas para una evaluaci\u00f3n piloto epidemiol\u00f3gica ambiental, entre anomal\u00edas geoqu\u00edmicas en suelos de la Regi\u00f3n de O&#8217;Higgins y su asociaci\u00f3n con la mortalidad por enfermedades cr\u00f3nicas no transmisibles\u201d.<\/li>\n<\/ol>\n","protected":false},"excerpt":{"rendered":"<p>El Departamento de Tecnolog\u00edas Nucleares (DTN) tiene como objetivo principal identificar, preparar, presentar y desarrollar proyectos de I+D+i para dar respuestas y soluciones a problemas o demandas en el \u00e1mbito p\u00fablico\/privado, por medio de convenios nacionales e internacionales, donde el uso y aplicaci\u00f3n de metodolog\u00edas y t\u00e9cnicas isot\u00f3picas -complementadas a las convencionales- permiten fortalecer el&#8230; <a class=\"read-more\" href=\"https:\/\/www.cchen.cl\/?page_id=2967\">Leer m\u00e1s >><\/a><\/p>\n","protected":false},"author":3,"featured_media":0,"parent":2961,"menu_order":0,"comment_status":"closed","ping_status":"closed","template":"InvDesarrollo-interior.php","meta":{"footnotes":"","_links_to":"","_links_to_target":""},"class_list":["post-2967","page","type-page","status-publish","hentry"],"_links":{"self":[{"href":"https:\/\/www.cchen.cl\/index.php?rest_route=\/wp\/v2\/pages\/2967","targetHints":{"allow":["GET"]}}],"collection":[{"href":"https:\/\/www.cchen.cl\/index.php?rest_route=\/wp\/v2\/pages"}],"about":[{"href":"https:\/\/www.cchen.cl\/index.php?rest_route=\/wp\/v2\/types\/page"}],"author":[{"embeddable":true,"href":"https:\/\/www.cchen.cl\/index.php?rest_route=\/wp\/v2\/users\/3"}],"replies":[{"embeddable":true,"href":"https:\/\/www.cchen.cl\/index.php?rest_route=%2Fwp%2Fv2%2Fcomments&post=2967"}],"version-history":[{"count":3,"href":"https:\/\/www.cchen.cl\/index.php?rest_route=\/wp\/v2\/pages\/2967\/revisions"}],"predecessor-version":[{"id":4155,"href":"https:\/\/www.cchen.cl\/index.php?rest_route=\/wp\/v2\/pages\/2967\/revisions\/4155"}],"up":[{"embeddable":true,"href":"https:\/\/www.cchen.cl\/index.php?rest_route=\/wp\/v2\/pages\/2961"}],"wp:attachment":[{"href":"https:\/\/www.cchen.cl\/index.php?rest_route=%2Fwp%2Fv2%2Fmedia&parent=2967"}],"curies":[{"name":"wp","href":"https:\/\/api.w.org\/{rel}","templated":true}]}}