{"id":2973,"date":"2019-02-07T09:48:49","date_gmt":"2019-02-07T13:48:49","guid":{"rendered":"https:\/\/www.cchen.cl\/?page_id=2973"},"modified":"2019-04-26T10:43:05","modified_gmt":"2019-04-26T14:43:05","slug":"redes-idi","status":"publish","type":"page","link":"https:\/\/www.cchen.cl\/?page_id=2973","title":{"rendered":"Redes I+D+i"},"content":{"rendered":"<p>La Divisi\u00f3n de Investigaci\u00f3n y Aplicaciones Nucleares tiene el deber de generar y mantener redes enfocadas en el I+D+i, con el objetivo de dar servicios y\/o buscar soluciones para las las diferentes necesidades que existen en la sociedad, relacionadas con el quehacer de la instituci\u00f3n. <\/p>\n<p>La articulaci\u00f3n de redes en la <abbr class='c2c-text-hover' title='Comisi\u00f3n Chilena de Energ\u00eda Nuclear.'>CCHEN<\/abbr> consiste en generar un mecanismo din\u00e1mico de cooperaci\u00f3n entre organizaciones e instituciones con el objetivo de complementarse para mejorar sus niveles de productividad y competitividad, realizando acciones colectivas y en conjunto. <\/p>\n<p>Para lo anterior la Comisi\u00f3n Chilena de Energ\u00eda Nuclear identifica y clasifica a las partes interesadas en las siguientes categor\u00edas:<\/p>\n<ol>\n<li><strong>Sector Salud Humana:<\/strong> esta \u00e1rea est\u00e1 particularmente relacionada con la producci\u00f3n de radiof\u00e1rmacos, seguridad radiol\u00f3gica y metrolog\u00eda de radiaciones ionizantes. <\/li>\n<li><strong>Sector Sustentabilidad y Alimentos:<\/strong> este segmento incluye instituciones pertenecientes a los Ministerios de Agricultura, Econom\u00eda, Salud y Medioambiente.<\/li>\n<li><strong>Sector Miner\u00eda e Industria:<\/strong> involucra instituciones p\u00fablicas y privadas del rubro. <\/li>\n<li><strong>Sector Energ\u00eda:<\/strong> principalmente con el Ministerio de Energ\u00eda y sus servicios. <\/li>\n<li><strong>Organismos internacionales:<\/strong> La Agencia Internacional de Energ\u00eda At\u00f3mica (IAEA, por sus siglas en ingl\u00e9s) mantiene una estrecha relaci\u00f3n con la CChEN, lo que ha permitido el financiamiento de numerosos de proyectos concursables, dentro de los cuales se encuentran actividades de I+D e infraestructura, adem\u00e1s de charlas y seminarios.<\/li>\n<li><strong>Universidades y Centros Tecnol\u00f3gicos:<\/strong> La <abbr class='c2c-text-hover' title='Comisi\u00f3n Chilena de Energ\u00eda Nuclear.'>CCHEN<\/abbr>, en su af\u00e1n por expandir las capacidades cient\u00edficas y tecnol\u00f3gicas, el acceso a nuevo conocimiento y promover el desarrollo de las tecnolog\u00edas nucleares, se relaciona con distintas universidades y centros de estudio, a trav\u00e9s de, principalmente, dos actividades clave: la formaci\u00f3n de capital humano avanzado y los proyectos de investigaci\u00f3n conjunta.<\/li>\n<\/ol>\n<p>La investigaci\u00f3n, desarrollo e innovaci\u00f3n(I+D+i) que lleva a cabo la Comisi\u00f3n Chilena de Energ\u00eda Nuclear se financia en parte del presupuesto institucional, adem\u00e1s de la atracci\u00f3n de fondos p\u00fablicos y privados, nacionales e internacionales, para el desarrollo de proyectos alineados con las \u00e1reas de inter\u00e9s de la CChEN para el aporte al pa\u00eds, las cuales son:<\/p>\n<ul>\n<li>Salud humana\n<li>Medio ambiente\n<li>Miner\u00eda e industria\n<li>Litio\n<li>Nucleoelectricidad\n<li>Capacidades Transversales <\/li>\n<\/ul>\n","protected":false},"excerpt":{"rendered":"<p>La Divisi\u00f3n de Investigaci\u00f3n y Aplicaciones Nucleares tiene el deber de generar y mantener redes enfocadas en el I+D+i, con el objetivo de dar servicios y\/o buscar soluciones para las las diferentes necesidades que existen en la sociedad, relacionadas con el quehacer de la instituci\u00f3n. La articulaci\u00f3n de redes en la <abbr class='c2c-text-hover' title='Comisi\u00f3n Chilena de Energ\u00eda Nuclear.'>CCHEN<\/abbr> consiste en generar&#8230; <a class=\"read-more\" href=\"https:\/\/www.cchen.cl\/?page_id=2973\">Leer m\u00e1s >><\/a><\/p>\n","protected":false},"author":3,"featured_media":0,"parent":26,"menu_order":0,"comment_status":"closed","ping_status":"closed","template":"InvDesarrollo-interior.php","meta":{"footnotes":"","_links_to":"","_links_to_target":""},"class_list":["post-2973","page","type-page","status-publish","hentry"],"_links":{"self":[{"href":"https:\/\/www.cchen.cl\/index.php?rest_route=\/wp\/v2\/pages\/2973","targetHints":{"allow":["GET"]}}],"collection":[{"href":"https:\/\/www.cchen.cl\/index.php?rest_route=\/wp\/v2\/pages"}],"about":[{"href":"https:\/\/www.cchen.cl\/index.php?rest_route=\/wp\/v2\/types\/page"}],"author":[{"embeddable":true,"href":"https:\/\/www.cchen.cl\/index.php?rest_route=\/wp\/v2\/users\/3"}],"replies":[{"embeddable":true,"href":"https:\/\/www.cchen.cl\/index.php?rest_route=%2Fwp%2Fv2%2Fcomments&post=2973"}],"version-history":[{"count":3,"href":"https:\/\/www.cchen.cl\/index.php?rest_route=\/wp\/v2\/pages\/2973\/revisions"}],"predecessor-version":[{"id":4306,"href":"https:\/\/www.cchen.cl\/index.php?rest_route=\/wp\/v2\/pages\/2973\/revisions\/4306"}],"up":[{"embeddable":true,"href":"https:\/\/www.cchen.cl\/index.php?rest_route=\/wp\/v2\/pages\/26"}],"wp:attachment":[{"href":"https:\/\/www.cchen.cl\/index.php?rest_route=%2Fwp%2Fv2%2Fmedia&parent=2973"}],"curies":[{"name":"wp","href":"https:\/\/api.w.org\/{rel}","templated":true}]}}