{"id":298,"date":"2018-08-20T14:22:49","date_gmt":"2018-08-20T18:22:49","guid":{"rendered":"http:\/\/nueva.cchen.cl\/?page_id=298"},"modified":"2019-03-15T10:47:15","modified_gmt":"2019-03-15T14:47:15","slug":"francia","status":"publish","type":"page","link":"https:\/\/www.cchen.cl\/?page_id=298","title":{"rendered":"Francia"},"content":{"rendered":"<figure id=\"attachment_726\" aria-describedby=\"caption-attachment-726\" style=\"width: 350px\" class=\"wp-caption alignright\"><img decoding=\"async\" class=\"wp-image-726 size-full\" src=\"https:\/\/www.cchen.cl\/wp-content\/uploads\/2018\/12\/francia-e1552660914462.png\" alt=\"N\u00famero de reactores en el mundo\" \/><figcaption id=\"caption-attachment-726\" class=\"wp-caption-text\">N\u00famero de reactores en el mundo<\/figcaption><\/figure>\n<ul>\n<li>Francia obtiene aproximadamente el 75% de la electricidad que requiere a partir de energ\u00eda nuclear, gracias a una pol\u00edtica de larga data basada en la seguridad energ\u00e9tica, no obstante,  esta participaci\u00f3n podr\u00eda reducirse al 50% para 2035.<\/li>\n<li>Francia es el mayor exportador de electricidad del mundo dado el costo de generaci\u00f3n, lo que representa para la industria un ingreso de m\u00e1s de 3.000 millones de euros al a\u00f1o.<\/li>\n<li>El pa\u00eds ha sido muy activo en el desarrollo de la tecnolog\u00eda nuclear. Los reactores, y especialmente los productos y servicios de combustible, han sido una exportaci\u00f3n significativa, con lo que se ha logrado el 17% de la electricidad de Francia provenga de combustible nuclear reciclado.<\/li>\n<\/ul>\n<p>En 2016, la producci\u00f3n de electricidad en Francia se caracteriz\u00f3 por un 72% de energ\u00eda nuclear, 12% de hidroel\u00e9ctrica, 8% carb\u00f3n y gas,  y energ\u00eda solar y e\u00f3lica un 37,7%. <\/p>\n<p>Los 58 reactores operativos en Francia, est\u00e1n operados por la compa\u00f1\u00eda \u00c9lectricit\u00e9 de France (EDF, por sus siglas en franc\u00e9s), Esta condici\u00f3n, a\u00fan con la entrada de energ\u00edas renovables como solar y e\u00f3lica, no ha tenido efectos importantes de las tarifas minoristas o para la poblaci\u00f3n. <\/p>\n","protected":false},"excerpt":{"rendered":"<p>Francia obtiene aproximadamente el 75% de la electricidad que requiere a partir de energ\u00eda nuclear, gracias a una pol\u00edtica de larga data basada en la seguridad energ\u00e9tica, no obstante, esta participaci\u00f3n podr\u00eda reducirse al 50% para 2035. Francia es el mayor exportador de electricidad del mundo dado el costo de generaci\u00f3n, lo que representa para&#8230; <a class=\"read-more\" href=\"https:\/\/www.cchen.cl\/?page_id=298\">Leer m\u00e1s >><\/a><\/p>\n","protected":false},"author":3,"featured_media":0,"parent":279,"menu_order":0,"comment_status":"closed","ping_status":"closed","template":"nucleoelectricidad-interior.php","meta":{"footnotes":"","_links_to":"","_links_to_target":""},"class_list":["post-298","page","type-page","status-publish","hentry"],"_links":{"self":[{"href":"https:\/\/www.cchen.cl\/index.php?rest_route=\/wp\/v2\/pages\/298","targetHints":{"allow":["GET"]}}],"collection":[{"href":"https:\/\/www.cchen.cl\/index.php?rest_route=\/wp\/v2\/pages"}],"about":[{"href":"https:\/\/www.cchen.cl\/index.php?rest_route=\/wp\/v2\/types\/page"}],"author":[{"embeddable":true,"href":"https:\/\/www.cchen.cl\/index.php?rest_route=\/wp\/v2\/users\/3"}],"replies":[{"embeddable":true,"href":"https:\/\/www.cchen.cl\/index.php?rest_route=%2Fwp%2Fv2%2Fcomments&post=298"}],"version-history":[{"count":20,"href":"https:\/\/www.cchen.cl\/index.php?rest_route=\/wp\/v2\/pages\/298\/revisions"}],"predecessor-version":[{"id":3882,"href":"https:\/\/www.cchen.cl\/index.php?rest_route=\/wp\/v2\/pages\/298\/revisions\/3882"}],"up":[{"embeddable":true,"href":"https:\/\/www.cchen.cl\/index.php?rest_route=\/wp\/v2\/pages\/279"}],"wp:attachment":[{"href":"https:\/\/www.cchen.cl\/index.php?rest_route=%2Fwp%2Fv2%2Fmedia&parent=298"}],"curies":[{"name":"wp","href":"https:\/\/api.w.org\/{rel}","templated":true}]}}