{"id":308,"date":"2018-08-20T14:39:23","date_gmt":"2018-08-20T18:39:23","guid":{"rendered":"http:\/\/nueva.cchen.cl\/?page_id=308"},"modified":"2024-04-03T08:29:52","modified_gmt":"2024-04-03T12:29:52","slug":"productos","status":"publish","type":"page","link":"https:\/\/www.cchen.cl\/?page_id=308","title":{"rendered":"Productos"},"content":{"rendered":"<p>La Comisi\u00f3n Chilena de Energ\u00eda Nuclear desarrolla el proceso de producci\u00f3n y manufactura de productos destinados a cl\u00ednicas y hospitales de Santiago y Regiones, con el fin de ser utilizados en la medicina nuclear y de esta forma, promover una mejora en la salud y calidad de vida de las personas.<\/p>\n<p>Para realizaci\u00f3n de cotizaciones y\/o adquisici\u00f3n de nuestros productos y servicios, debe ingresar a <a href=\"https:\/\/negocios.cchen.cl\/portalcompras\/home.aspx\" target=\"_blank\" rel=\"noopener\">portal de negocios <abbr class='c2c-text-hover' title='Comisi\u00f3n Chilena de Energ\u00eda Nuclear.'>CCHEN<\/abbr><\/a><\/p>\n","protected":false},"excerpt":{"rendered":"<p>La Comisi\u00f3n Chilena de Energ\u00eda Nuclear desarrolla el proceso de producci\u00f3n y manufactura de productos destinados a cl\u00ednicas y hospitales de Santiago y Regiones, con el fin de ser utilizados en la medicina nuclear y de esta forma, promover una mejora en la salud y calidad de vida de las personas. Para realizaci\u00f3n de cotizaciones&#8230; <a class=\"read-more\" href=\"https:\/\/www.cchen.cl\/?page_id=308\">Leer m\u00e1s >><\/a><\/p>\n","protected":false},"author":3,"featured_media":0,"parent":22,"menu_order":0,"comment_status":"closed","ping_status":"closed","template":"productos-interior.php","meta":{"footnotes":"","_links_to":"","_links_to_target":""},"class_list":["post-308","page","type-page","status-publish","hentry"],"_links":{"self":[{"href":"https:\/\/www.cchen.cl\/index.php?rest_route=\/wp\/v2\/pages\/308","targetHints":{"allow":["GET"]}}],"collection":[{"href":"https:\/\/www.cchen.cl\/index.php?rest_route=\/wp\/v2\/pages"}],"about":[{"href":"https:\/\/www.cchen.cl\/index.php?rest_route=\/wp\/v2\/types\/page"}],"author":[{"embeddable":true,"href":"https:\/\/www.cchen.cl\/index.php?rest_route=\/wp\/v2\/users\/3"}],"replies":[{"embeddable":true,"href":"https:\/\/www.cchen.cl\/index.php?rest_route=%2Fwp%2Fv2%2Fcomments&post=308"}],"version-history":[{"count":4,"href":"https:\/\/www.cchen.cl\/index.php?rest_route=\/wp\/v2\/pages\/308\/revisions"}],"predecessor-version":[{"id":7922,"href":"https:\/\/www.cchen.cl\/index.php?rest_route=\/wp\/v2\/pages\/308\/revisions\/7922"}],"up":[{"embeddable":true,"href":"https:\/\/www.cchen.cl\/index.php?rest_route=\/wp\/v2\/pages\/22"}],"wp:attachment":[{"href":"https:\/\/www.cchen.cl\/index.php?rest_route=%2Fwp%2Fv2%2Fmedia&parent=308"}],"curies":[{"name":"wp","href":"https:\/\/api.w.org\/{rel}","templated":true}]}}