{"id":3099,"date":"2019-02-15T11:31:56","date_gmt":"2019-02-15T15:31:56","guid":{"rendered":"https:\/\/www.cchen.cl\/?page_id=3099"},"modified":"2023-02-09T08:26:16","modified_gmt":"2023-02-09T12:26:16","slug":"sede-amunategui","status":"publish","type":"page","link":"https:\/\/www.cchen.cl\/?page_id=3099","title":{"rendered":"Sede Amun\u00e1tegui"},"content":{"rendered":"<p><img decoding=\"async\" class=\"wp-image-726 size-full\" src=\"https:\/\/www.cchen.cl\/wp-content\/uploads\/2019\/02\/SEDE_CENTRAL_400.jpg\" alt=\"Sede Amun\u00e1tegui, Santiago Centro\" \/><\/p>\n<p>Sede Amun\u00e1tegui, Santiago Centro<\/p>\n<p>En diciembre de 1982, la <abbr class='c2c-text-hover' title='Comisi\u00f3n Chilena de Energ\u00eda Nuclear.'>CCHEN<\/abbr> adquiri\u00f3 un inmueble ubicado en la calle Amun\u00e1tegui 95, en el centro c\u00edvico de Santiago, a objeto de concentrar en \u00e9l las oficinas de las altas autoridades institucionales, oficinas asesoras y administrativas. El edificio requiri\u00f3 ser remodelado y acondicionado para cumplir las funcionalidades proyectadas. Fue inaugurado el 16 de julio de 1984.<\/p>\n<p><strong>Direcci\u00f3n:<br \/>\n<\/strong>Amun\u00e1tegui #95, Santiago, Regi\u00f3n Metropolitana<br \/>\nTel\u00e9fono: +56 2 24702500<\/p>\n<p><strong>Horario de atenci\u00f3n:<\/strong><br \/>\nLunes a jueves: 09:00 a 16:30 hrs.<br \/>\nViernes: 09:00 a 15:30 hrs.<\/p>\n<p><iframe loading=\"lazy\" style=\"border: 0; align: middle; padding-top: 20px; padding-bottom: 20px;\" src=\"https:\/\/www.google.com\/maps\/embed?pb=!1m18!1m12!1m3!1d3329.259201296957!2d-70.65814198426091!3d-33.44255290449415!2m3!1f0!2f0!3f0!3m2!1i1024!2i768!4f13.1!3m3!1m2!1s0x9662c5a6404f995d%3A0x722629db0945f5fc!2sHermanos+Amun%C3%A1tegui+95%2C+Santiago%2C+Regi%C3%B3n+Metropolitana!5e0!3m2!1ses!2scl!4v1550666591914\" width=\"100%\" height=\"500px\" frameborder=\"0\" allowfullscreen=\"allowfullscreen\"><\/iframe><\/p>\n","protected":false},"excerpt":{"rendered":"<p>Sede Amun\u00e1tegui, Santiago Centro En diciembre de 1982, la <abbr class='c2c-text-hover' title='Comisi\u00f3n Chilena de Energ\u00eda Nuclear.'>CCHEN<\/abbr> adquiri\u00f3 un inmueble ubicado en la calle Amun\u00e1tegui 95, en el centro c\u00edvico de Santiago, a objeto de concentrar en \u00e9l las oficinas de las altas autoridades institucionales, oficinas asesoras y administrativas. El edificio requiri\u00f3 ser remodelado y acondicionado para cumplir las funcionalidades proyectadas. Fue&#8230; <a class=\"read-more\" href=\"https:\/\/www.cchen.cl\/?page_id=3099\">Leer m\u00e1s >><\/a><\/p>\n","protected":false},"author":3,"featured_media":0,"parent":153,"menu_order":0,"comment_status":"closed","ping_status":"closed","template":"institucion-interior.php","meta":{"footnotes":"","_links_to":"","_links_to_target":""},"class_list":["post-3099","page","type-page","status-publish","hentry"],"_links":{"self":[{"href":"https:\/\/www.cchen.cl\/index.php?rest_route=\/wp\/v2\/pages\/3099","targetHints":{"allow":["GET"]}}],"collection":[{"href":"https:\/\/www.cchen.cl\/index.php?rest_route=\/wp\/v2\/pages"}],"about":[{"href":"https:\/\/www.cchen.cl\/index.php?rest_route=\/wp\/v2\/types\/page"}],"author":[{"embeddable":true,"href":"https:\/\/www.cchen.cl\/index.php?rest_route=\/wp\/v2\/users\/3"}],"replies":[{"embeddable":true,"href":"https:\/\/www.cchen.cl\/index.php?rest_route=%2Fwp%2Fv2%2Fcomments&post=3099"}],"version-history":[{"count":29,"href":"https:\/\/www.cchen.cl\/index.php?rest_route=\/wp\/v2\/pages\/3099\/revisions"}],"predecessor-version":[{"id":7144,"href":"https:\/\/www.cchen.cl\/index.php?rest_route=\/wp\/v2\/pages\/3099\/revisions\/7144"}],"up":[{"embeddable":true,"href":"https:\/\/www.cchen.cl\/index.php?rest_route=\/wp\/v2\/pages\/153"}],"wp:attachment":[{"href":"https:\/\/www.cchen.cl\/index.php?rest_route=%2Fwp%2Fv2%2Fmedia&parent=3099"}],"curies":[{"name":"wp","href":"https:\/\/api.w.org\/{rel}","templated":true}]}}