{"id":348,"date":"2018-08-21T08:39:32","date_gmt":"2018-08-21T12:39:32","guid":{"rendered":"http:\/\/nueva.cchen.cl\/?page_id=348"},"modified":"2024-04-03T08:30:44","modified_gmt":"2024-04-03T12:30:44","slug":"servicios","status":"publish","type":"page","link":"https:\/\/www.cchen.cl\/?page_id=348","title":{"rendered":"Servicios"},"content":{"rendered":"<p>La Comisi\u00f3n Chilena de Energ\u00eda Nuclear ofrece diversos servicios en \u00e1reas de Radiofarmacia, Irradiaci\u00f3n y Caracterizaci\u00f3n de Materiales, Protecci\u00f3n Radiol\u00f3gica y Seguridad Nuclear y Radiol\u00f3gica.<\/p>\n<p>Para realizaci\u00f3n de cotizaciones y\/o adquisici\u00f3n de nuestros productos y servicios, debe ingresar a <a href=\"https:\/\/negocios.cchen.cl\/portalcompras\/home.aspx\" target=\"_blank\" rel=\"noopener\">portal de negocios <abbr class='c2c-text-hover' title='Comisi\u00f3n Chilena de Energ\u00eda Nuclear.'>CCHEN<\/abbr><\/a><\/p>\n","protected":false},"excerpt":{"rendered":"<p>La Comisi\u00f3n Chilena de Energ\u00eda Nuclear ofrece diversos servicios en \u00e1reas de Radiofarmacia, Irradiaci\u00f3n y Caracterizaci\u00f3n de Materiales, Protecci\u00f3n Radiol\u00f3gica y Seguridad Nuclear y Radiol\u00f3gica. Para realizaci\u00f3n de cotizaciones y\/o adquisici\u00f3n de nuestros productos y servicios, debe ingresar a portal de negocios <abbr class='c2c-text-hover' title='Comisi\u00f3n Chilena de Energ\u00eda Nuclear.'>CCHEN<\/abbr><\/p>\n","protected":false},"author":3,"featured_media":0,"parent":22,"menu_order":0,"comment_status":"closed","ping_status":"closed","template":"productos-interior.php","meta":{"footnotes":"","_links_to":"","_links_to_target":""},"class_list":["post-348","page","type-page","status-publish","hentry"],"_links":{"self":[{"href":"https:\/\/www.cchen.cl\/index.php?rest_route=\/wp\/v2\/pages\/348","targetHints":{"allow":["GET"]}}],"collection":[{"href":"https:\/\/www.cchen.cl\/index.php?rest_route=\/wp\/v2\/pages"}],"about":[{"href":"https:\/\/www.cchen.cl\/index.php?rest_route=\/wp\/v2\/types\/page"}],"author":[{"embeddable":true,"href":"https:\/\/www.cchen.cl\/index.php?rest_route=\/wp\/v2\/users\/3"}],"replies":[{"embeddable":true,"href":"https:\/\/www.cchen.cl\/index.php?rest_route=%2Fwp%2Fv2%2Fcomments&post=348"}],"version-history":[{"count":5,"href":"https:\/\/www.cchen.cl\/index.php?rest_route=\/wp\/v2\/pages\/348\/revisions"}],"predecessor-version":[{"id":7923,"href":"https:\/\/www.cchen.cl\/index.php?rest_route=\/wp\/v2\/pages\/348\/revisions\/7923"}],"up":[{"embeddable":true,"href":"https:\/\/www.cchen.cl\/index.php?rest_route=\/wp\/v2\/pages\/22"}],"wp:attachment":[{"href":"https:\/\/www.cchen.cl\/index.php?rest_route=%2Fwp%2Fv2%2Fmedia&parent=348"}],"curies":[{"name":"wp","href":"https:\/\/api.w.org\/{rel}","templated":true}]}}