{"id":355,"date":"2018-08-21T08:49:34","date_gmt":"2018-08-21T12:49:34","guid":{"rendered":"http:\/\/nueva.cchen.cl\/?page_id=355"},"modified":"2018-11-27T08:51:14","modified_gmt":"2018-11-27T12:51:14","slug":"servicios-de-proteccion-radiologica","status":"publish","type":"page","link":"https:\/\/www.cchen.cl\/?page_id=355","title":{"rendered":"Servicios de Protecci\u00f3n Radiol\u00f3gica"},"content":{"rendered":"<p><strong>AN\u00c1LISIS RADIOL\u00d3GICO<\/strong><\/p>\n<table class=\"table table-light table-hover\">\n<thead>\n<tr>\n<th>Categor\u00eda<\/th>\n<th>Nombre<\/th>\n<\/tr>\n<\/thead>\n<tbody>\n<tr>\n<td>An\u00e1lisis Radiol\u00f3gico<\/td>\n<td>AN\u00c1LISIS RADIOL\u00d3GICO SEG\u00daN TABLA 6 DE LA NORMA CHILENA PARA AGUA POTABLE(NCH409\/1)<\/td>\n<\/tr>\n<tr>\n<td>An\u00e1lisis Radiol\u00f3gico<\/td>\n<td>AN\u00c1LISIS RADIOL\u00d3GICO DE CS-137 EN ALIMENTOS Y ADITIVOS ALIMENTARIOS POR ESPECTROMETR\u00cdA GAMMA<\/td>\n<\/tr>\n<tr>\n<td>An\u00e1lisis Radiol\u00f3gico<\/td>\n<td>AN\u00c1LISIS RADIOL\u00d3GICO A MUESTRAS DE FROTIS Y TEST DE HERMETICIDAD<\/td>\n<\/tr>\n<tr>\n<td>An\u00e1lisis Radiol\u00f3gico<\/td>\n<td>CARACTERIZACI\u00d3N RADIOL\u00d3GICA DE MUESTRAS (COMBUSTIBLE ALTERNATIVO, LODO, CHATARRA, ENTRE OTROS)<\/td>\n<\/tr>\n<tr>\n<td>An\u00e1lisis Radiol\u00f3gico<\/td>\n<td>CALIDAD RADIOL\u00d3GICA EN CHATARRA Y SIMILARES U OTROS (NO PARA EXPORTACI\u00d3N)<\/td>\n<\/tr>\n<tr>\n<td>An\u00e1lisis Radiol\u00f3gico<\/td>\n<td>AN\u00c1LISIS RADIOL\u00d3GICO DE SR 90<\/td>\n<\/tr>\n<\/tbody>\n<\/table>\n","protected":false},"excerpt":{"rendered":"<p>AN\u00c1LISIS RADIOL\u00d3GICO Categor\u00eda Nombre An\u00e1lisis Radiol\u00f3gico AN\u00c1LISIS RADIOL\u00d3GICO SEG\u00daN TABLA 6 DE LA NORMA CHILENA PARA AGUA POTABLE(NCH409\/1) An\u00e1lisis Radiol\u00f3gico AN\u00c1LISIS RADIOL\u00d3GICO DE CS-137 EN ALIMENTOS Y ADITIVOS ALIMENTARIOS POR ESPECTROMETR\u00cdA GAMMA An\u00e1lisis Radiol\u00f3gico AN\u00c1LISIS RADIOL\u00d3GICO A MUESTRAS DE FROTIS Y TEST DE HERMETICIDAD An\u00e1lisis Radiol\u00f3gico CARACTERIZACI\u00d3N RADIOL\u00d3GICA DE MUESTRAS (COMBUSTIBLE ALTERNATIVO, LODO, CHATARRA, ENTRE&#8230; <a class=\"read-more\" href=\"https:\/\/www.cchen.cl\/?page_id=355\">Leer m\u00e1s >><\/a><\/p>\n","protected":false},"author":3,"featured_media":0,"parent":348,"menu_order":0,"comment_status":"closed","ping_status":"closed","template":"productos-interior.php","meta":{"footnotes":"","_links_to":"","_links_to_target":""},"class_list":["post-355","page","type-page","status-publish","hentry"],"_links":{"self":[{"href":"https:\/\/www.cchen.cl\/index.php?rest_route=\/wp\/v2\/pages\/355","targetHints":{"allow":["GET"]}}],"collection":[{"href":"https:\/\/www.cchen.cl\/index.php?rest_route=\/wp\/v2\/pages"}],"about":[{"href":"https:\/\/www.cchen.cl\/index.php?rest_route=\/wp\/v2\/types\/page"}],"author":[{"embeddable":true,"href":"https:\/\/www.cchen.cl\/index.php?rest_route=\/wp\/v2\/users\/3"}],"replies":[{"embeddable":true,"href":"https:\/\/www.cchen.cl\/index.php?rest_route=%2Fwp%2Fv2%2Fcomments&post=355"}],"version-history":[{"count":6,"href":"https:\/\/www.cchen.cl\/index.php?rest_route=\/wp\/v2\/pages\/355\/revisions"}],"predecessor-version":[{"id":2357,"href":"https:\/\/www.cchen.cl\/index.php?rest_route=\/wp\/v2\/pages\/355\/revisions\/2357"}],"up":[{"embeddable":true,"href":"https:\/\/www.cchen.cl\/index.php?rest_route=\/wp\/v2\/pages\/348"}],"wp:attachment":[{"href":"https:\/\/www.cchen.cl\/index.php?rest_route=%2Fwp%2Fv2%2Fmedia&parent=355"}],"curies":[{"name":"wp","href":"https:\/\/api.w.org\/{rel}","templated":true}]}}