{"id":357,"date":"2018-08-21T08:50:16","date_gmt":"2018-08-21T12:50:16","guid":{"rendered":"http:\/\/nueva.cchen.cl\/?page_id=357"},"modified":"2018-11-27T09:19:52","modified_gmt":"2018-11-27T13:19:52","slug":"seguridad-nuclear-y-radiologica","status":"publish","type":"page","link":"https:\/\/www.cchen.cl\/?page_id=357","title":{"rendered":"Seguridad Nuclear y Radiol\u00f3gica"},"content":{"rendered":"<p><strong>LICENCIA CONSTRUCCI\u00d3N<\/strong><\/p>\n<table class=\"table table-light table-hover\">\n<thead>\n<tr>\n<th>Categor\u00eda<\/th>\n<th>Nombre<\/th>\n<\/tr>\n<\/thead>\n<tbody>\n<tr>\n<td>Licencia<\/td>\n<td>Construcci\u00f3n FI &#8211; Bunker radiograf\u00eda o gammagraf\u00eda industrial<\/td>\n<\/tr>\n<tr>\n<td>Licencia<\/td>\n<td>Construcci\u00f3n FM &#8211; Bunker para terapia m\u00e9dica<\/td>\n<\/tr>\n<tr>\n<td>Licencia<\/td>\n<td>Construcci\u00f3n DI DM DD &#8211; Dependencia de almacenamiento (industriales, m\u00e9dicas, desechos)\n<\/td>\n<\/tr>\n<tr>\n<td>Licencia<\/td>\n<td>Construcci\u00f3n HM &#8211; Hospitalizaci\u00f3n braquiterapia por sala<\/td>\n<\/tr>\n<tr>\n<td>Licencia<\/td>\n<td>Construcci\u00f3n MN LT DF &#8211; Laboratorio de alta radiotoxicidad (medicina nuclear, laboratorio industrial)\n<\/td>\n<\/tr>\n<tr>\n<td>Licencia<\/td>\n<td>Construcci\u00f3n BC, BI, BS braquiterapia manual diferida<\/td>\n<\/tr>\n<\/tbody>\n<\/table>\n<p><strong>LICENCIA OPERACI\u00d3N<\/strong><\/p>\n<table class=\"table table-light table-hover\">\n<thead>\n<tr>\n<th>Categor\u00eda<\/th>\n<th>Nombre<\/th>\n<\/tr>\n<\/thead>\n<tbody>\n<tr>\n<td>Licencia<\/td>\n<td>Operaci\u00f3n MN LT DF &#8211; Laboratorio de alta radiotoxicidad (medicina nuclear, laboratorio industrial)\n<\/td>\n<\/tr>\n<tr>\n<td>Licencia<\/td>\n<td>Operaci\u00f3n TI &#8211; Transferencia anual fuentes no selladas por instituci\u00f3n<\/td>\n<\/tr>\n<tr>\n<td>Licencia<\/td>\n<td>Operaci\u00f3n transferencia de fuentes selladas<\/td>\n<\/tr>\n<tr>\n<td>Licencia<\/td>\n<td>Operaci\u00f3n IB irradiador auto-blindado<\/td>\n<\/tr>\n<tr>\n<td>Licencia<\/td>\n<td>Operaci\u00f3n DI DM DD &#8211; Dependencia de almacenamiento (industriales, m\u00e9dicas, desechos)<\/td>\n<\/tr>\n<tr>\n<td>Licencia<\/td>\n<td>Operaci\u00f3n FI &#8211; Bunker radiograf\u00eda o gammagraf\u00eda industrial<\/td>\n<\/tr>\n<tr>\n<td>Licencia<\/td>\n<td>Operaci\u00f3n FM &#8211; Bunker para terapia m\u00e9dica<\/td>\n<\/tr>\n<tr>\n<td>Licencia<\/td>\n<td>Operaci\u00f3n BC, BI, BS Braquiterapia manual diferida<\/td>\n<\/tr>\n<tr>\n<td>Licencia<\/td>\n<td>Operaci\u00f3n GC, GI, &#8211; Equipo port\u00e1til gammagraf\u00eda<\/td>\n<\/tr>\n<tr>\n<td>Licencia<\/td>\n<td>Operaci\u00f3n GW &#8211; Equipo Crawler incluye testigos<\/td>\n<\/tr>\n<tr>\n<td>Licencia<\/td>\n<td>Operaci\u00f3n BA, CM, GK, IB, RM &#8211; Teleterapia (cobaltoterapia, aceleradores lineales, gamma knife, braquiterapia remota)<\/td>\n<\/tr>\n<tr>\n<td>Licencia<\/td>\n<td>Operaci\u00f3n RM, Radioterapia (valor por m\u00e1quina)<\/td>\n<\/tr>\n<tr>\n<td>Licencia<\/td>\n<td>Operaci\u00f3n AB, acelerador lineal uso m\u00e9dico hasta 6 mev<\/td>\n<\/tr>\n<tr>\n<td>Licencia<\/td>\n<td>Operaci\u00f3n AD, acelerador lineal uso m\u00e9dico m\u00e1s de 6 mev<\/td>\n<\/tr>\n<tr>\n<td>Licencia<\/td>\n<td>Operaci\u00f3n AC, acelerador ciclotr\u00f3n producci\u00f3n de radiois\u00f3topos<\/td>\n<\/tr>\n<tr>\n<td>Licencia<\/td>\n<td>Operaci\u00f3n AI, acelerador de uso industrial<\/td>\n<\/tr>\n<tr>\n<td>Licencia<\/td>\n<td>Operaci\u00f3n GK, Gamma knife<\/td>\n<\/tr>\n<tr>\n<td>Licencia<\/td>\n<td>Operaci\u00f3n BA, Braquiterapia de alta tasa de dosis o remota<\/td>\n<\/tr>\n<tr>\n<td>Licencia<\/td>\n<td>Operaci\u00f3n XI &#8211; Equipo port\u00e1til radiograf\u00eda industrial<\/td>\n<\/tr>\n<tr>\n<td>Licencia<\/td>\n<td>Operaci\u00f3n ID, EX, CC &#8211; Importaci\u00f3n, exportaci\u00f3n, certificados<\/td>\n<\/tr>\n<tr>\n<td>Licencia<\/td>\n<td>Operaci\u00f3n IA EA &#8211; Importaci\u00f3n anual, exportaci\u00f3n anual. Expediciones peri\u00f3dicas. Operaci\u00f3n por embarque<\/td>\n<\/tr>\n<\/tbody>\n<\/table>\n<p><strong>LICENCIA TRANSPORTE<\/strong><\/p>\n<table class=\"table table-light table-hover\">\n<thead>\n<tr>\n<th>Categor\u00eda<\/th>\n<th>Nombre<\/th>\n<\/tr>\n<\/thead>\n<tbody>\n<tr>\n<td>Licencia<\/td>\n<td>TA &#8211; Transporte anual<\/td>\n<\/tr>\n<tr>\n<td>Licencia<\/td>\n<td>TU- Transporte por una vez<\/td>\n<\/tr>\n<tr>\n<td>Licencia<\/td>\n<td>Transferencia mutua<\/td>\n<\/tr>\n<\/tbody>\n<\/table>\n","protected":false},"excerpt":{"rendered":"<p>LICENCIA CONSTRUCCI\u00d3N Categor\u00eda Nombre Licencia Construcci\u00f3n FI &#8211; Bunker radiograf\u00eda o gammagraf\u00eda industrial Licencia Construcci\u00f3n FM &#8211; Bunker para terapia m\u00e9dica Licencia Construcci\u00f3n DI DM DD &#8211; Dependencia de almacenamiento (industriales, m\u00e9dicas, desechos) Licencia Construcci\u00f3n HM &#8211; Hospitalizaci\u00f3n braquiterapia por sala Licencia Construcci\u00f3n MN LT DF &#8211; Laboratorio de alta radiotoxicidad (medicina nuclear, laboratorio industrial)&#8230; <a class=\"read-more\" href=\"https:\/\/www.cchen.cl\/?page_id=357\">Leer m\u00e1s >><\/a><\/p>\n","protected":false},"author":3,"featured_media":0,"parent":348,"menu_order":0,"comment_status":"closed","ping_status":"closed","template":"productos-interior.php","meta":{"footnotes":"","_links_to":"","_links_to_target":""},"class_list":["post-357","page","type-page","status-publish","hentry"],"_links":{"self":[{"href":"https:\/\/www.cchen.cl\/index.php?rest_route=\/wp\/v2\/pages\/357","targetHints":{"allow":["GET"]}}],"collection":[{"href":"https:\/\/www.cchen.cl\/index.php?rest_route=\/wp\/v2\/pages"}],"about":[{"href":"https:\/\/www.cchen.cl\/index.php?rest_route=\/wp\/v2\/types\/page"}],"author":[{"embeddable":true,"href":"https:\/\/www.cchen.cl\/index.php?rest_route=\/wp\/v2\/users\/3"}],"replies":[{"embeddable":true,"href":"https:\/\/www.cchen.cl\/index.php?rest_route=%2Fwp%2Fv2%2Fcomments&post=357"}],"version-history":[{"count":27,"href":"https:\/\/www.cchen.cl\/index.php?rest_route=\/wp\/v2\/pages\/357\/revisions"}],"predecessor-version":[{"id":2359,"href":"https:\/\/www.cchen.cl\/index.php?rest_route=\/wp\/v2\/pages\/357\/revisions\/2359"}],"up":[{"embeddable":true,"href":"https:\/\/www.cchen.cl\/index.php?rest_route=\/wp\/v2\/pages\/348"}],"wp:attachment":[{"href":"https:\/\/www.cchen.cl\/index.php?rest_route=%2Fwp%2Fv2%2Fmedia&parent=357"}],"curies":[{"name":"wp","href":"https:\/\/api.w.org\/{rel}","templated":true}]}}